{"id":6519,"date":"2023-10-17T11:08:20","date_gmt":"2023-10-17T09:08:20","guid":{"rendered":"https:\/\/legrenierdelatour.be\/brocante\/?post_type=product&#038;p=6519"},"modified":"2023-10-17T11:08:20","modified_gmt":"2023-10-17T09:08:20","slug":"vase-multiple-en-metal","status":"publish","type":"product","link":"https:\/\/legrenierdelatour.be\/brocante\/produit\/vase-multiple-en-metal\/","title":{"rendered":"Vase multiple en m\u00e9tal"},"content":{"rendered":"<p>Vase multiple \u00e0 4 soliflores en m\u00e9tal (28 cm de long \/ 16,5 cm de haut). L\u2019ensemble est en m\u00e9tal de couleur argent\u00e9e et brillante (poli). Tr\u00e8s lourd, ce vase a \u00e9t\u00e9 coul\u00e9 d\u2019une seule pi\u00e8ce et date sans doute des ann\u00e9es 2000. Il ne porte pas de marque de production.<\/p>\n<div>R\u00e9f 24.98<\/div>\n","protected":false},"excerpt":{"rendered":"<p>Vase multiple \u00e0 4 soliflores en m\u00e9tal (28 cm de long \/ 16,5 cm de haut). L\u2019ensemble est en m\u00e9tal de couleur argent\u00e9e et brillante (poli). Tr\u00e8s lourd, ce vase a \u00e9t\u00e9 coul\u00e9 d\u2019une seule pi\u00e8ce et date sans doute des ann\u00e9es 2000. Il ne porte pas de marque de production. R\u00e9f 24.98<\/p>\n","protected":false},"featured_media":6508,"comment_status":"open","ping_status":"closed","template":"","meta":{"neve_meta_sidebar":"","neve_meta_container":"","neve_meta_enable_content_width":"off","neve_meta_content_width":100,"neve_meta_title_alignment":"","neve_meta_author_avatar":"","neve_post_elements_order":"","neve_meta_disable_header":"","neve_meta_disable_footer":"","neve_meta_disable_title":""},"product_brand":[],"product_cat":[109],"product_tag":[],"class_list":{"0":"post-6519","1":"product","2":"type-product","3":"status-publish","4":"has-post-thumbnail","6":"product_cat-metal","8":"first","9":"instock","10":"shipping-taxable","11":"purchasable","12":"product-type-simple"},"_links":{"self":[{"href":"https:\/\/legrenierdelatour.be\/brocante\/wp-json\/wp\/v2\/product\/6519","targetHints":{"allow":["GET"]}}],"collection":[{"href":"https:\/\/legrenierdelatour.be\/brocante\/wp-json\/wp\/v2\/product"}],"about":[{"href":"https:\/\/legrenierdelatour.be\/brocante\/wp-json\/wp\/v2\/types\/product"}],"replies":[{"embeddable":true,"href":"https:\/\/legrenierdelatour.be\/brocante\/wp-json\/wp\/v2\/comments?post=6519"}],"wp:featuredmedia":[{"embeddable":true,"href":"https:\/\/legrenierdelatour.be\/brocante\/wp-json\/wp\/v2\/media\/6508"}],"wp:attachment":[{"href":"https:\/\/legrenierdelatour.be\/brocante\/wp-json\/wp\/v2\/media?parent=6519"}],"wp:term":[{"taxonomy":"product_brand","embeddable":true,"href":"https:\/\/legrenierdelatour.be\/brocante\/wp-json\/wp\/v2\/product_brand?post=6519"},{"taxonomy":"product_cat","embeddable":true,"href":"https:\/\/legrenierdelatour.be\/brocante\/wp-json\/wp\/v2\/product_cat?post=6519"},{"taxonomy":"product_tag","embeddable":true,"href":"https:\/\/legrenierdelatour.be\/brocante\/wp-json\/wp\/v2\/product_tag?post=6519"}],"curies":[{"name":"wp","href":"https:\/\/api.w.org\/{rel}","templated":true}]}}