{"id":6507,"date":"2023-10-17T11:06:27","date_gmt":"2023-10-17T09:06:27","guid":{"rendered":"https:\/\/legrenierdelatour.be\/brocante\/?post_type=product&#038;p=6507"},"modified":"2023-10-17T11:06:28","modified_gmt":"2023-10-17T09:06:28","slug":"vase-fat-lava-ruscha-361","status":"publish","type":"product","link":"https:\/\/legrenierdelatour.be\/brocante\/produit\/vase-fat-lava-ruscha-361\/","title":{"rendered":"Vase Fat lava, Ruscha 361?"},"content":{"rendered":"<p>Beau vase en gr\u00e8s (16 cm de haut) portant un num\u00e9ro de forme difficilement lisible 361? Il pourrait \u00eatre une production de la manufacture Ruscha (1900-1996) et en Allemagne de l\u2019Ouest. Il s\u2019agit peut-\u00eatre d\u2019un travail du designer Otto Gerharz (1951) connu pour ses enduits de Fat Lava.<\/p>\n<div>R\u00e9f 24.99<\/div>\n","protected":false},"excerpt":{"rendered":"<p>Beau vase en gr\u00e8s (16 cm de haut) portant un num\u00e9ro de forme difficilement lisible 361? Il pourrait \u00eatre une production de la manufacture Ruscha (1900-1996) et en Allemagne de l\u2019Ouest. Il s\u2019agit peut-\u00eatre d\u2019un travail du designer Otto Gerharz (1951) connu pour ses enduits de Fat Lava. R\u00e9f 24.99<\/p>\n","protected":false},"featured_media":6514,"comment_status":"open","ping_status":"closed","template":"","meta":{"neve_meta_sidebar":"","neve_meta_container":"","neve_meta_enable_content_width":"off","neve_meta_content_width":100,"neve_meta_title_alignment":"","neve_meta_author_avatar":"","neve_post_elements_order":"","neve_meta_disable_header":"","neve_meta_disable_footer":"","neve_meta_disable_title":""},"product_brand":[],"product_cat":[48,16,47],"product_tag":[50,113,28,49],"class_list":{"0":"post-6507","1":"product","2":"type-product","3":"status-publish","4":"has-post-thumbnail","6":"product_cat-allemagne","7":"product_cat-ceramique","8":"product_cat-west-germany","9":"product_tag-fat-lava","10":"product_tag-gres","11":"product_tag-vintage","12":"product_tag-west-germany","14":"first","15":"instock","16":"shipping-taxable","17":"purchasable","18":"product-type-simple"},"_links":{"self":[{"href":"https:\/\/legrenierdelatour.be\/brocante\/wp-json\/wp\/v2\/product\/6507","targetHints":{"allow":["GET"]}}],"collection":[{"href":"https:\/\/legrenierdelatour.be\/brocante\/wp-json\/wp\/v2\/product"}],"about":[{"href":"https:\/\/legrenierdelatour.be\/brocante\/wp-json\/wp\/v2\/types\/product"}],"replies":[{"embeddable":true,"href":"https:\/\/legrenierdelatour.be\/brocante\/wp-json\/wp\/v2\/comments?post=6507"}],"wp:featuredmedia":[{"embeddable":true,"href":"https:\/\/legrenierdelatour.be\/brocante\/wp-json\/wp\/v2\/media\/6514"}],"wp:attachment":[{"href":"https:\/\/legrenierdelatour.be\/brocante\/wp-json\/wp\/v2\/media?parent=6507"}],"wp:term":[{"taxonomy":"product_brand","embeddable":true,"href":"https:\/\/legrenierdelatour.be\/brocante\/wp-json\/wp\/v2\/product_brand?post=6507"},{"taxonomy":"product_cat","embeddable":true,"href":"https:\/\/legrenierdelatour.be\/brocante\/wp-json\/wp\/v2\/product_cat?post=6507"},{"taxonomy":"product_tag","embeddable":true,"href":"https:\/\/legrenierdelatour.be\/brocante\/wp-json\/wp\/v2\/product_tag?post=6507"}],"curies":[{"name":"wp","href":"https:\/\/api.w.org\/{rel}","templated":true}]}}