{"id":6494,"date":"2023-10-16T18:00:15","date_gmt":"2023-10-16T16:00:15","guid":{"rendered":"https:\/\/legrenierdelatour.be\/brocante\/?post_type=product&#038;p=6494"},"modified":"2023-10-16T18:02:37","modified_gmt":"2023-10-16T16:02:37","slug":"assiette-a-fleurs-vallauris","status":"publish","type":"product","link":"https:\/\/legrenierdelatour.be\/brocante\/produit\/assiette-a-fleurs-vallauris\/","title":{"rendered":"Assiette \u00e0 fleurs, Vallauris"},"content":{"rendered":"<p>Belle assiette d\u00e9corative (26 cm de diam\u00e8tre), sign\u00e9e \u00e0 l\u2019arri\u00e8re Vallauris et Oh. Elle porte un beau d\u00e9cor floral \u00e9maill\u00e9, dans les tons orang\u00e9s. Elle est en parfait \u00e9tat, elle peut \u00eatre suspendue et date sans doute des ann\u00e9es 1970.<\/p>\n<div>R\u00e9f 24.93<\/div>\n","protected":false},"excerpt":{"rendered":"<p>Belle assiette d\u00e9corative (26 cm de diam\u00e8tre), sign\u00e9e \u00e0 l\u2019arri\u00e8re Vallauris et Oh. Elle porte un beau d\u00e9cor floral \u00e9maill\u00e9, dans les tons orang\u00e9s. Elle est en parfait \u00e9tat, elle peut \u00eatre suspendue et date sans doute des ann\u00e9es 1970. R\u00e9f 24.93<\/p>\n","protected":false},"featured_media":6487,"comment_status":"open","ping_status":"closed","template":"","meta":{"neve_meta_sidebar":"","neve_meta_container":"","neve_meta_enable_content_width":"off","neve_meta_content_width":100,"neve_meta_title_alignment":"","neve_meta_author_avatar":"","neve_post_elements_order":"","neve_meta_disable_header":"","neve_meta_disable_footer":"","neve_meta_disable_title":""},"product_brand":[],"product_cat":[16,59,94],"product_tag":[19,95,28],"class_list":{"0":"post-6494","1":"product","2":"type-product","3":"status-publish","4":"has-post-thumbnail","6":"product_cat-ceramique","7":"product_cat-france","8":"product_cat-vallauris","9":"product_tag-faience","10":"product_tag-vallauris","11":"product_tag-vintage","13":"first","14":"instock","15":"shipping-taxable","16":"purchasable","17":"product-type-simple"},"_links":{"self":[{"href":"https:\/\/legrenierdelatour.be\/brocante\/wp-json\/wp\/v2\/product\/6494","targetHints":{"allow":["GET"]}}],"collection":[{"href":"https:\/\/legrenierdelatour.be\/brocante\/wp-json\/wp\/v2\/product"}],"about":[{"href":"https:\/\/legrenierdelatour.be\/brocante\/wp-json\/wp\/v2\/types\/product"}],"replies":[{"embeddable":true,"href":"https:\/\/legrenierdelatour.be\/brocante\/wp-json\/wp\/v2\/comments?post=6494"}],"wp:featuredmedia":[{"embeddable":true,"href":"https:\/\/legrenierdelatour.be\/brocante\/wp-json\/wp\/v2\/media\/6487"}],"wp:attachment":[{"href":"https:\/\/legrenierdelatour.be\/brocante\/wp-json\/wp\/v2\/media?parent=6494"}],"wp:term":[{"taxonomy":"product_brand","embeddable":true,"href":"https:\/\/legrenierdelatour.be\/brocante\/wp-json\/wp\/v2\/product_brand?post=6494"},{"taxonomy":"product_cat","embeddable":true,"href":"https:\/\/legrenierdelatour.be\/brocante\/wp-json\/wp\/v2\/product_cat?post=6494"},{"taxonomy":"product_tag","embeddable":true,"href":"https:\/\/legrenierdelatour.be\/brocante\/wp-json\/wp\/v2\/product_tag?post=6494"}],"curies":[{"name":"wp","href":"https:\/\/api.w.org\/{rel}","templated":true}]}}