{"id":6486,"date":"2023-10-11T19:49:51","date_gmt":"2023-10-11T17:49:51","guid":{"rendered":"https:\/\/legrenierdelatour.be\/brocante\/?post_type=product&#038;p=6486"},"modified":"2023-10-11T19:49:51","modified_gmt":"2023-10-11T17:49:51","slug":"masque-mural-cortendorf-1950","status":"publish","type":"product","link":"https:\/\/legrenierdelatour.be\/brocante\/produit\/masque-mural-cortendorf-1950\/","title":{"rendered":"Masque mural Cortendorf, 1950"},"content":{"rendered":"<p>Beau masque mural en fa\u00efence (29&#215;16 cm), marqu\u00e9 \u00e0 l\u2019arri\u00e8re \u00ab\u00a0Made in Western Germany\u00a0\u00bb et portant le num\u00e9ro de forme 3756. Il porte \u00e9galement une marque \u00a0Il est en parfait \u00e9tat. Il a \u00e9t\u00e9 produit par la manufacture Cortendorf RS Hamada (1890-1973, reprise par Goebel). Il date des ann\u00e9es 1958 (d\u00e9but de la production de masques)-1970.<\/p>\n<div>R\u00e9f 24.91<\/div>\n","protected":false},"excerpt":{"rendered":"<p>Beau masque mural en fa\u00efence (29&#215;16 cm), marqu\u00e9 \u00e0 l\u2019arri\u00e8re \u00ab\u00a0Made in Western Germany\u00a0\u00bb et portant le num\u00e9ro de forme 3756. Il porte \u00e9galement une marque \u00a0Il est en parfait \u00e9tat. Il a \u00e9t\u00e9 produit par la manufacture Cortendorf RS Hamada (1890-1973, reprise par Goebel). Il date des ann\u00e9es 1958 (d\u00e9but de la production de&hellip;&nbsp;<a href=\"https:\/\/legrenierdelatour.be\/brocante\/produit\/masque-mural-cortendorf-1950\/\" class=\"\" rel=\"bookmark\">Lire la suite &raquo;<span class=\"screen-reader-text\">Masque mural Cortendorf, 1950<\/span><\/a><\/p>\n","protected":false},"featured_media":6491,"comment_status":"open","ping_status":"closed","template":"","meta":{"neve_meta_sidebar":"","neve_meta_container":"","neve_meta_enable_content_width":"off","neve_meta_content_width":100,"neve_meta_title_alignment":"","neve_meta_author_avatar":"","neve_post_elements_order":"","neve_meta_disable_header":"","neve_meta_disable_footer":"","neve_meta_disable_title":""},"product_brand":[],"product_cat":[48,16,167,47],"product_tag":[79,28,49],"class_list":{"0":"post-6486","1":"product","2":"type-product","3":"status-publish","4":"has-post-thumbnail","6":"product_cat-allemagne","7":"product_cat-ceramique","8":"product_cat-peintures-et-sculptures","9":"product_cat-west-germany","10":"product_tag-art","11":"product_tag-vintage","12":"product_tag-west-germany","14":"first","15":"instock","16":"shipping-taxable","17":"purchasable","18":"product-type-simple"},"_links":{"self":[{"href":"https:\/\/legrenierdelatour.be\/brocante\/wp-json\/wp\/v2\/product\/6486","targetHints":{"allow":["GET"]}}],"collection":[{"href":"https:\/\/legrenierdelatour.be\/brocante\/wp-json\/wp\/v2\/product"}],"about":[{"href":"https:\/\/legrenierdelatour.be\/brocante\/wp-json\/wp\/v2\/types\/product"}],"replies":[{"embeddable":true,"href":"https:\/\/legrenierdelatour.be\/brocante\/wp-json\/wp\/v2\/comments?post=6486"}],"wp:featuredmedia":[{"embeddable":true,"href":"https:\/\/legrenierdelatour.be\/brocante\/wp-json\/wp\/v2\/media\/6491"}],"wp:attachment":[{"href":"https:\/\/legrenierdelatour.be\/brocante\/wp-json\/wp\/v2\/media?parent=6486"}],"wp:term":[{"taxonomy":"product_brand","embeddable":true,"href":"https:\/\/legrenierdelatour.be\/brocante\/wp-json\/wp\/v2\/product_brand?post=6486"},{"taxonomy":"product_cat","embeddable":true,"href":"https:\/\/legrenierdelatour.be\/brocante\/wp-json\/wp\/v2\/product_cat?post=6486"},{"taxonomy":"product_tag","embeddable":true,"href":"https:\/\/legrenierdelatour.be\/brocante\/wp-json\/wp\/v2\/product_tag?post=6486"}],"curies":[{"name":"wp","href":"https:\/\/api.w.org\/{rel}","templated":true}]}}