{"id":6481,"date":"2023-10-11T16:47:24","date_gmt":"2023-10-11T14:47:24","guid":{"rendered":"https:\/\/legrenierdelatour.be\/brocante\/?post_type=product&#038;p=6481"},"modified":"2023-10-11T16:47:24","modified_gmt":"2023-10-11T14:47:24","slug":"peinture-bonnert-1942-lucien-bidaine","status":"publish","type":"product","link":"https:\/\/legrenierdelatour.be\/brocante\/produit\/peinture-bonnert-1942-lucien-bidaine\/","title":{"rendered":"Peinture \u00ab\u00a0Bonnert 1942\u00a0\u00bb, Lucien Bidaine"},"content":{"rendered":"<p>Peinture d\u2019un paysage de Bonnert (33&#215;27 cm) sign\u00e9e et dat\u00e9e de 1942. Lucien Bidaine (1908 Arlon-1996 Arlon) a marqu\u00e9 la vie arlonaise par son activit\u00e9 au sein de l\u2019acad\u00e9mie des Beaux-arts d\u2019Arlon (directeur) o\u00f9 il enseigna de 1945 \u00e0 1976. Lui-m\u00eame avait acquis sa formation au sein de l\u2019atelier du peintre Henri logelain \u00e0 Bruxelles. D\u2019inspiration post-impressionniste, Bidaine exposa beaucoup \u00e0 Arlon et \u00e0 l\u2019\u00e9tranger. Il a surtout peint des paysages. Son atelier se trouvait Gd Place 31 \u00e0 Arlon. Il fut le ma\u00eetre de Maurice Mathias, entre autres.<\/p>\n<div>R\u00e9f 24.31<\/div>\n","protected":false},"excerpt":{"rendered":"<p>Peinture d\u2019un paysage de Bonnert (33&#215;27 cm) sign\u00e9e et dat\u00e9e de 1942. Lucien Bidaine (1908 Arlon-1996 Arlon) a marqu\u00e9 la vie arlonaise par son activit\u00e9 au sein de l\u2019acad\u00e9mie des Beaux-arts d\u2019Arlon (directeur) o\u00f9 il enseigna de 1945 \u00e0 1976. Lui-m\u00eame avait acquis sa formation au sein de l\u2019atelier du peintre Henri logelain \u00e0 Bruxelles.&hellip;&nbsp;<a href=\"https:\/\/legrenierdelatour.be\/brocante\/produit\/peinture-bonnert-1942-lucien-bidaine\/\" class=\"\" rel=\"bookmark\">Lire la suite &raquo;<span class=\"screen-reader-text\">Peinture \u00ab\u00a0Bonnert 1942\u00a0\u00bb, Lucien Bidaine<\/span><\/a><\/p>\n","protected":false},"featured_media":6482,"comment_status":"open","ping_status":"closed","template":"","meta":{"neve_meta_sidebar":"","neve_meta_container":"","neve_meta_enable_content_width":"off","neve_meta_content_width":100,"neve_meta_title_alignment":"","neve_meta_author_avatar":"","neve_post_elements_order":"","neve_meta_disable_header":"","neve_meta_disable_footer":"","neve_meta_disable_title":""},"product_brand":[],"product_cat":[30,31,167],"product_tag":[79,112],"class_list":{"0":"post-6481","1":"product","2":"type-product","3":"status-publish","4":"has-post-thumbnail","6":"product_cat-luxemburgensia","7":"product_cat-pays-darlon","8":"product_cat-peintures-et-sculptures","9":"product_tag-art","10":"product_tag-pays-darlon","12":"first","13":"instock","14":"shipping-taxable","15":"purchasable","16":"product-type-simple"},"_links":{"self":[{"href":"https:\/\/legrenierdelatour.be\/brocante\/wp-json\/wp\/v2\/product\/6481","targetHints":{"allow":["GET"]}}],"collection":[{"href":"https:\/\/legrenierdelatour.be\/brocante\/wp-json\/wp\/v2\/product"}],"about":[{"href":"https:\/\/legrenierdelatour.be\/brocante\/wp-json\/wp\/v2\/types\/product"}],"replies":[{"embeddable":true,"href":"https:\/\/legrenierdelatour.be\/brocante\/wp-json\/wp\/v2\/comments?post=6481"}],"wp:featuredmedia":[{"embeddable":true,"href":"https:\/\/legrenierdelatour.be\/brocante\/wp-json\/wp\/v2\/media\/6482"}],"wp:attachment":[{"href":"https:\/\/legrenierdelatour.be\/brocante\/wp-json\/wp\/v2\/media?parent=6481"}],"wp:term":[{"taxonomy":"product_brand","embeddable":true,"href":"https:\/\/legrenierdelatour.be\/brocante\/wp-json\/wp\/v2\/product_brand?post=6481"},{"taxonomy":"product_cat","embeddable":true,"href":"https:\/\/legrenierdelatour.be\/brocante\/wp-json\/wp\/v2\/product_cat?post=6481"},{"taxonomy":"product_tag","embeddable":true,"href":"https:\/\/legrenierdelatour.be\/brocante\/wp-json\/wp\/v2\/product_tag?post=6481"}],"curies":[{"name":"wp","href":"https:\/\/api.w.org\/{rel}","templated":true}]}}