{"id":648,"date":"2022-03-10T09:25:19","date_gmt":"2022-03-10T08:25:19","guid":{"rendered":"https:\/\/legrenierdelatour.be\/brocante\/?post_type=product&#038;p=648"},"modified":"2022-05-19T17:15:48","modified_gmt":"2022-05-19T15:15:48","slug":"sucrier-flamants-roses-johann-sellmann","status":"publish","type":"product","link":"https:\/\/legrenierdelatour.be\/brocante\/produit\/sucrier-flamants-roses-johann-sellmann\/","title":{"rendered":"Sucrier \u00ab\u00a0Flamants roses\u00a0\u00bb \u00a0Johann Sellmann"},"content":{"rendered":"<p>Petit sucrier en porcelaine, produit par la manufacture fond\u00e9e par Johann Seltmann \u00e0 Vohenstrauss en Allemagne en \u00a01901 (active jusqu\u2019en 1996). D\u2019apr\u00e8s le cachet, le sucrier daterait des ann\u00e9es autour de 1990. Haut de 12 cm avec couvercle, il est en parfait \u00e9tat.<\/p>\n<div>R\u00e9f 9.11<\/div>\n","protected":false},"excerpt":{"rendered":"<p>Petit sucrier en porcelaine, produit par la manufacture fond\u00e9e par Johann Seltmann \u00e0 Vohenstrauss en Allemagne en \u00a01901 (active jusqu\u2019en 1996). D\u2019apr\u00e8s le cachet, le sucrier daterait des ann\u00e9es autour de 1990. Haut de 12 cm avec couvercle, il est en parfait \u00e9tat. R\u00e9f 9.11<\/p>\n","protected":false},"featured_media":658,"comment_status":"open","ping_status":"closed","template":"","meta":{"neve_meta_sidebar":"","neve_meta_container":"","neve_meta_enable_content_width":"off","neve_meta_content_width":100,"neve_meta_title_alignment":"","neve_meta_author_avatar":"","neve_post_elements_order":"","neve_meta_disable_header":"","neve_meta_disable_footer":"","neve_meta_disable_title":""},"product_brand":[],"product_cat":[48,168,172,16],"product_tag":[28],"class_list":{"0":"post-648","1":"product","2":"type-product","3":"status-publish","4":"has-post-thumbnail","6":"product_cat-allemagne","7":"product_cat-bavaria","8":"product_cat-en-cuisine","9":"product_cat-ceramique","10":"product_tag-vintage","12":"first","13":"instock","14":"shipping-taxable","15":"purchasable","16":"product-type-simple"},"_links":{"self":[{"href":"https:\/\/legrenierdelatour.be\/brocante\/wp-json\/wp\/v2\/product\/648","targetHints":{"allow":["GET"]}}],"collection":[{"href":"https:\/\/legrenierdelatour.be\/brocante\/wp-json\/wp\/v2\/product"}],"about":[{"href":"https:\/\/legrenierdelatour.be\/brocante\/wp-json\/wp\/v2\/types\/product"}],"replies":[{"embeddable":true,"href":"https:\/\/legrenierdelatour.be\/brocante\/wp-json\/wp\/v2\/comments?post=648"}],"wp:featuredmedia":[{"embeddable":true,"href":"https:\/\/legrenierdelatour.be\/brocante\/wp-json\/wp\/v2\/media\/658"}],"wp:attachment":[{"href":"https:\/\/legrenierdelatour.be\/brocante\/wp-json\/wp\/v2\/media?parent=648"}],"wp:term":[{"taxonomy":"product_brand","embeddable":true,"href":"https:\/\/legrenierdelatour.be\/brocante\/wp-json\/wp\/v2\/product_brand?post=648"},{"taxonomy":"product_cat","embeddable":true,"href":"https:\/\/legrenierdelatour.be\/brocante\/wp-json\/wp\/v2\/product_cat?post=648"},{"taxonomy":"product_tag","embeddable":true,"href":"https:\/\/legrenierdelatour.be\/brocante\/wp-json\/wp\/v2\/product_tag?post=648"}],"curies":[{"name":"wp","href":"https:\/\/api.w.org\/{rel}","templated":true}]}}