{"id":6448,"date":"2023-09-29T18:08:20","date_gmt":"2023-09-29T16:08:20","guid":{"rendered":"https:\/\/legrenierdelatour.be\/brocante\/?post_type=product&#038;p=6448"},"modified":"2023-09-29T18:08:20","modified_gmt":"2023-09-29T16:08:20","slug":"plat-ovale-edelstein-bavaria","status":"publish","type":"product","link":"https:\/\/legrenierdelatour.be\/brocante\/produit\/plat-ovale-edelstein-bavaria\/","title":{"rendered":"Plat ovale Edelstein Bavaria"},"content":{"rendered":"<p>Beau plat ovale (25 cm de long) en porcelaine, issu de la manufacture Edelstein en Bavi\u00e8re, Allemagne. Ilporte le num\u00e9ro 18134 47 en encre dor\u00e9e. Le d\u00e9cor floral permet de dater cette porcelaine des ann\u00e9es 1950.<\/p>\n<div>R\u00e9f 24.83<\/div>\n","protected":false},"excerpt":{"rendered":"<p>Beau plat ovale (25 cm de long) en porcelaine, issu de la manufacture Edelstein en Bavi\u00e8re, Allemagne. Ilporte le num\u00e9ro 18134 47 en encre dor\u00e9e. Le d\u00e9cor floral permet de dater cette porcelaine des ann\u00e9es 1950. R\u00e9f 24.83<\/p>\n","protected":false},"featured_media":6449,"comment_status":"open","ping_status":"closed","template":"","meta":{"neve_meta_sidebar":"","neve_meta_container":"","neve_meta_enable_content_width":"off","neve_meta_content_width":100,"neve_meta_title_alignment":"","neve_meta_author_avatar":"","neve_post_elements_order":"","neve_meta_disable_header":"","neve_meta_disable_footer":"","neve_meta_disable_title":""},"product_brand":[],"product_cat":[48,168,172,16],"product_tag":[154,28],"class_list":{"0":"post-6448","1":"product","2":"type-product","3":"status-publish","4":"has-post-thumbnail","6":"product_cat-allemagne","7":"product_cat-bavaria","8":"product_cat-en-cuisine","9":"product_cat-ceramique","10":"product_tag-bavaria","11":"product_tag-vintage","13":"first","14":"instock","15":"shipping-taxable","16":"purchasable","17":"product-type-simple"},"_links":{"self":[{"href":"https:\/\/legrenierdelatour.be\/brocante\/wp-json\/wp\/v2\/product\/6448","targetHints":{"allow":["GET"]}}],"collection":[{"href":"https:\/\/legrenierdelatour.be\/brocante\/wp-json\/wp\/v2\/product"}],"about":[{"href":"https:\/\/legrenierdelatour.be\/brocante\/wp-json\/wp\/v2\/types\/product"}],"replies":[{"embeddable":true,"href":"https:\/\/legrenierdelatour.be\/brocante\/wp-json\/wp\/v2\/comments?post=6448"}],"wp:featuredmedia":[{"embeddable":true,"href":"https:\/\/legrenierdelatour.be\/brocante\/wp-json\/wp\/v2\/media\/6449"}],"wp:attachment":[{"href":"https:\/\/legrenierdelatour.be\/brocante\/wp-json\/wp\/v2\/media?parent=6448"}],"wp:term":[{"taxonomy":"product_brand","embeddable":true,"href":"https:\/\/legrenierdelatour.be\/brocante\/wp-json\/wp\/v2\/product_brand?post=6448"},{"taxonomy":"product_cat","embeddable":true,"href":"https:\/\/legrenierdelatour.be\/brocante\/wp-json\/wp\/v2\/product_cat?post=6448"},{"taxonomy":"product_tag","embeddable":true,"href":"https:\/\/legrenierdelatour.be\/brocante\/wp-json\/wp\/v2\/product_tag?post=6448"}],"curies":[{"name":"wp","href":"https:\/\/api.w.org\/{rel}","templated":true}]}}