{"id":6439,"date":"2023-09-29T15:53:33","date_gmt":"2023-09-29T13:53:33","guid":{"rendered":"https:\/\/legrenierdelatour.be\/brocante\/?post_type=product&#038;p=6439"},"modified":"2024-01-08T08:56:16","modified_gmt":"2024-01-08T07:56:16","slug":"statuette-jeune-fille-a-loiseau-tito-espagne","status":"publish","type":"product","link":"https:\/\/legrenierdelatour.be\/brocante\/produit\/statuette-jeune-fille-a-loiseau-tito-espagne\/","title":{"rendered":"Statuette Jeune fille \u00e0 l&rsquo;oiseau, Tito Espagne"},"content":{"rendered":"<p>Petite statuette (21,5 cm de haut) en porcelaine, sign\u00e9e Tito encreux et portant un cachet bleu \u00ab\u00a0Tito Made in Spain\u00a0\u00bb. Elle est en tr\u00e8s bon \u00e9tat. Elle est dans le style des statuettes de Lladro, Espagne \u00e9galement.<\/p>\n<div>R\u00e9f 24.79<\/div>\n","protected":false},"excerpt":{"rendered":"<p>Petite statuette (21,5 cm de haut) en porcelaine, sign\u00e9e Tito encreux et portant un cachet bleu \u00ab\u00a0Tito Made in Spain\u00a0\u00bb. Elle est en tr\u00e8s bon \u00e9tat. Elle est dans le style des statuettes de Lladro, Espagne \u00e9galement. R\u00e9f 24.79<\/p>\n","protected":false},"featured_media":6440,"comment_status":"open","ping_status":"closed","template":"","meta":{"neve_meta_sidebar":"","neve_meta_container":"","neve_meta_enable_content_width":"off","neve_meta_content_width":100,"neve_meta_title_alignment":"","neve_meta_author_avatar":"","neve_post_elements_order":"","neve_meta_disable_header":"","neve_meta_disable_footer":"","neve_meta_disable_title":""},"product_brand":[],"product_cat":[16,167],"product_tag":[79,74],"class_list":{"0":"post-6439","1":"product","2":"type-product","3":"status-publish","4":"has-post-thumbnail","6":"product_cat-ceramique","7":"product_cat-peintures-et-sculptures","8":"product_tag-art","9":"product_tag-porcelaine","11":"first","12":"instock","13":"shipping-taxable","14":"purchasable","15":"product-type-simple"},"_links":{"self":[{"href":"https:\/\/legrenierdelatour.be\/brocante\/wp-json\/wp\/v2\/product\/6439","targetHints":{"allow":["GET"]}}],"collection":[{"href":"https:\/\/legrenierdelatour.be\/brocante\/wp-json\/wp\/v2\/product"}],"about":[{"href":"https:\/\/legrenierdelatour.be\/brocante\/wp-json\/wp\/v2\/types\/product"}],"replies":[{"embeddable":true,"href":"https:\/\/legrenierdelatour.be\/brocante\/wp-json\/wp\/v2\/comments?post=6439"}],"wp:featuredmedia":[{"embeddable":true,"href":"https:\/\/legrenierdelatour.be\/brocante\/wp-json\/wp\/v2\/media\/6440"}],"wp:attachment":[{"href":"https:\/\/legrenierdelatour.be\/brocante\/wp-json\/wp\/v2\/media?parent=6439"}],"wp:term":[{"taxonomy":"product_brand","embeddable":true,"href":"https:\/\/legrenierdelatour.be\/brocante\/wp-json\/wp\/v2\/product_brand?post=6439"},{"taxonomy":"product_cat","embeddable":true,"href":"https:\/\/legrenierdelatour.be\/brocante\/wp-json\/wp\/v2\/product_cat?post=6439"},{"taxonomy":"product_tag","embeddable":true,"href":"https:\/\/legrenierdelatour.be\/brocante\/wp-json\/wp\/v2\/product_tag?post=6439"}],"curies":[{"name":"wp","href":"https:\/\/api.w.org\/{rel}","templated":true}]}}