{"id":6431,"date":"2023-09-29T13:08:11","date_gmt":"2023-09-29T11:08:11","guid":{"rendered":"https:\/\/legrenierdelatour.be\/brocante\/?post_type=product&#038;p=6431"},"modified":"2023-09-29T13:08:12","modified_gmt":"2023-09-29T11:08:12","slug":"bonbonniere-magali-boch-freres-keramis","status":"publish","type":"product","link":"https:\/\/legrenierdelatour.be\/brocante\/produit\/bonbonniere-magali-boch-freres-keramis\/","title":{"rendered":"Bonbonni\u00e8re \u00ab\u00a0Magali\u00a0\u00bb Boch Fr\u00e8res Keramis"},"content":{"rendered":"<p>Belle bonbonni\u00e8re (14 cm de diam\u00e8tre) avec le d\u00e9cor Magali, produite par Boch Fr\u00e8res Keramis. Il porte le cachet de la manufacture, datant de la fin du 19\u00e8 si\u00e8cle (1894). Elle est dans le style Art Nouveau et en bon \u00e9tat.<\/p>\n<div>R\u00e9f 24.77<\/div>\n","protected":false},"excerpt":{"rendered":"<p>Belle bonbonni\u00e8re (14 cm de diam\u00e8tre) avec le d\u00e9cor Magali, produite par Boch Fr\u00e8res Keramis. Il porte le cachet de la manufacture, datant de la fin du 19\u00e8 si\u00e8cle (1894). Elle est dans le style Art Nouveau et en bon \u00e9tat. R\u00e9f 24.77<\/p>\n","protected":false},"featured_media":6432,"comment_status":"open","ping_status":"closed","template":"","meta":{"neve_meta_sidebar":"","neve_meta_container":"","neve_meta_enable_content_width":"off","neve_meta_content_width":100,"neve_meta_title_alignment":"","neve_meta_author_avatar":"","neve_post_elements_order":"","neve_meta_disable_header":"","neve_meta_disable_footer":"","neve_meta_disable_title":""},"product_brand":[],"product_cat":[37,175,172,16],"product_tag":[123,20],"class_list":{"0":"post-6431","1":"product","2":"type-product","3":"status-publish","4":"has-post-thumbnail","6":"product_cat-belgique","7":"product_cat-boch","8":"product_cat-en-cuisine","9":"product_cat-ceramique","10":"product_tag-art-nouveau","11":"product_tag-boch","13":"first","14":"instock","15":"shipping-taxable","16":"purchasable","17":"product-type-simple"},"_links":{"self":[{"href":"https:\/\/legrenierdelatour.be\/brocante\/wp-json\/wp\/v2\/product\/6431","targetHints":{"allow":["GET"]}}],"collection":[{"href":"https:\/\/legrenierdelatour.be\/brocante\/wp-json\/wp\/v2\/product"}],"about":[{"href":"https:\/\/legrenierdelatour.be\/brocante\/wp-json\/wp\/v2\/types\/product"}],"replies":[{"embeddable":true,"href":"https:\/\/legrenierdelatour.be\/brocante\/wp-json\/wp\/v2\/comments?post=6431"}],"wp:featuredmedia":[{"embeddable":true,"href":"https:\/\/legrenierdelatour.be\/brocante\/wp-json\/wp\/v2\/media\/6432"}],"wp:attachment":[{"href":"https:\/\/legrenierdelatour.be\/brocante\/wp-json\/wp\/v2\/media?parent=6431"}],"wp:term":[{"taxonomy":"product_brand","embeddable":true,"href":"https:\/\/legrenierdelatour.be\/brocante\/wp-json\/wp\/v2\/product_brand?post=6431"},{"taxonomy":"product_cat","embeddable":true,"href":"https:\/\/legrenierdelatour.be\/brocante\/wp-json\/wp\/v2\/product_cat?post=6431"},{"taxonomy":"product_tag","embeddable":true,"href":"https:\/\/legrenierdelatour.be\/brocante\/wp-json\/wp\/v2\/product_tag?post=6431"}],"curies":[{"name":"wp","href":"https:\/\/api.w.org\/{rel}","templated":true}]}}