{"id":6428,"date":"2023-09-29T12:57:16","date_gmt":"2023-09-29T10:57:16","guid":{"rendered":"https:\/\/legrenierdelatour.be\/brocante\/?post_type=product&#038;p=6428"},"modified":"2023-09-29T12:57:16","modified_gmt":"2023-09-29T10:57:16","slug":"vase-849-thulin","status":"publish","type":"product","link":"https:\/\/legrenierdelatour.be\/brocante\/produit\/vase-849-thulin\/","title":{"rendered":"Vase 849 Thulin"},"content":{"rendered":"<p>Beau vase en c\u00e9ramique (21 cm de haut) portant le num\u00e9ro de forme 849 et Belgique en creux. Il s\u2019agit sans doute d\u2019une production de thulin datant des ann\u00e9es 1950-70. Il est pourvu d\u2019un bel \u00e9mail coulant tr\u00e8s brillant et est en excellent \u00e9tat.<\/p>\n<div>R\u00e9f 24.75<\/div>\n","protected":false},"excerpt":{"rendered":"<p>Beau vase en c\u00e9ramique (21 cm de haut) portant le num\u00e9ro de forme 849 et Belgique en creux. Il s\u2019agit sans doute d\u2019une production de thulin datant des ann\u00e9es 1950-70. Il est pourvu d\u2019un bel \u00e9mail coulant tr\u00e8s brillant et est en excellent \u00e9tat. R\u00e9f 24.75<\/p>\n","protected":false},"featured_media":6429,"comment_status":"open","ping_status":"closed","template":"","meta":{"neve_meta_sidebar":"","neve_meta_container":"","neve_meta_enable_content_width":"off","neve_meta_content_width":100,"neve_meta_title_alignment":"","neve_meta_author_avatar":"","neve_post_elements_order":"","neve_meta_disable_header":"","neve_meta_disable_footer":"","neve_meta_disable_title":""},"product_brand":[],"product_cat":[37,16,177],"product_tag":[46],"class_list":{"0":"post-6428","1":"product","2":"type-product","3":"status-publish","4":"has-post-thumbnail","6":"product_cat-belgique","7":"product_cat-ceramique","8":"product_cat-thulin","9":"product_tag-thulin","11":"first","12":"instock","13":"shipping-taxable","14":"purchasable","15":"product-type-simple"},"_links":{"self":[{"href":"https:\/\/legrenierdelatour.be\/brocante\/wp-json\/wp\/v2\/product\/6428","targetHints":{"allow":["GET"]}}],"collection":[{"href":"https:\/\/legrenierdelatour.be\/brocante\/wp-json\/wp\/v2\/product"}],"about":[{"href":"https:\/\/legrenierdelatour.be\/brocante\/wp-json\/wp\/v2\/types\/product"}],"replies":[{"embeddable":true,"href":"https:\/\/legrenierdelatour.be\/brocante\/wp-json\/wp\/v2\/comments?post=6428"}],"wp:featuredmedia":[{"embeddable":true,"href":"https:\/\/legrenierdelatour.be\/brocante\/wp-json\/wp\/v2\/media\/6429"}],"wp:attachment":[{"href":"https:\/\/legrenierdelatour.be\/brocante\/wp-json\/wp\/v2\/media?parent=6428"}],"wp:term":[{"taxonomy":"product_brand","embeddable":true,"href":"https:\/\/legrenierdelatour.be\/brocante\/wp-json\/wp\/v2\/product_brand?post=6428"},{"taxonomy":"product_cat","embeddable":true,"href":"https:\/\/legrenierdelatour.be\/brocante\/wp-json\/wp\/v2\/product_cat?post=6428"},{"taxonomy":"product_tag","embeddable":true,"href":"https:\/\/legrenierdelatour.be\/brocante\/wp-json\/wp\/v2\/product_tag?post=6428"}],"curies":[{"name":"wp","href":"https:\/\/api.w.org\/{rel}","templated":true}]}}