{"id":6424,"date":"2023-09-29T12:47:11","date_gmt":"2023-09-29T10:47:11","guid":{"rendered":"https:\/\/legrenierdelatour.be\/brocante\/?post_type=product&#038;p=6424"},"modified":"2023-09-29T12:47:11","modified_gmt":"2023-09-29T10:47:11","slug":"dessin-ypres-bombarde-wilfried-walter","status":"publish","type":"product","link":"https:\/\/legrenierdelatour.be\/brocante\/produit\/dessin-ypres-bombarde-wilfried-walter\/","title":{"rendered":"Dessin \u00ab\u00a0Ypres bombard\u00e9\u00a0\u00bb, Wilfried Walter"},"content":{"rendered":"<p>Beau dessin (28&#215;36 cm) des Halles de Ypres bombard\u00e9es. Ce dessin est sign\u00e9 Wilfried Walter(s) et dat\u00e9 de 1918. L\u2019artiste n\u2019a pas pu \u00eatre identifi\u00e9.<\/p>\n<div>R\u00e9f 24.74<\/div>\n","protected":false},"excerpt":{"rendered":"<p>Beau dessin (28&#215;36 cm) des Halles de Ypres bombard\u00e9es. Ce dessin est sign\u00e9 Wilfried Walter(s) et dat\u00e9 de 1918. L\u2019artiste n\u2019a pas pu \u00eatre identifi\u00e9. R\u00e9f 24.74<\/p>\n","protected":false},"featured_media":6425,"comment_status":"open","ping_status":"closed","template":"","meta":{"neve_meta_sidebar":"","neve_meta_container":"","neve_meta_enable_content_width":"off","neve_meta_content_width":100,"neve_meta_title_alignment":"","neve_meta_author_avatar":"","neve_post_elements_order":"","neve_meta_disable_header":"","neve_meta_disable_footer":"","neve_meta_disable_title":""},"product_brand":[],"product_cat":[167],"product_tag":[79],"class_list":{"0":"post-6424","1":"product","2":"type-product","3":"status-publish","4":"has-post-thumbnail","6":"product_cat-peintures-et-sculptures","7":"product_tag-art","9":"first","10":"instock","11":"shipping-taxable","12":"purchasable","13":"product-type-simple"},"_links":{"self":[{"href":"https:\/\/legrenierdelatour.be\/brocante\/wp-json\/wp\/v2\/product\/6424","targetHints":{"allow":["GET"]}}],"collection":[{"href":"https:\/\/legrenierdelatour.be\/brocante\/wp-json\/wp\/v2\/product"}],"about":[{"href":"https:\/\/legrenierdelatour.be\/brocante\/wp-json\/wp\/v2\/types\/product"}],"replies":[{"embeddable":true,"href":"https:\/\/legrenierdelatour.be\/brocante\/wp-json\/wp\/v2\/comments?post=6424"}],"wp:featuredmedia":[{"embeddable":true,"href":"https:\/\/legrenierdelatour.be\/brocante\/wp-json\/wp\/v2\/media\/6425"}],"wp:attachment":[{"href":"https:\/\/legrenierdelatour.be\/brocante\/wp-json\/wp\/v2\/media?parent=6424"}],"wp:term":[{"taxonomy":"product_brand","embeddable":true,"href":"https:\/\/legrenierdelatour.be\/brocante\/wp-json\/wp\/v2\/product_brand?post=6424"},{"taxonomy":"product_cat","embeddable":true,"href":"https:\/\/legrenierdelatour.be\/brocante\/wp-json\/wp\/v2\/product_cat?post=6424"},{"taxonomy":"product_tag","embeddable":true,"href":"https:\/\/legrenierdelatour.be\/brocante\/wp-json\/wp\/v2\/product_tag?post=6424"}],"curies":[{"name":"wp","href":"https:\/\/api.w.org\/{rel}","templated":true}]}}