{"id":6416,"date":"2023-09-29T11:59:16","date_gmt":"2023-09-29T09:59:16","guid":{"rendered":"https:\/\/legrenierdelatour.be\/brocante\/?post_type=product&#038;p=6416"},"modified":"2023-09-29T12:08:38","modified_gmt":"2023-09-29T10:08:38","slug":"peintureneige-a-lierneux-duk","status":"publish","type":"product","link":"https:\/\/legrenierdelatour.be\/brocante\/produit\/peintureneige-a-lierneux-duk\/","title":{"rendered":"Peinture\u00a0\u00bbNeige \u00e0 Lierneux\u00a0\u00bb, DUK"},"content":{"rendered":"<p>Peinture \u00e0 l\u2019huile (41&#215;31 cm hors cadre) intitul\u00e9e \u00e0 l&rsquo;arri\u00e8re \u00ab\u00a0Neige \u00e0 Lierneux\u00a0\u00bb et sign\u00e9e DUK (artiste non identifi\u00e9). Elle est de belle facture ce qui atteste de l\u2019habilit\u00e9 du peintre.Il s\u2019agit sans doute d\u2019un artiste belge, de la r\u00e9gion li\u00e9geoise. La peinture date sans doute de la deuxi\u00e8me moiti\u00e9 du 20\u00e8 si\u00e8cle.<\/p>\n<div>R\u00e9f 24.72<\/div>\n","protected":false},"excerpt":{"rendered":"<p>Peinture \u00e0 l\u2019huile (41&#215;31 cm hors cadre) intitul\u00e9e \u00e0 l&rsquo;arri\u00e8re \u00ab\u00a0Neige \u00e0 Lierneux\u00a0\u00bb et sign\u00e9e DUK (artiste non identifi\u00e9). Elle est de belle facture ce qui atteste de l\u2019habilit\u00e9 du peintre.Il s\u2019agit sans doute d\u2019un artiste belge, de la r\u00e9gion li\u00e9geoise. La peinture date sans doute de la deuxi\u00e8me moiti\u00e9 du 20\u00e8 si\u00e8cle. R\u00e9f 24.72<\/p>\n","protected":false},"featured_media":6417,"comment_status":"open","ping_status":"closed","template":"","meta":{"neve_meta_sidebar":"","neve_meta_container":"","neve_meta_enable_content_width":"off","neve_meta_content_width":100,"neve_meta_title_alignment":"","neve_meta_author_avatar":"","neve_post_elements_order":"","neve_meta_disable_header":"","neve_meta_disable_footer":"","neve_meta_disable_title":""},"product_brand":[],"product_cat":[167],"product_tag":[79],"class_list":{"0":"post-6416","1":"product","2":"type-product","3":"status-publish","4":"has-post-thumbnail","6":"product_cat-peintures-et-sculptures","7":"product_tag-art","9":"first","10":"instock","11":"shipping-taxable","12":"purchasable","13":"product-type-simple"},"_links":{"self":[{"href":"https:\/\/legrenierdelatour.be\/brocante\/wp-json\/wp\/v2\/product\/6416","targetHints":{"allow":["GET"]}}],"collection":[{"href":"https:\/\/legrenierdelatour.be\/brocante\/wp-json\/wp\/v2\/product"}],"about":[{"href":"https:\/\/legrenierdelatour.be\/brocante\/wp-json\/wp\/v2\/types\/product"}],"replies":[{"embeddable":true,"href":"https:\/\/legrenierdelatour.be\/brocante\/wp-json\/wp\/v2\/comments?post=6416"}],"wp:featuredmedia":[{"embeddable":true,"href":"https:\/\/legrenierdelatour.be\/brocante\/wp-json\/wp\/v2\/media\/6417"}],"wp:attachment":[{"href":"https:\/\/legrenierdelatour.be\/brocante\/wp-json\/wp\/v2\/media?parent=6416"}],"wp:term":[{"taxonomy":"product_brand","embeddable":true,"href":"https:\/\/legrenierdelatour.be\/brocante\/wp-json\/wp\/v2\/product_brand?post=6416"},{"taxonomy":"product_cat","embeddable":true,"href":"https:\/\/legrenierdelatour.be\/brocante\/wp-json\/wp\/v2\/product_cat?post=6416"},{"taxonomy":"product_tag","embeddable":true,"href":"https:\/\/legrenierdelatour.be\/brocante\/wp-json\/wp\/v2\/product_tag?post=6416"}],"curies":[{"name":"wp","href":"https:\/\/api.w.org\/{rel}","templated":true}]}}