{"id":6408,"date":"2023-09-26T18:41:59","date_gmt":"2023-09-26T16:41:59","guid":{"rendered":"https:\/\/legrenierdelatour.be\/brocante\/?post_type=product&#038;p=6408"},"modified":"2023-09-26T18:41:59","modified_gmt":"2023-09-26T16:41:59","slug":"montre-dame-vintage-delmont","status":"publish","type":"product","link":"https:\/\/legrenierdelatour.be\/brocante\/produit\/montre-dame-vintage-delmont\/","title":{"rendered":"Montre dame vintage, Delmont"},"content":{"rendered":"<p>Montre pour dame de la marque Delmon plaqu\u00e9e or 18 carats. Elle est de style tr\u00e8s vintage et date sans doute des ann\u00e9es 1960.<\/p>\n<div>R\u00e9f 24.69<\/div>\n","protected":false},"excerpt":{"rendered":"<p>Montre pour dame de la marque Delmon plaqu\u00e9e or 18 carats. Elle est de style tr\u00e8s vintage et date sans doute des ann\u00e9es 1960. R\u00e9f 24.69<\/p>\n","protected":false},"featured_media":6410,"comment_status":"open","ping_status":"closed","template":"","meta":{"neve_meta_sidebar":"","neve_meta_container":"","neve_meta_enable_content_width":"off","neve_meta_content_width":100,"neve_meta_title_alignment":"","neve_meta_author_avatar":"","neve_post_elements_order":"","neve_meta_disable_header":"","neve_meta_disable_footer":"","neve_meta_disable_title":""},"product_brand":[],"product_cat":[70,109,160],"product_tag":[28],"class_list":{"0":"post-6408","1":"product","2":"type-product","3":"status-publish","4":"has-post-thumbnail","6":"product_cat-bijou","7":"product_cat-metal","8":"product_cat-la-mode","9":"product_tag-vintage","11":"first","12":"instock","13":"shipping-taxable","14":"purchasable","15":"product-type-simple"},"_links":{"self":[{"href":"https:\/\/legrenierdelatour.be\/brocante\/wp-json\/wp\/v2\/product\/6408","targetHints":{"allow":["GET"]}}],"collection":[{"href":"https:\/\/legrenierdelatour.be\/brocante\/wp-json\/wp\/v2\/product"}],"about":[{"href":"https:\/\/legrenierdelatour.be\/brocante\/wp-json\/wp\/v2\/types\/product"}],"replies":[{"embeddable":true,"href":"https:\/\/legrenierdelatour.be\/brocante\/wp-json\/wp\/v2\/comments?post=6408"}],"wp:featuredmedia":[{"embeddable":true,"href":"https:\/\/legrenierdelatour.be\/brocante\/wp-json\/wp\/v2\/media\/6410"}],"wp:attachment":[{"href":"https:\/\/legrenierdelatour.be\/brocante\/wp-json\/wp\/v2\/media?parent=6408"}],"wp:term":[{"taxonomy":"product_brand","embeddable":true,"href":"https:\/\/legrenierdelatour.be\/brocante\/wp-json\/wp\/v2\/product_brand?post=6408"},{"taxonomy":"product_cat","embeddable":true,"href":"https:\/\/legrenierdelatour.be\/brocante\/wp-json\/wp\/v2\/product_cat?post=6408"},{"taxonomy":"product_tag","embeddable":true,"href":"https:\/\/legrenierdelatour.be\/brocante\/wp-json\/wp\/v2\/product_tag?post=6408"}],"curies":[{"name":"wp","href":"https:\/\/api.w.org\/{rel}","templated":true}]}}