{"id":6385,"date":"2023-09-26T13:01:15","date_gmt":"2023-09-26T11:01:15","guid":{"rendered":"https:\/\/legrenierdelatour.be\/brocante\/?post_type=product&#038;p=6385"},"modified":"2023-09-26T13:01:15","modified_gmt":"2023-09-26T11:01:15","slug":"pichet-coceram","status":"publish","type":"product","link":"https:\/\/legrenierdelatour.be\/brocante\/produit\/pichet-coceram\/","title":{"rendered":"Pichet Coceram"},"content":{"rendered":"<p>Broc \u00e0 bi\u00e8re (15 cm de haut) produit par la manufacture Coceram \u00ab\u00a0Coceram Mod\u00e8le d\u00e9pos\u00e9, 33cl\u00a0\u00bb. Cette manufacture fond\u00e9e par les fr\u00e8res Hector et Maurice Colin en 1947, fermait en 1960. L\u2019accent de la production a \u00e9t\u00e9 mis sur des pi\u00e8ces, raviers ou cendriers publicitaires, mais on produisait aussi des vases, pichets et des pi\u00e8ces d\u00e9coratives. Ce broc date sans doute des ann\u00e9es 1950 et est en parfait \u00e9tat.<\/p>\n<div>R\u00e9f 24.58<\/div>\n","protected":false},"excerpt":{"rendered":"<p>Broc \u00e0 bi\u00e8re (15 cm de haut) produit par la manufacture Coceram \u00ab\u00a0Coceram Mod\u00e8le d\u00e9pos\u00e9, 33cl\u00a0\u00bb. Cette manufacture fond\u00e9e par les fr\u00e8res Hector et Maurice Colin en 1947, fermait en 1960. L\u2019accent de la production a \u00e9t\u00e9 mis sur des pi\u00e8ces, raviers ou cendriers publicitaires, mais on produisait aussi des vases, pichets et des pi\u00e8ces&hellip;&nbsp;<a href=\"https:\/\/legrenierdelatour.be\/brocante\/produit\/pichet-coceram\/\" class=\"\" rel=\"bookmark\">Lire la suite &raquo;<span class=\"screen-reader-text\">Pichet Coceram<\/span><\/a><\/p>\n","protected":false},"featured_media":6374,"comment_status":"open","ping_status":"closed","template":"","meta":{"neve_meta_sidebar":"","neve_meta_container":"","neve_meta_enable_content_width":"off","neve_meta_content_width":100,"neve_meta_title_alignment":"","neve_meta_author_avatar":"","neve_post_elements_order":"","neve_meta_disable_header":"","neve_meta_disable_footer":"","neve_meta_disable_title":""},"product_brand":[],"product_cat":[37,174,172,16],"product_tag":[28],"class_list":{"0":"post-6385","1":"product","2":"type-product","3":"status-publish","4":"has-post-thumbnail","6":"product_cat-belgique","7":"product_cat-coceram","8":"product_cat-en-cuisine","9":"product_cat-ceramique","10":"product_tag-vintage","12":"first","13":"instock","14":"shipping-taxable","15":"purchasable","16":"product-type-simple"},"_links":{"self":[{"href":"https:\/\/legrenierdelatour.be\/brocante\/wp-json\/wp\/v2\/product\/6385","targetHints":{"allow":["GET"]}}],"collection":[{"href":"https:\/\/legrenierdelatour.be\/brocante\/wp-json\/wp\/v2\/product"}],"about":[{"href":"https:\/\/legrenierdelatour.be\/brocante\/wp-json\/wp\/v2\/types\/product"}],"replies":[{"embeddable":true,"href":"https:\/\/legrenierdelatour.be\/brocante\/wp-json\/wp\/v2\/comments?post=6385"}],"wp:featuredmedia":[{"embeddable":true,"href":"https:\/\/legrenierdelatour.be\/brocante\/wp-json\/wp\/v2\/media\/6374"}],"wp:attachment":[{"href":"https:\/\/legrenierdelatour.be\/brocante\/wp-json\/wp\/v2\/media?parent=6385"}],"wp:term":[{"taxonomy":"product_brand","embeddable":true,"href":"https:\/\/legrenierdelatour.be\/brocante\/wp-json\/wp\/v2\/product_brand?post=6385"},{"taxonomy":"product_cat","embeddable":true,"href":"https:\/\/legrenierdelatour.be\/brocante\/wp-json\/wp\/v2\/product_cat?post=6385"},{"taxonomy":"product_tag","embeddable":true,"href":"https:\/\/legrenierdelatour.be\/brocante\/wp-json\/wp\/v2\/product_tag?post=6385"}],"curies":[{"name":"wp","href":"https:\/\/api.w.org\/{rel}","templated":true}]}}