{"id":6370,"date":"2023-09-25T13:50:31","date_gmt":"2023-09-25T11:50:31","guid":{"rendered":"https:\/\/legrenierdelatour.be\/brocante\/?post_type=product&#038;p=6370"},"modified":"2023-09-25T13:50:32","modified_gmt":"2023-09-25T11:50:32","slug":"vide-poche-alexandria-villeroy-boch-paloma-picasso","status":"publish","type":"product","link":"https:\/\/legrenierdelatour.be\/brocante\/produit\/vide-poche-alexandria-villeroy-boch-paloma-picasso\/","title":{"rendered":"Vide-poche \u00ab\u00a0Alexandria\u00a0\u00bb Villeroy &#038; Boch, Paloma Picasso"},"content":{"rendered":"<p>Beau vide-poche (14 cm de c\u00f4t\u00e9) issu de la manufacture Villeroy &amp; Boch, et portant le d\u00e9cor \u00ab\u00a0Alexandria\u00a0\u00bb sign\u00e9 Paloma Picasso. Il est en excellent \u00e9tat. Ce vide-poche a \u00e9t\u00e9 cr\u00e9\u00e9 dans les ann\u00e9es 1990.<\/p>\n<div>R\u00e9f 24.54<\/div>\n","protected":false},"excerpt":{"rendered":"<p>Beau vide-poche (14 cm de c\u00f4t\u00e9) issu de la manufacture Villeroy &amp; Boch, et portant le d\u00e9cor \u00ab\u00a0Alexandria\u00a0\u00bb sign\u00e9 Paloma Picasso. Il est en excellent \u00e9tat. Ce vide-poche a \u00e9t\u00e9 cr\u00e9\u00e9 dans les ann\u00e9es 1990. R\u00e9f 24.54<\/p>\n","protected":false},"featured_media":6371,"comment_status":"open","ping_status":"closed","template":"","meta":{"neve_meta_sidebar":"","neve_meta_container":"","neve_meta_enable_content_width":"off","neve_meta_content_width":100,"neve_meta_title_alignment":"","neve_meta_author_avatar":"","neve_post_elements_order":"","neve_meta_disable_header":"","neve_meta_disable_footer":"","neve_meta_disable_title":""},"product_brand":[],"product_cat":[16,165,29],"product_tag":[79,32],"class_list":{"0":"post-6370","1":"product","2":"type-product","3":"status-publish","4":"has-post-thumbnail","6":"product_cat-ceramique","7":"product_cat-luxembourg","8":"product_cat-villeroy-boch","9":"product_tag-art","10":"product_tag-villeroy-et-boch","12":"first","13":"instock","14":"shipping-taxable","15":"purchasable","16":"product-type-simple"},"_links":{"self":[{"href":"https:\/\/legrenierdelatour.be\/brocante\/wp-json\/wp\/v2\/product\/6370","targetHints":{"allow":["GET"]}}],"collection":[{"href":"https:\/\/legrenierdelatour.be\/brocante\/wp-json\/wp\/v2\/product"}],"about":[{"href":"https:\/\/legrenierdelatour.be\/brocante\/wp-json\/wp\/v2\/types\/product"}],"replies":[{"embeddable":true,"href":"https:\/\/legrenierdelatour.be\/brocante\/wp-json\/wp\/v2\/comments?post=6370"}],"wp:featuredmedia":[{"embeddable":true,"href":"https:\/\/legrenierdelatour.be\/brocante\/wp-json\/wp\/v2\/media\/6371"}],"wp:attachment":[{"href":"https:\/\/legrenierdelatour.be\/brocante\/wp-json\/wp\/v2\/media?parent=6370"}],"wp:term":[{"taxonomy":"product_brand","embeddable":true,"href":"https:\/\/legrenierdelatour.be\/brocante\/wp-json\/wp\/v2\/product_brand?post=6370"},{"taxonomy":"product_cat","embeddable":true,"href":"https:\/\/legrenierdelatour.be\/brocante\/wp-json\/wp\/v2\/product_cat?post=6370"},{"taxonomy":"product_tag","embeddable":true,"href":"https:\/\/legrenierdelatour.be\/brocante\/wp-json\/wp\/v2\/product_tag?post=6370"}],"curies":[{"name":"wp","href":"https:\/\/api.w.org\/{rel}","templated":true}]}}