{"id":6367,"date":"2023-09-25T13:26:52","date_gmt":"2023-09-25T11:26:52","guid":{"rendered":"https:\/\/legrenierdelatour.be\/brocante\/?post_type=product&#038;p=6367"},"modified":"2025-09-12T13:26:55","modified_gmt":"2025-09-12T11:26:55","slug":"assiette-bfk-boch-la-louviere-19e","status":"publish","type":"product","link":"https:\/\/legrenierdelatour.be\/brocante\/produit\/assiette-bfk-boch-la-louviere-19e\/","title":{"rendered":"Assiette Boch K\u00e9ramis, Hibiscus, 19\u00e8"},"content":{"rendered":"<p>Grande assiette (26 cm de diam\u00e8tre) avec un d\u00e9cor bleu floral,le d\u00e9cor \u00ab Hibiscus\u00a0\u00bb. Elle est sign\u00e9e \u00e0 l\u2019arri\u00e8re du monogramme form\u00e9 des lettres LB en bleu, de la manufacture Boch K\u00e9ramis de la fin du 19\u00e8 si\u00e8cle.. \u00a0La lettre initiale du peintre est plac\u00e9e imm\u00e9diatement sous le monogramme, sous un trait de s\u00e9paration. Elle est en parfait \u00e9tat.<\/p>\n<p>3 exemplaires disponibles au prix de 25\u20ac pi\u00e8ce<\/p>\n<div>R\u00e9f 24.53<\/div>\n","protected":false},"excerpt":{"rendered":"<p>Grande assiette (26 cm de diam\u00e8tre) avec un d\u00e9cor bleu floral,le d\u00e9cor \u00ab Hibiscus\u00a0\u00bb. Elle est sign\u00e9e \u00e0 l\u2019arri\u00e8re du monogramme form\u00e9 des lettres LB en bleu, de la manufacture Boch K\u00e9ramis de la fin du 19\u00e8 si\u00e8cle.. \u00a0La lettre initiale du peintre est plac\u00e9e imm\u00e9diatement sous le monogramme, sous un trait de s\u00e9paration. Elle&hellip;&nbsp;<a href=\"https:\/\/legrenierdelatour.be\/brocante\/produit\/assiette-bfk-boch-la-louviere-19e\/\" class=\"\" rel=\"bookmark\">Lire la suite &raquo;<span class=\"screen-reader-text\">Assiette Boch K\u00e9ramis, Hibiscus, 19\u00e8<\/span><\/a><\/p>\n","protected":false},"featured_media":6368,"comment_status":"open","ping_status":"closed","template":"","meta":{"neve_meta_sidebar":"","neve_meta_container":"","neve_meta_enable_content_width":"off","neve_meta_content_width":100,"neve_meta_title_alignment":"","neve_meta_author_avatar":"","neve_post_elements_order":"","neve_meta_disable_header":"","neve_meta_disable_footer":"","neve_meta_disable_title":""},"product_brand":[],"product_cat":[172,16,165,29],"product_tag":[20],"class_list":{"0":"post-6367","1":"product","2":"type-product","3":"status-publish","4":"has-post-thumbnail","6":"product_cat-en-cuisine","7":"product_cat-ceramique","8":"product_cat-luxembourg","9":"product_cat-villeroy-boch","10":"product_tag-boch","12":"first","13":"instock","14":"shipping-taxable","15":"purchasable","16":"product-type-simple"},"_links":{"self":[{"href":"https:\/\/legrenierdelatour.be\/brocante\/wp-json\/wp\/v2\/product\/6367","targetHints":{"allow":["GET"]}}],"collection":[{"href":"https:\/\/legrenierdelatour.be\/brocante\/wp-json\/wp\/v2\/product"}],"about":[{"href":"https:\/\/legrenierdelatour.be\/brocante\/wp-json\/wp\/v2\/types\/product"}],"replies":[{"embeddable":true,"href":"https:\/\/legrenierdelatour.be\/brocante\/wp-json\/wp\/v2\/comments?post=6367"}],"wp:featuredmedia":[{"embeddable":true,"href":"https:\/\/legrenierdelatour.be\/brocante\/wp-json\/wp\/v2\/media\/6368"}],"wp:attachment":[{"href":"https:\/\/legrenierdelatour.be\/brocante\/wp-json\/wp\/v2\/media?parent=6367"}],"wp:term":[{"taxonomy":"product_brand","embeddable":true,"href":"https:\/\/legrenierdelatour.be\/brocante\/wp-json\/wp\/v2\/product_brand?post=6367"},{"taxonomy":"product_cat","embeddable":true,"href":"https:\/\/legrenierdelatour.be\/brocante\/wp-json\/wp\/v2\/product_cat?post=6367"},{"taxonomy":"product_tag","embeddable":true,"href":"https:\/\/legrenierdelatour.be\/brocante\/wp-json\/wp\/v2\/product_tag?post=6367"}],"curies":[{"name":"wp","href":"https:\/\/api.w.org\/{rel}","templated":true}]}}