{"id":6339,"date":"2023-09-19T14:26:49","date_gmt":"2023-09-19T12:26:49","guid":{"rendered":"https:\/\/legrenierdelatour.be\/brocante\/?post_type=product&#038;p=6339"},"modified":"2023-09-19T14:26:50","modified_gmt":"2023-09-19T12:26:50","slug":"pichet-bouffioulx-dubois","status":"publish","type":"product","link":"https:\/\/legrenierdelatour.be\/brocante\/produit\/pichet-bouffioulx-dubois\/","title":{"rendered":"Pichet Bouffioulx Dubois"},"content":{"rendered":"<div>Beau pichet (18 cm de haut) en gr\u00e8s, issu de l\u2019atelier Dubois \u00e0 Bouffioulx. Potiers de p\u00e8re en fils depuis 14 g\u00e9n\u00e9rations (1595) \u00e0 Bouffioulx, la famille Dubois assume dans son atelier (1868) la fabrication du gr\u00e8s de Bouffioulx. Ce pichet a un tr\u00e8s bel enduit, avec un \u00e9cusson non identifi\u00e9 sur la panse. Il est sign\u00e9 sous la base Dubois.<\/div>\n<div>R\u00e9f 24.41<\/div>\n","protected":false},"excerpt":{"rendered":"<p>Beau pichet (18 cm de haut) en gr\u00e8s, issu de l\u2019atelier Dubois \u00e0 Bouffioulx. Potiers de p\u00e8re en fils depuis 14 g\u00e9n\u00e9rations (1595) \u00e0 Bouffioulx, la famille Dubois assume dans son atelier (1868) la fabrication du gr\u00e8s de Bouffioulx. Ce pichet a un tr\u00e8s bel enduit, avec un \u00e9cusson non identifi\u00e9 sur la panse. Il&hellip;&nbsp;<a href=\"https:\/\/legrenierdelatour.be\/brocante\/produit\/pichet-bouffioulx-dubois\/\" class=\"\" rel=\"bookmark\">Lire la suite &raquo;<span class=\"screen-reader-text\">Pichet Bouffioulx Dubois<\/span><\/a><\/p>\n","protected":false},"featured_media":6336,"comment_status":"open","ping_status":"closed","template":"","meta":{"neve_meta_sidebar":"","neve_meta_container":"","neve_meta_enable_content_width":"off","neve_meta_content_width":100,"neve_meta_title_alignment":"","neve_meta_author_avatar":"","neve_post_elements_order":"","neve_meta_disable_header":"","neve_meta_disable_footer":"","neve_meta_disable_title":""},"product_brand":[],"product_cat":[37,202,16],"product_tag":[113],"class_list":{"0":"post-6339","1":"product","2":"type-product","3":"status-publish","4":"has-post-thumbnail","6":"product_cat-belgique","7":"product_cat-bouffioulx","8":"product_cat-ceramique","9":"product_tag-gres","11":"first","12":"instock","13":"shipping-taxable","14":"purchasable","15":"product-type-simple"},"_links":{"self":[{"href":"https:\/\/legrenierdelatour.be\/brocante\/wp-json\/wp\/v2\/product\/6339","targetHints":{"allow":["GET"]}}],"collection":[{"href":"https:\/\/legrenierdelatour.be\/brocante\/wp-json\/wp\/v2\/product"}],"about":[{"href":"https:\/\/legrenierdelatour.be\/brocante\/wp-json\/wp\/v2\/types\/product"}],"replies":[{"embeddable":true,"href":"https:\/\/legrenierdelatour.be\/brocante\/wp-json\/wp\/v2\/comments?post=6339"}],"wp:featuredmedia":[{"embeddable":true,"href":"https:\/\/legrenierdelatour.be\/brocante\/wp-json\/wp\/v2\/media\/6336"}],"wp:attachment":[{"href":"https:\/\/legrenierdelatour.be\/brocante\/wp-json\/wp\/v2\/media?parent=6339"}],"wp:term":[{"taxonomy":"product_brand","embeddable":true,"href":"https:\/\/legrenierdelatour.be\/brocante\/wp-json\/wp\/v2\/product_brand?post=6339"},{"taxonomy":"product_cat","embeddable":true,"href":"https:\/\/legrenierdelatour.be\/brocante\/wp-json\/wp\/v2\/product_cat?post=6339"},{"taxonomy":"product_tag","embeddable":true,"href":"https:\/\/legrenierdelatour.be\/brocante\/wp-json\/wp\/v2\/product_tag?post=6339"}],"curies":[{"name":"wp","href":"https:\/\/api.w.org\/{rel}","templated":true}]}}