{"id":6333,"date":"2023-09-19T14:08:35","date_gmt":"2023-09-19T12:08:35","guid":{"rendered":"https:\/\/legrenierdelatour.be\/brocante\/?post_type=product&#038;p=6333"},"modified":"2023-09-19T14:08:36","modified_gmt":"2023-09-19T12:08:36","slug":"vase-thulin-350","status":"publish","type":"product","link":"https:\/\/legrenierdelatour.be\/brocante\/produit\/vase-thulin-350\/","title":{"rendered":"vase Thulin 350"},"content":{"rendered":"<p>Beau vase en fa\u00efence (16 cm de haut) en parfait \u00e9tat, par\u00e9 d\u2019un bel \u00e9mail coulant en barbotine et marqu\u00e9 sous la base Belgium 350. Il a \u00e9t\u00e9 produit par la faiencerie de Thulin (1887-1973) et date des ann\u00e9es 1920-1949, p\u00e9riode Art D\u00e9co.<\/p>\n<div>R\u00e9f 24.40<\/div>\n","protected":false},"excerpt":{"rendered":"<p>Beau vase en fa\u00efence (16 cm de haut) en parfait \u00e9tat, par\u00e9 d\u2019un bel \u00e9mail coulant en barbotine et marqu\u00e9 sous la base Belgium 350. Il a \u00e9t\u00e9 produit par la faiencerie de Thulin (1887-1973) et date des ann\u00e9es 1920-1949, p\u00e9riode Art D\u00e9co. R\u00e9f 24.40<\/p>\n","protected":false},"featured_media":6334,"comment_status":"open","ping_status":"closed","template":"","meta":{"neve_meta_sidebar":"","neve_meta_container":"","neve_meta_enable_content_width":"off","neve_meta_content_width":100,"neve_meta_title_alignment":"","neve_meta_author_avatar":"","neve_post_elements_order":"","neve_meta_disable_header":"","neve_meta_disable_footer":"","neve_meta_disable_title":""},"product_brand":[],"product_cat":[37,16,177],"product_tag":[21,46],"class_list":{"0":"post-6333","1":"product","2":"type-product","3":"status-publish","4":"has-post-thumbnail","6":"product_cat-belgique","7":"product_cat-ceramique","8":"product_cat-thulin","9":"product_tag-art-deco","10":"product_tag-thulin","12":"first","13":"instock","14":"shipping-taxable","15":"purchasable","16":"product-type-simple"},"_links":{"self":[{"href":"https:\/\/legrenierdelatour.be\/brocante\/wp-json\/wp\/v2\/product\/6333","targetHints":{"allow":["GET"]}}],"collection":[{"href":"https:\/\/legrenierdelatour.be\/brocante\/wp-json\/wp\/v2\/product"}],"about":[{"href":"https:\/\/legrenierdelatour.be\/brocante\/wp-json\/wp\/v2\/types\/product"}],"replies":[{"embeddable":true,"href":"https:\/\/legrenierdelatour.be\/brocante\/wp-json\/wp\/v2\/comments?post=6333"}],"wp:featuredmedia":[{"embeddable":true,"href":"https:\/\/legrenierdelatour.be\/brocante\/wp-json\/wp\/v2\/media\/6334"}],"wp:attachment":[{"href":"https:\/\/legrenierdelatour.be\/brocante\/wp-json\/wp\/v2\/media?parent=6333"}],"wp:term":[{"taxonomy":"product_brand","embeddable":true,"href":"https:\/\/legrenierdelatour.be\/brocante\/wp-json\/wp\/v2\/product_brand?post=6333"},{"taxonomy":"product_cat","embeddable":true,"href":"https:\/\/legrenierdelatour.be\/brocante\/wp-json\/wp\/v2\/product_cat?post=6333"},{"taxonomy":"product_tag","embeddable":true,"href":"https:\/\/legrenierdelatour.be\/brocante\/wp-json\/wp\/v2\/product_tag?post=6333"}],"curies":[{"name":"wp","href":"https:\/\/api.w.org\/{rel}","templated":true}]}}