{"id":6328,"date":"2023-09-19T13:57:31","date_gmt":"2023-09-19T11:57:31","guid":{"rendered":"https:\/\/legrenierdelatour.be\/brocante\/?post_type=product&#038;p=6328"},"modified":"2026-03-14T08:53:51","modified_gmt":"2026-03-14T07:53:51","slug":"peckvillerscher-luxembourg-nospelt","status":"publish","type":"product","link":"https:\/\/legrenierdelatour.be\/brocante\/produit\/peckvillerscher-luxembourg-nospelt\/","title":{"rendered":"Peckvillerscher Luxembourg, Nospelt"},"content":{"rendered":"<p>Ensemble de Peckvillerscher, petit oiseau siffleur en c\u00e9ramique, tradition luxembourgeoise du Lundi de P\u00e2ques, tradition de potiers qui remonte \u00e0 1827 (oiseaux r\u00e9alis\u00e9s initialement avec les restes de terre). LE village de potiers luxembourgeois par excellence est Nospelt. Un march\u00e9 d\u2019oiseaux siffleurs est organis\u00e9 tous les lundis de P\u00e2ques \u00e0 Nospelt (depuis 1957) et \u00e0 Luxembourg-ville (depuis 1937). C\u2019est la f\u00eate de l\u2019Emaischen. Le Peckvillschen est un sifflet en forme d\u2019oiseau avec trois trous permettant de produire le son du coucou.<\/p>\n<div><span style=\"color: #000000; font-size: medium;\">Ils sont vendus \u00e0 la pi\u00e8ce au prix de 8\u20ac pi\u00e8ce. Certains ne sont plus disponibles.<br \/>\n<\/span><\/p>\n<div>R\u00e9f 24.39<\/div>\n<\/div>\n","protected":false},"excerpt":{"rendered":"<p>Ensemble de Peckvillerscher, petit oiseau siffleur en c\u00e9ramique, tradition luxembourgeoise du Lundi de P\u00e2ques, tradition de potiers qui remonte \u00e0 1827 (oiseaux r\u00e9alis\u00e9s initialement avec les restes de terre). LE village de potiers luxembourgeois par excellence est Nospelt. Un march\u00e9 d\u2019oiseaux siffleurs est organis\u00e9 tous les lundis de P\u00e2ques \u00e0 Nospelt (depuis 1957) et \u00e0&hellip;&nbsp;<a href=\"https:\/\/legrenierdelatour.be\/brocante\/produit\/peckvillerscher-luxembourg-nospelt\/\" class=\"\" rel=\"bookmark\">Lire la suite &raquo;<span class=\"screen-reader-text\">Peckvillerscher Luxembourg, Nospelt<\/span><\/a><\/p>\n","protected":false},"featured_media":6329,"comment_status":"open","ping_status":"closed","template":"","meta":{"neve_meta_sidebar":"","neve_meta_container":"","neve_meta_enable_content_width":"off","neve_meta_content_width":100,"neve_meta_title_alignment":"","neve_meta_author_avatar":"","neve_post_elements_order":"","neve_meta_disable_header":"","neve_meta_disable_footer":"","neve_meta_disable_title":""},"product_brand":[],"product_cat":[16,165,30,166,167],"product_tag":[79,83],"class_list":{"0":"post-6328","1":"product","2":"type-product","3":"status-publish","4":"has-post-thumbnail","6":"product_cat-ceramique","7":"product_cat-luxembourg","8":"product_cat-luxemburgensia","9":"product_cat-luxemburgensia-luxemburgensia","10":"product_cat-peintures-et-sculptures","11":"product_tag-art","12":"product_tag-luxemburgensia","14":"first","15":"instock","16":"shipping-taxable","17":"purchasable","18":"product-type-simple"},"_links":{"self":[{"href":"https:\/\/legrenierdelatour.be\/brocante\/wp-json\/wp\/v2\/product\/6328","targetHints":{"allow":["GET"]}}],"collection":[{"href":"https:\/\/legrenierdelatour.be\/brocante\/wp-json\/wp\/v2\/product"}],"about":[{"href":"https:\/\/legrenierdelatour.be\/brocante\/wp-json\/wp\/v2\/types\/product"}],"replies":[{"embeddable":true,"href":"https:\/\/legrenierdelatour.be\/brocante\/wp-json\/wp\/v2\/comments?post=6328"}],"wp:featuredmedia":[{"embeddable":true,"href":"https:\/\/legrenierdelatour.be\/brocante\/wp-json\/wp\/v2\/media\/6329"}],"wp:attachment":[{"href":"https:\/\/legrenierdelatour.be\/brocante\/wp-json\/wp\/v2\/media?parent=6328"}],"wp:term":[{"taxonomy":"product_brand","embeddable":true,"href":"https:\/\/legrenierdelatour.be\/brocante\/wp-json\/wp\/v2\/product_brand?post=6328"},{"taxonomy":"product_cat","embeddable":true,"href":"https:\/\/legrenierdelatour.be\/brocante\/wp-json\/wp\/v2\/product_cat?post=6328"},{"taxonomy":"product_tag","embeddable":true,"href":"https:\/\/legrenierdelatour.be\/brocante\/wp-json\/wp\/v2\/product_tag?post=6328"}],"curies":[{"name":"wp","href":"https:\/\/api.w.org\/{rel}","templated":true}]}}