{"id":6325,"date":"2023-09-19T13:51:37","date_gmt":"2023-09-19T11:51:37","guid":{"rendered":"https:\/\/legrenierdelatour.be\/brocante\/?post_type=product&#038;p=6325"},"modified":"2023-09-19T13:51:37","modified_gmt":"2023-09-19T11:51:37","slug":"vase-dumler-breiden-1291-16","status":"publish","type":"product","link":"https:\/\/legrenierdelatour.be\/brocante\/produit\/vase-dumler-breiden-1291-16\/","title":{"rendered":"Vase D\u00fcmler &#038; Breiden 1291 16"},"content":{"rendered":"<p>Beau petit vase (16 cm de haut) issu de la manufacture D\u00fcmler &amp; Breiden (depuis 1883) portant le num\u00e9ro de forme 1291 16. Le d\u00e9cor tr\u00e8s original permet de dater ce petit vase color\u00e9 des ann\u00e9es 1960-70.<\/p>\n<div>R\u00e9f 24.38<\/div>\n","protected":false},"excerpt":{"rendered":"<p>Beau petit vase (16 cm de haut) issu de la manufacture D\u00fcmler &amp; Breiden (depuis 1883) portant le num\u00e9ro de forme 1291 16. Le d\u00e9cor tr\u00e8s original permet de dater ce petit vase color\u00e9 des ann\u00e9es 1960-70. R\u00e9f 24.38<\/p>\n","protected":false},"featured_media":6326,"comment_status":"open","ping_status":"closed","template":"","meta":{"neve_meta_sidebar":"","neve_meta_container":"","neve_meta_enable_content_width":"off","neve_meta_content_width":100,"neve_meta_title_alignment":"","neve_meta_author_avatar":"","neve_post_elements_order":"","neve_meta_disable_header":"","neve_meta_disable_footer":"","neve_meta_disable_title":""},"product_brand":[],"product_cat":[48,169,16,47],"product_tag":[56,28],"class_list":{"0":"post-6325","1":"product","2":"type-product","3":"status-publish","4":"has-post-thumbnail","6":"product_cat-allemagne","7":"product_cat-dummler-breiden","8":"product_cat-ceramique","9":"product_cat-west-germany","10":"product_tag-dummler-breiden","11":"product_tag-vintage","13":"first","14":"instock","15":"shipping-taxable","16":"purchasable","17":"product-type-simple"},"_links":{"self":[{"href":"https:\/\/legrenierdelatour.be\/brocante\/wp-json\/wp\/v2\/product\/6325","targetHints":{"allow":["GET"]}}],"collection":[{"href":"https:\/\/legrenierdelatour.be\/brocante\/wp-json\/wp\/v2\/product"}],"about":[{"href":"https:\/\/legrenierdelatour.be\/brocante\/wp-json\/wp\/v2\/types\/product"}],"replies":[{"embeddable":true,"href":"https:\/\/legrenierdelatour.be\/brocante\/wp-json\/wp\/v2\/comments?post=6325"}],"wp:featuredmedia":[{"embeddable":true,"href":"https:\/\/legrenierdelatour.be\/brocante\/wp-json\/wp\/v2\/media\/6326"}],"wp:attachment":[{"href":"https:\/\/legrenierdelatour.be\/brocante\/wp-json\/wp\/v2\/media?parent=6325"}],"wp:term":[{"taxonomy":"product_brand","embeddable":true,"href":"https:\/\/legrenierdelatour.be\/brocante\/wp-json\/wp\/v2\/product_brand?post=6325"},{"taxonomy":"product_cat","embeddable":true,"href":"https:\/\/legrenierdelatour.be\/brocante\/wp-json\/wp\/v2\/product_cat?post=6325"},{"taxonomy":"product_tag","embeddable":true,"href":"https:\/\/legrenierdelatour.be\/brocante\/wp-json\/wp\/v2\/product_tag?post=6325"}],"curies":[{"name":"wp","href":"https:\/\/api.w.org\/{rel}","templated":true}]}}