{"id":6302,"date":"2023-09-19T11:03:08","date_gmt":"2023-09-19T09:03:08","guid":{"rendered":"https:\/\/legrenierdelatour.be\/brocante\/?post_type=product&#038;p=6302"},"modified":"2023-09-19T11:03:09","modified_gmt":"2023-09-19T09:03:09","slug":"mathias","status":"publish","type":"product","link":"https:\/\/legrenierdelatour.be\/brocante\/produit\/mathias\/","title":{"rendered":"Peinture de Maurice Mathias"},"content":{"rendered":"<div>Peinture \u00e0 l\u2019huile (34,5&#215;27,5 cm hors cadre) sur panneau repr\u00e9sentant le portrai d\u2019un homme, ami de l\u2019artiste arlonais Maurice Mathias, peintre expressionniste.\u00a0Maurice Mathias (1912 Marbehan &#8211; 2006 St Mard) apprend \u00e0 peindre et dessiner \u00e0 l\u2019Acad\u00e9mie des Beaux Arts d\u2019Arlon, dans les ateliers J.J. Bischops \u00e0 Li\u00e8ge et de Pierre Paulus \u00e0 Bruxelles. El\u00e8ve de Lucien Bidaine, il fait partie de ce qu\u2019on pourrait appeler l\u2019 \u00ab Ecole arlonaise du Paysage \u00bb. Dans son atelier \u00e0 Arlon (r L\u00e9on Castillon 39) et \u00e0 Parette, il utilise les couleurs franches appliqu\u00e9es au couteau, pr\u00e9f\u00e9r\u00e9 aux pinceaux.<\/div>\n<div>R\u00e9f 24.33<\/div>\n","protected":false},"excerpt":{"rendered":"<p>Peinture \u00e0 l\u2019huile (34,5&#215;27,5 cm hors cadre) sur panneau repr\u00e9sentant le portrai d\u2019un homme, ami de l\u2019artiste arlonais Maurice Mathias, peintre expressionniste.\u00a0Maurice Mathias (1912 Marbehan &#8211; 2006 St Mard) apprend \u00e0 peindre et dessiner \u00e0 l\u2019Acad\u00e9mie des Beaux Arts d\u2019Arlon, dans les ateliers J.J. Bischops \u00e0 Li\u00e8ge et de Pierre Paulus \u00e0 Bruxelles. El\u00e8ve de&hellip;&nbsp;<a href=\"https:\/\/legrenierdelatour.be\/brocante\/produit\/mathias\/\" class=\"\" rel=\"bookmark\">Lire la suite &raquo;<span class=\"screen-reader-text\">Peinture de Maurice Mathias<\/span><\/a><\/p>\n","protected":false},"featured_media":6304,"comment_status":"open","ping_status":"closed","template":"","meta":{"neve_meta_sidebar":"","neve_meta_container":"","neve_meta_enable_content_width":"off","neve_meta_content_width":100,"neve_meta_title_alignment":"","neve_meta_author_avatar":"","neve_post_elements_order":"","neve_meta_disable_header":"","neve_meta_disable_footer":"","neve_meta_disable_title":""},"product_brand":[],"product_cat":[15,31,167],"product_tag":[79,112],"class_list":{"0":"post-6302","1":"product","2":"type-product","3":"status-publish","4":"has-post-thumbnail","6":"product_cat-non-classe","7":"product_cat-pays-darlon","8":"product_cat-peintures-et-sculptures","9":"product_tag-art","10":"product_tag-pays-darlon","12":"first","13":"instock","14":"shipping-taxable","15":"purchasable","16":"product-type-simple"},"_links":{"self":[{"href":"https:\/\/legrenierdelatour.be\/brocante\/wp-json\/wp\/v2\/product\/6302","targetHints":{"allow":["GET"]}}],"collection":[{"href":"https:\/\/legrenierdelatour.be\/brocante\/wp-json\/wp\/v2\/product"}],"about":[{"href":"https:\/\/legrenierdelatour.be\/brocante\/wp-json\/wp\/v2\/types\/product"}],"replies":[{"embeddable":true,"href":"https:\/\/legrenierdelatour.be\/brocante\/wp-json\/wp\/v2\/comments?post=6302"}],"wp:featuredmedia":[{"embeddable":true,"href":"https:\/\/legrenierdelatour.be\/brocante\/wp-json\/wp\/v2\/media\/6304"}],"wp:attachment":[{"href":"https:\/\/legrenierdelatour.be\/brocante\/wp-json\/wp\/v2\/media?parent=6302"}],"wp:term":[{"taxonomy":"product_brand","embeddable":true,"href":"https:\/\/legrenierdelatour.be\/brocante\/wp-json\/wp\/v2\/product_brand?post=6302"},{"taxonomy":"product_cat","embeddable":true,"href":"https:\/\/legrenierdelatour.be\/brocante\/wp-json\/wp\/v2\/product_cat?post=6302"},{"taxonomy":"product_tag","embeddable":true,"href":"https:\/\/legrenierdelatour.be\/brocante\/wp-json\/wp\/v2\/product_tag?post=6302"}],"curies":[{"name":"wp","href":"https:\/\/api.w.org\/{rel}","templated":true}]}}