{"id":6287,"date":"2023-09-18T13:01:26","date_gmt":"2023-09-18T11:01:26","guid":{"rendered":"https:\/\/legrenierdelatour.be\/brocante\/?post_type=product&#038;p=6287"},"modified":"2023-09-18T13:01:26","modified_gmt":"2023-09-18T11:01:26","slug":"ramequins-legumes-schramberg","status":"publish","type":"product","link":"https:\/\/legrenierdelatour.be\/brocante\/produit\/ramequins-legumes-schramberg\/","title":{"rendered":"Ramequins \u00ab\u00a0L\u00e9gumes\u00a0\u00bb Schramberg"},"content":{"rendered":"<p>3 jolis petits plats (10 cm de c\u00f4t\u00e9) avec des repr\u00e9sentations diff\u00e9rentes de l\u00e9gumes. Ces petits plats ap\u00e9ritifs sont issus de la manufacture Schramberg en Allemagne. Ils sont peints main et portent le num\u00e9ro de forme 5014 et les num\u00e9ros de d\u00e9cor 1180 (respectivement 34, 50, 74). Ils sont en parfait \u00e9tat et datent sans doute des ann\u00e9es 1950-60.<\/p>\n<div>R\u00e9f 24.24<\/div>\n","protected":false},"excerpt":{"rendered":"<p>3 jolis petits plats (10 cm de c\u00f4t\u00e9) avec des repr\u00e9sentations diff\u00e9rentes de l\u00e9gumes. Ces petits plats ap\u00e9ritifs sont issus de la manufacture Schramberg en Allemagne. Ils sont peints main et portent le num\u00e9ro de forme 5014 et les num\u00e9ros de d\u00e9cor 1180 (respectivement 34, 50, 74). Ils sont en parfait \u00e9tat et datent sans&hellip;&nbsp;<a href=\"https:\/\/legrenierdelatour.be\/brocante\/produit\/ramequins-legumes-schramberg\/\" class=\"\" rel=\"bookmark\">Lire la suite &raquo;<span class=\"screen-reader-text\">Ramequins \u00ab\u00a0L\u00e9gumes\u00a0\u00bb Schramberg<\/span><\/a><\/p>\n","protected":false},"featured_media":6288,"comment_status":"open","ping_status":"closed","template":"","meta":{"neve_meta_sidebar":"","neve_meta_container":"","neve_meta_enable_content_width":"off","neve_meta_content_width":100,"neve_meta_title_alignment":"","neve_meta_author_avatar":"","neve_post_elements_order":"","neve_meta_disable_header":"","neve_meta_disable_footer":"","neve_meta_disable_title":""},"product_brand":[],"product_cat":[48,172,16],"product_tag":[28],"class_list":{"0":"post-6287","1":"product","2":"type-product","3":"status-publish","4":"has-post-thumbnail","6":"product_cat-allemagne","7":"product_cat-en-cuisine","8":"product_cat-ceramique","9":"product_tag-vintage","11":"first","12":"instock","13":"shipping-taxable","14":"purchasable","15":"product-type-simple"},"_links":{"self":[{"href":"https:\/\/legrenierdelatour.be\/brocante\/wp-json\/wp\/v2\/product\/6287","targetHints":{"allow":["GET"]}}],"collection":[{"href":"https:\/\/legrenierdelatour.be\/brocante\/wp-json\/wp\/v2\/product"}],"about":[{"href":"https:\/\/legrenierdelatour.be\/brocante\/wp-json\/wp\/v2\/types\/product"}],"replies":[{"embeddable":true,"href":"https:\/\/legrenierdelatour.be\/brocante\/wp-json\/wp\/v2\/comments?post=6287"}],"wp:featuredmedia":[{"embeddable":true,"href":"https:\/\/legrenierdelatour.be\/brocante\/wp-json\/wp\/v2\/media\/6288"}],"wp:attachment":[{"href":"https:\/\/legrenierdelatour.be\/brocante\/wp-json\/wp\/v2\/media?parent=6287"}],"wp:term":[{"taxonomy":"product_brand","embeddable":true,"href":"https:\/\/legrenierdelatour.be\/brocante\/wp-json\/wp\/v2\/product_brand?post=6287"},{"taxonomy":"product_cat","embeddable":true,"href":"https:\/\/legrenierdelatour.be\/brocante\/wp-json\/wp\/v2\/product_cat?post=6287"},{"taxonomy":"product_tag","embeddable":true,"href":"https:\/\/legrenierdelatour.be\/brocante\/wp-json\/wp\/v2\/product_tag?post=6287"}],"curies":[{"name":"wp","href":"https:\/\/api.w.org\/{rel}","templated":true}]}}