{"id":6283,"date":"2023-09-18T12:15:15","date_gmt":"2023-09-18T10:15:15","guid":{"rendered":"https:\/\/legrenierdelatour.be\/brocante\/?post_type=product&#038;p=6283"},"modified":"2023-09-18T12:15:16","modified_gmt":"2023-09-18T10:15:16","slug":"plateau-a-foie-gras-argente","status":"publish","type":"product","link":"https:\/\/legrenierdelatour.be\/brocante\/produit\/plateau-a-foie-gras-argente\/","title":{"rendered":"Plateau \u00e0 foie gras, argent\u00e9"},"content":{"rendered":"<p>Joli plateau en m\u00e9tal plaqu\u00e9 argent (28&#215;16 cm) recouvert d&rsquo;un verre ovale. Il s\u2019agit sans doute d\u2019un petit plateau \u00e0 fois gras, c\u2019est pourquoi il est recouvert d\u2019une plaque de verre amovible. Il est de fabrication fran\u00e7aise et date sans doute des ann\u00e9es 1970. Il ne comporte pas de poin\u00e7on visible et est en tr\u00e8s bon \u00e9tat.<\/p>\n<div>R\u00e9f 24.23<\/div>\n","protected":false},"excerpt":{"rendered":"<p>Joli plateau en m\u00e9tal plaqu\u00e9 argent (28&#215;16 cm) recouvert d&rsquo;un verre ovale. Il s\u2019agit sans doute d\u2019un petit plateau \u00e0 fois gras, c\u2019est pourquoi il est recouvert d\u2019une plaque de verre amovible. Il est de fabrication fran\u00e7aise et date sans doute des ann\u00e9es 1970. Il ne comporte pas de poin\u00e7on visible et est en tr\u00e8s&hellip;&nbsp;<a href=\"https:\/\/legrenierdelatour.be\/brocante\/produit\/plateau-a-foie-gras-argente\/\" class=\"\" rel=\"bookmark\">Lire la suite &raquo;<span class=\"screen-reader-text\">Plateau \u00e0 foie gras, argent\u00e9<\/span><\/a><\/p>\n","protected":false},"featured_media":6284,"comment_status":"open","ping_status":"closed","template":"","meta":{"neve_meta_sidebar":"","neve_meta_container":"","neve_meta_enable_content_width":"off","neve_meta_content_width":100,"neve_meta_title_alignment":"","neve_meta_author_avatar":"","neve_post_elements_order":"","neve_meta_disable_header":"","neve_meta_disable_footer":"","neve_meta_disable_title":""},"product_brand":[],"product_cat":[172,109],"product_tag":[],"class_list":{"0":"post-6283","1":"product","2":"type-product","3":"status-publish","4":"has-post-thumbnail","6":"product_cat-en-cuisine","7":"product_cat-metal","9":"first","10":"instock","11":"shipping-taxable","12":"purchasable","13":"product-type-simple"},"_links":{"self":[{"href":"https:\/\/legrenierdelatour.be\/brocante\/wp-json\/wp\/v2\/product\/6283","targetHints":{"allow":["GET"]}}],"collection":[{"href":"https:\/\/legrenierdelatour.be\/brocante\/wp-json\/wp\/v2\/product"}],"about":[{"href":"https:\/\/legrenierdelatour.be\/brocante\/wp-json\/wp\/v2\/types\/product"}],"replies":[{"embeddable":true,"href":"https:\/\/legrenierdelatour.be\/brocante\/wp-json\/wp\/v2\/comments?post=6283"}],"wp:featuredmedia":[{"embeddable":true,"href":"https:\/\/legrenierdelatour.be\/brocante\/wp-json\/wp\/v2\/media\/6284"}],"wp:attachment":[{"href":"https:\/\/legrenierdelatour.be\/brocante\/wp-json\/wp\/v2\/media?parent=6283"}],"wp:term":[{"taxonomy":"product_brand","embeddable":true,"href":"https:\/\/legrenierdelatour.be\/brocante\/wp-json\/wp\/v2\/product_brand?post=6283"},{"taxonomy":"product_cat","embeddable":true,"href":"https:\/\/legrenierdelatour.be\/brocante\/wp-json\/wp\/v2\/product_cat?post=6283"},{"taxonomy":"product_tag","embeddable":true,"href":"https:\/\/legrenierdelatour.be\/brocante\/wp-json\/wp\/v2\/product_tag?post=6283"}],"curies":[{"name":"wp","href":"https:\/\/api.w.org\/{rel}","templated":true}]}}