{"id":6277,"date":"2023-09-18T12:03:56","date_gmt":"2023-09-18T10:03:56","guid":{"rendered":"https:\/\/legrenierdelatour.be\/brocante\/?post_type=product&#038;p=6277"},"modified":"2023-09-18T12:03:56","modified_gmt":"2023-09-18T10:03:56","slug":"vierge-en-porcelaine-goebel-1959","status":"publish","type":"product","link":"https:\/\/legrenierdelatour.be\/brocante\/produit\/vierge-en-porcelaine-goebel-1959\/","title":{"rendered":"Vierge en porcelaine Goebel 1959"},"content":{"rendered":"<p>Statuette de la Vierge (26 cm de haut), issue de la manufacture Goebel Schaubach (depuis 1871) en Allemagne. Elle porte le nim\u00e9ro de mod\u00e8le 120\/ 1, Schau, et le num\u00e9ro 1959. Elle a une fissure sur le c\u00f4t\u00e9 et un petit coup dessous. Elle date des ann\u00e9es 1950<\/p>\n<div>R\u00e9f 24.22<\/div>\n","protected":false},"excerpt":{"rendered":"<p>Statuette de la Vierge (26 cm de haut), issue de la manufacture Goebel Schaubach (depuis 1871) en Allemagne. Elle porte le nim\u00e9ro de mod\u00e8le 120\/ 1, Schau, et le num\u00e9ro 1959. Elle a une fissure sur le c\u00f4t\u00e9 et un petit coup dessous. Elle date des ann\u00e9es 1950 R\u00e9f 24.22<\/p>\n","protected":false},"featured_media":6280,"comment_status":"open","ping_status":"closed","template":"","meta":{"neve_meta_sidebar":"","neve_meta_container":"","neve_meta_enable_content_width":"off","neve_meta_content_width":100,"neve_meta_title_alignment":"","neve_meta_author_avatar":"","neve_post_elements_order":"","neve_meta_disable_header":"","neve_meta_disable_footer":"","neve_meta_disable_title":""},"product_brand":[],"product_cat":[48,16,34],"product_tag":[79,35],"class_list":{"0":"post-6277","1":"product","2":"type-product","3":"status-publish","4":"has-post-thumbnail","6":"product_cat-allemagne","7":"product_cat-ceramique","8":"product_cat-religiosa","9":"product_tag-art","10":"product_tag-religion","12":"first","13":"instock","14":"shipping-taxable","15":"purchasable","16":"product-type-simple"},"_links":{"self":[{"href":"https:\/\/legrenierdelatour.be\/brocante\/wp-json\/wp\/v2\/product\/6277","targetHints":{"allow":["GET"]}}],"collection":[{"href":"https:\/\/legrenierdelatour.be\/brocante\/wp-json\/wp\/v2\/product"}],"about":[{"href":"https:\/\/legrenierdelatour.be\/brocante\/wp-json\/wp\/v2\/types\/product"}],"replies":[{"embeddable":true,"href":"https:\/\/legrenierdelatour.be\/brocante\/wp-json\/wp\/v2\/comments?post=6277"}],"wp:featuredmedia":[{"embeddable":true,"href":"https:\/\/legrenierdelatour.be\/brocante\/wp-json\/wp\/v2\/media\/6280"}],"wp:attachment":[{"href":"https:\/\/legrenierdelatour.be\/brocante\/wp-json\/wp\/v2\/media?parent=6277"}],"wp:term":[{"taxonomy":"product_brand","embeddable":true,"href":"https:\/\/legrenierdelatour.be\/brocante\/wp-json\/wp\/v2\/product_brand?post=6277"},{"taxonomy":"product_cat","embeddable":true,"href":"https:\/\/legrenierdelatour.be\/brocante\/wp-json\/wp\/v2\/product_cat?post=6277"},{"taxonomy":"product_tag","embeddable":true,"href":"https:\/\/legrenierdelatour.be\/brocante\/wp-json\/wp\/v2\/product_tag?post=6277"}],"curies":[{"name":"wp","href":"https:\/\/api.w.org\/{rel}","templated":true}]}}