{"id":6273,"date":"2023-09-18T11:52:34","date_gmt":"2023-09-18T09:52:34","guid":{"rendered":"https:\/\/legrenierdelatour.be\/brocante\/?post_type=product&#038;p=6273"},"modified":"2023-09-18T11:52:34","modified_gmt":"2023-09-18T09:52:34","slug":"vasque-en-barbotine","status":"publish","type":"product","link":"https:\/\/legrenierdelatour.be\/brocante\/produit\/vasque-en-barbotine\/","title":{"rendered":"Vasque en barbotine"},"content":{"rendered":"<p>Belle vasque en barbotine (25 cm de long) sans marque de manufacture, mais provenant probablement du Nord de la France. Elle est en parfait \u00e9tat si ce n\u2019est des craquelures d\u2019\u00e2ge. Elle date sans doute de la premi\u00e8re moiti\u00e9 du 20\u00e8 si\u00e8cle.<\/p>\n<div>R\u00e9f 24.21<\/div>\n","protected":false},"excerpt":{"rendered":"<p>Belle vasque en barbotine (25 cm de long) sans marque de manufacture, mais provenant probablement du Nord de la France. Elle est en parfait \u00e9tat si ce n\u2019est des craquelures d\u2019\u00e2ge. Elle date sans doute de la premi\u00e8re moiti\u00e9 du 20\u00e8 si\u00e8cle. R\u00e9f 24.21<\/p>\n","protected":false},"featured_media":6274,"comment_status":"open","ping_status":"closed","template":"","meta":{"neve_meta_sidebar":"","neve_meta_container":"","neve_meta_enable_content_width":"off","neve_meta_content_width":100,"neve_meta_title_alignment":"","neve_meta_author_avatar":"","neve_post_elements_order":"","neve_meta_disable_header":"","neve_meta_disable_footer":"","neve_meta_disable_title":""},"product_brand":[],"product_cat":[16,59],"product_tag":[21,19],"class_list":{"0":"post-6273","1":"product","2":"type-product","3":"status-publish","4":"has-post-thumbnail","6":"product_cat-ceramique","7":"product_cat-france","8":"product_tag-art-deco","9":"product_tag-faience","11":"first","12":"instock","13":"shipping-taxable","14":"purchasable","15":"product-type-simple"},"_links":{"self":[{"href":"https:\/\/legrenierdelatour.be\/brocante\/wp-json\/wp\/v2\/product\/6273","targetHints":{"allow":["GET"]}}],"collection":[{"href":"https:\/\/legrenierdelatour.be\/brocante\/wp-json\/wp\/v2\/product"}],"about":[{"href":"https:\/\/legrenierdelatour.be\/brocante\/wp-json\/wp\/v2\/types\/product"}],"replies":[{"embeddable":true,"href":"https:\/\/legrenierdelatour.be\/brocante\/wp-json\/wp\/v2\/comments?post=6273"}],"wp:featuredmedia":[{"embeddable":true,"href":"https:\/\/legrenierdelatour.be\/brocante\/wp-json\/wp\/v2\/media\/6274"}],"wp:attachment":[{"href":"https:\/\/legrenierdelatour.be\/brocante\/wp-json\/wp\/v2\/media?parent=6273"}],"wp:term":[{"taxonomy":"product_brand","embeddable":true,"href":"https:\/\/legrenierdelatour.be\/brocante\/wp-json\/wp\/v2\/product_brand?post=6273"},{"taxonomy":"product_cat","embeddable":true,"href":"https:\/\/legrenierdelatour.be\/brocante\/wp-json\/wp\/v2\/product_cat?post=6273"},{"taxonomy":"product_tag","embeddable":true,"href":"https:\/\/legrenierdelatour.be\/brocante\/wp-json\/wp\/v2\/product_tag?post=6273"}],"curies":[{"name":"wp","href":"https:\/\/api.w.org\/{rel}","templated":true}]}}