{"id":6247,"date":"2023-09-12T11:57:01","date_gmt":"2023-09-12T09:57:01","guid":{"rendered":"https:\/\/legrenierdelatour.be\/brocante\/?post_type=product&#038;p=6247"},"modified":"2023-09-12T11:57:02","modified_gmt":"2023-09-12T09:57:02","slug":"coiffeuse-de-table-art-deco","status":"publish","type":"product","link":"https:\/\/legrenierdelatour.be\/brocante\/produit\/coiffeuse-de-table-art-deco\/","title":{"rendered":"Coiffeuse de table Art D\u00e9co"},"content":{"rendered":"<p>Petite coiffeuse de table (32 cm de haut x26,5 x 9 cm de large) compos\u00e9e d\u2019un miroir biseaut\u00e9, et d\u2019un support avec rangement en bois. Son d\u00e9cor de fleurs stylis\u00e9es la date des ann\u00e9es 1930, p\u00e9riode art D\u00e9co. Elle est en tr\u00e8s bon \u00e9tat, si n,est quelques piq\u00fbres sur le miroir.<\/p>\n<div>R\u00e9f 23.100<\/div>\n","protected":false},"excerpt":{"rendered":"<p>Petite coiffeuse de table (32 cm de haut x26,5 x 9 cm de large) compos\u00e9e d\u2019un miroir biseaut\u00e9, et d\u2019un support avec rangement en bois. Son d\u00e9cor de fleurs stylis\u00e9es la date des ann\u00e9es 1930, p\u00e9riode art D\u00e9co. Elle est en tr\u00e8s bon \u00e9tat, si n,est quelques piq\u00fbres sur le miroir. R\u00e9f 23.100<\/p>\n","protected":false},"featured_media":6249,"comment_status":"open","ping_status":"closed","template":"","meta":{"neve_meta_sidebar":"","neve_meta_container":"","neve_meta_enable_content_width":"off","neve_meta_content_width":100,"neve_meta_title_alignment":"","neve_meta_author_avatar":"","neve_post_elements_order":"","neve_meta_disable_header":"","neve_meta_disable_footer":"","neve_meta_disable_title":""},"product_brand":[],"product_cat":[23,85],"product_tag":[21,86],"class_list":{"0":"post-6247","1":"product","2":"type-product","3":"status-publish","4":"has-post-thumbnail","6":"product_cat-mobilier","7":"product_cat-miroir","8":"product_tag-art-deco","9":"product_tag-miroir","11":"first","12":"instock","13":"shipping-taxable","14":"purchasable","15":"product-type-simple"},"_links":{"self":[{"href":"https:\/\/legrenierdelatour.be\/brocante\/wp-json\/wp\/v2\/product\/6247","targetHints":{"allow":["GET"]}}],"collection":[{"href":"https:\/\/legrenierdelatour.be\/brocante\/wp-json\/wp\/v2\/product"}],"about":[{"href":"https:\/\/legrenierdelatour.be\/brocante\/wp-json\/wp\/v2\/types\/product"}],"replies":[{"embeddable":true,"href":"https:\/\/legrenierdelatour.be\/brocante\/wp-json\/wp\/v2\/comments?post=6247"}],"wp:featuredmedia":[{"embeddable":true,"href":"https:\/\/legrenierdelatour.be\/brocante\/wp-json\/wp\/v2\/media\/6249"}],"wp:attachment":[{"href":"https:\/\/legrenierdelatour.be\/brocante\/wp-json\/wp\/v2\/media?parent=6247"}],"wp:term":[{"taxonomy":"product_brand","embeddable":true,"href":"https:\/\/legrenierdelatour.be\/brocante\/wp-json\/wp\/v2\/product_brand?post=6247"},{"taxonomy":"product_cat","embeddable":true,"href":"https:\/\/legrenierdelatour.be\/brocante\/wp-json\/wp\/v2\/product_cat?post=6247"},{"taxonomy":"product_tag","embeddable":true,"href":"https:\/\/legrenierdelatour.be\/brocante\/wp-json\/wp\/v2\/product_tag?post=6247"}],"curies":[{"name":"wp","href":"https:\/\/api.w.org\/{rel}","templated":true}]}}