{"id":6230,"date":"2023-09-12T11:17:23","date_gmt":"2023-09-12T09:17:23","guid":{"rendered":"https:\/\/legrenierdelatour.be\/brocante\/?post_type=product&#038;p=6230"},"modified":"2023-09-12T11:17:24","modified_gmt":"2023-09-12T09:17:24","slug":"porte-photo-en-cristal-1950","status":"publish","type":"product","link":"https:\/\/legrenierdelatour.be\/brocante\/produit\/porte-photo-en-cristal-1950\/","title":{"rendered":"Porte-photo en cristal, 1950"},"content":{"rendered":"<p>Joli porte-photo (15 cm de haut) en cristal press\u00e9 moul\u00e9. De fabrication allemande, il date sans doute des ann\u00e9es 1940-50 et est en parfait \u00e9tat.<\/p>\n<div>R\u00e9f 23.96<\/div>\n","protected":false},"excerpt":{"rendered":"<p>Joli porte-photo (15 cm de haut) en cristal press\u00e9 moul\u00e9. De fabrication allemande, il date sans doute des ann\u00e9es 1940-50 et est en parfait \u00e9tat. R\u00e9f 23.96<\/p>\n","protected":false},"featured_media":6235,"comment_status":"open","ping_status":"closed","template":"","meta":{"neve_meta_sidebar":"","neve_meta_container":"","neve_meta_enable_content_width":"off","neve_meta_content_width":100,"neve_meta_title_alignment":"","neve_meta_author_avatar":"","neve_post_elements_order":"","neve_meta_disable_header":"","neve_meta_disable_footer":"","neve_meta_disable_title":""},"product_brand":[],"product_cat":[22],"product_tag":[28],"class_list":{"0":"post-6230","1":"product","2":"type-product","3":"status-publish","4":"has-post-thumbnail","6":"product_cat-verrerie","7":"product_tag-vintage","9":"first","10":"instock","11":"shipping-taxable","12":"purchasable","13":"product-type-simple"},"_links":{"self":[{"href":"https:\/\/legrenierdelatour.be\/brocante\/wp-json\/wp\/v2\/product\/6230","targetHints":{"allow":["GET"]}}],"collection":[{"href":"https:\/\/legrenierdelatour.be\/brocante\/wp-json\/wp\/v2\/product"}],"about":[{"href":"https:\/\/legrenierdelatour.be\/brocante\/wp-json\/wp\/v2\/types\/product"}],"replies":[{"embeddable":true,"href":"https:\/\/legrenierdelatour.be\/brocante\/wp-json\/wp\/v2\/comments?post=6230"}],"wp:featuredmedia":[{"embeddable":true,"href":"https:\/\/legrenierdelatour.be\/brocante\/wp-json\/wp\/v2\/media\/6235"}],"wp:attachment":[{"href":"https:\/\/legrenierdelatour.be\/brocante\/wp-json\/wp\/v2\/media?parent=6230"}],"wp:term":[{"taxonomy":"product_brand","embeddable":true,"href":"https:\/\/legrenierdelatour.be\/brocante\/wp-json\/wp\/v2\/product_brand?post=6230"},{"taxonomy":"product_cat","embeddable":true,"href":"https:\/\/legrenierdelatour.be\/brocante\/wp-json\/wp\/v2\/product_cat?post=6230"},{"taxonomy":"product_tag","embeddable":true,"href":"https:\/\/legrenierdelatour.be\/brocante\/wp-json\/wp\/v2\/product_tag?post=6230"}],"curies":[{"name":"wp","href":"https:\/\/api.w.org\/{rel}","templated":true}]}}