{"id":6227,"date":"2023-09-12T11:06:45","date_gmt":"2023-09-12T09:06:45","guid":{"rendered":"https:\/\/legrenierdelatour.be\/brocante\/?post_type=product&#038;p=6227"},"modified":"2023-09-12T11:06:45","modified_gmt":"2023-09-12T09:06:45","slug":"assiette-en-etain-eglise-ste-walburge-de-stockem-1993","status":"publish","type":"product","link":"https:\/\/legrenierdelatour.be\/brocante\/produit\/assiette-en-etain-eglise-ste-walburge-de-stockem-1993\/","title":{"rendered":"Assiette en \u00e9tain, Eglise Ste Walburge de Stockem, 1993"},"content":{"rendered":"<p>Grande assiette en \u00e9tain (28 cm de diam\u00e8tre) avec une repr\u00e9sentation de l\u2019\u00e9glise Sainte walburge de Stockem; Elle a \u00e9t\u00e9 \u00e9dit\u00e9e pour les 150 ans de l\u2019\u00e9dlise en 1993. Elle est num\u00e9rot\u00e9e \u00ab\u00a08\u00a0\u00bb \u00e0 l\u2019arri\u00e8re, avec les dates 1943-1993. Se trouve \u00e9galement le cachet du fondeur, Val Tontelange, et l\u2019\u00e9tiquette Art-Etain, Val d\u2019Attert (Pougin Vincent)\u2026<\/p>\n<div>R\u00e9f 23.94<\/div>\n","protected":false},"excerpt":{"rendered":"<p>Grande assiette en \u00e9tain (28 cm de diam\u00e8tre) avec une repr\u00e9sentation de l\u2019\u00e9glise Sainte walburge de Stockem; Elle a \u00e9t\u00e9 \u00e9dit\u00e9e pour les 150 ans de l\u2019\u00e9dlise en 1993. Elle est num\u00e9rot\u00e9e \u00ab\u00a08\u00a0\u00bb \u00e0 l\u2019arri\u00e8re, avec les dates 1943-1993. Se trouve \u00e9galement le cachet du fondeur, Val Tontelange, et l\u2019\u00e9tiquette Art-Etain, Val d\u2019Attert (Pougin Vincent)\u2026&hellip;&nbsp;<a href=\"https:\/\/legrenierdelatour.be\/brocante\/produit\/assiette-en-etain-eglise-ste-walburge-de-stockem-1993\/\" class=\"\" rel=\"bookmark\">Lire la suite &raquo;<span class=\"screen-reader-text\">Assiette en \u00e9tain, Eglise Ste Walburge de Stockem, 1993<\/span><\/a><\/p>\n","protected":false},"featured_media":6228,"comment_status":"open","ping_status":"closed","template":"","meta":{"neve_meta_sidebar":"","neve_meta_container":"","neve_meta_enable_content_width":"off","neve_meta_content_width":100,"neve_meta_title_alignment":"","neve_meta_author_avatar":"","neve_post_elements_order":"","neve_meta_disable_header":"","neve_meta_disable_footer":"","neve_meta_disable_title":""},"product_brand":[],"product_cat":[110,30,31],"product_tag":[112],"class_list":{"0":"post-6227","1":"product","2":"type-product","3":"status-publish","4":"has-post-thumbnail","6":"product_cat-etain","7":"product_cat-luxemburgensia","8":"product_cat-pays-darlon","9":"product_tag-pays-darlon","11":"first","12":"instock","13":"shipping-taxable","14":"purchasable","15":"product-type-simple"},"_links":{"self":[{"href":"https:\/\/legrenierdelatour.be\/brocante\/wp-json\/wp\/v2\/product\/6227","targetHints":{"allow":["GET"]}}],"collection":[{"href":"https:\/\/legrenierdelatour.be\/brocante\/wp-json\/wp\/v2\/product"}],"about":[{"href":"https:\/\/legrenierdelatour.be\/brocante\/wp-json\/wp\/v2\/types\/product"}],"replies":[{"embeddable":true,"href":"https:\/\/legrenierdelatour.be\/brocante\/wp-json\/wp\/v2\/comments?post=6227"}],"wp:featuredmedia":[{"embeddable":true,"href":"https:\/\/legrenierdelatour.be\/brocante\/wp-json\/wp\/v2\/media\/6228"}],"wp:attachment":[{"href":"https:\/\/legrenierdelatour.be\/brocante\/wp-json\/wp\/v2\/media?parent=6227"}],"wp:term":[{"taxonomy":"product_brand","embeddable":true,"href":"https:\/\/legrenierdelatour.be\/brocante\/wp-json\/wp\/v2\/product_brand?post=6227"},{"taxonomy":"product_cat","embeddable":true,"href":"https:\/\/legrenierdelatour.be\/brocante\/wp-json\/wp\/v2\/product_cat?post=6227"},{"taxonomy":"product_tag","embeddable":true,"href":"https:\/\/legrenierdelatour.be\/brocante\/wp-json\/wp\/v2\/product_tag?post=6227"}],"curies":[{"name":"wp","href":"https:\/\/api.w.org\/{rel}","templated":true}]}}