{"id":6223,"date":"2023-09-12T10:56:48","date_gmt":"2023-09-12T08:56:48","guid":{"rendered":"https:\/\/legrenierdelatour.be\/brocante\/?post_type=product&#038;p=6223"},"modified":"2023-09-12T10:56:48","modified_gmt":"2023-09-12T08:56:48","slug":"plat-sur-pied-188-anemone-hubert-bequet","status":"publish","type":"product","link":"https:\/\/legrenierdelatour.be\/brocante\/produit\/plat-sur-pied-188-anemone-hubert-bequet\/","title":{"rendered":"Plat sur pied 188 An\u00e9mone, Hubert Bequet"},"content":{"rendered":"<p>Grand plat sur pied (29 cm de diam\u00e8tre) issu de la manufacture Hubert Bequet Quaregnon (1934-1982) entre 1944 et 1976. Il est en parfait \u00e9tat, porte le num\u00e9ro de forme 188 et le d\u00e9cor An\u00e9mone.<\/p>\n<div>R\u00e9f 23.93<\/div>\n","protected":false},"excerpt":{"rendered":"<p>Grand plat sur pied (29 cm de diam\u00e8tre) issu de la manufacture Hubert Bequet Quaregnon (1934-1982) entre 1944 et 1976. Il est en parfait \u00e9tat, porte le num\u00e9ro de forme 188 et le d\u00e9cor An\u00e9mone. R\u00e9f 23.93<\/p>\n","protected":false},"featured_media":6224,"comment_status":"open","ping_status":"closed","template":"","meta":{"neve_meta_sidebar":"","neve_meta_container":"","neve_meta_enable_content_width":"off","neve_meta_content_width":100,"neve_meta_title_alignment":"","neve_meta_author_avatar":"","neve_post_elements_order":"","neve_meta_disable_header":"","neve_meta_disable_footer":"","neve_meta_disable_title":""},"product_brand":[],"product_cat":[37,172,16,36],"product_tag":[19,38],"class_list":{"0":"post-6223","1":"product","2":"type-product","3":"status-publish","4":"has-post-thumbnail","6":"product_cat-belgique","7":"product_cat-en-cuisine","8":"product_cat-ceramique","9":"product_cat-hubert-bequet","10":"product_tag-faience","11":"product_tag-hubert-bequet","13":"first","14":"instock","15":"shipping-taxable","16":"purchasable","17":"product-type-simple"},"_links":{"self":[{"href":"https:\/\/legrenierdelatour.be\/brocante\/wp-json\/wp\/v2\/product\/6223","targetHints":{"allow":["GET"]}}],"collection":[{"href":"https:\/\/legrenierdelatour.be\/brocante\/wp-json\/wp\/v2\/product"}],"about":[{"href":"https:\/\/legrenierdelatour.be\/brocante\/wp-json\/wp\/v2\/types\/product"}],"replies":[{"embeddable":true,"href":"https:\/\/legrenierdelatour.be\/brocante\/wp-json\/wp\/v2\/comments?post=6223"}],"wp:featuredmedia":[{"embeddable":true,"href":"https:\/\/legrenierdelatour.be\/brocante\/wp-json\/wp\/v2\/media\/6224"}],"wp:attachment":[{"href":"https:\/\/legrenierdelatour.be\/brocante\/wp-json\/wp\/v2\/media?parent=6223"}],"wp:term":[{"taxonomy":"product_brand","embeddable":true,"href":"https:\/\/legrenierdelatour.be\/brocante\/wp-json\/wp\/v2\/product_brand?post=6223"},{"taxonomy":"product_cat","embeddable":true,"href":"https:\/\/legrenierdelatour.be\/brocante\/wp-json\/wp\/v2\/product_cat?post=6223"},{"taxonomy":"product_tag","embeddable":true,"href":"https:\/\/legrenierdelatour.be\/brocante\/wp-json\/wp\/v2\/product_tag?post=6223"}],"curies":[{"name":"wp","href":"https:\/\/api.w.org\/{rel}","templated":true}]}}