{"id":6215,"date":"2023-09-12T10:12:26","date_gmt":"2023-09-12T08:12:26","guid":{"rendered":"https:\/\/legrenierdelatour.be\/brocante\/?post_type=product&#038;p=6215"},"modified":"2023-09-12T10:12:26","modified_gmt":"2023-09-12T08:12:26","slug":"boite-a-peigne-nimy-art-deco","status":"publish","type":"product","link":"https:\/\/legrenierdelatour.be\/brocante\/produit\/boite-a-peigne-nimy-art-deco\/","title":{"rendered":"Bo\u00eete \u00e0 peigne, Nimy, Art D\u00e9co"},"content":{"rendered":"<p>Jolie bo\u00eete en fa\u00efence (21 cm de long) faisant partie d\u2019un ensemble de toilette issu de la manufacture de Nimy (1789-1950) en Belgique. Le cachet de la fa\u00efencerie est celui dit \u00ab\u00a0\u00e0 la Couronne Royale\u00a0\u00bb, datant des ann\u00e9es 1920-51. Avec son d\u00e9cor tr\u00e8s ar D\u00e9co, cette bo\u00eete date sans doute des ann\u00e9es 1930-40. Elle porte \u00e9galement en creux le nom de la forme sans doute \u00ab\u00a0cantoise\u00a0\u00bb.<\/p>\n<div>R\u00e9f 23.89<\/div>\n","protected":false},"excerpt":{"rendered":"<p>Jolie bo\u00eete en fa\u00efence (21 cm de long) faisant partie d\u2019un ensemble de toilette issu de la manufacture de Nimy (1789-1950) en Belgique. Le cachet de la fa\u00efencerie est celui dit \u00ab\u00a0\u00e0 la Couronne Royale\u00a0\u00bb, datant des ann\u00e9es 1920-51. Avec son d\u00e9cor tr\u00e8s ar D\u00e9co, cette bo\u00eete date sans doute des ann\u00e9es 1930-40. Elle porte&hellip;&nbsp;<a href=\"https:\/\/legrenierdelatour.be\/brocante\/produit\/boite-a-peigne-nimy-art-deco\/\" class=\"\" rel=\"bookmark\">Lire la suite &raquo;<span class=\"screen-reader-text\">Bo\u00eete \u00e0 peigne, Nimy, Art D\u00e9co<\/span><\/a><\/p>\n","protected":false},"featured_media":6216,"comment_status":"open","ping_status":"closed","template":"","meta":{"neve_meta_sidebar":"","neve_meta_container":"","neve_meta_enable_content_width":"off","neve_meta_content_width":100,"neve_meta_title_alignment":"","neve_meta_author_avatar":"","neve_post_elements_order":"","neve_meta_disable_header":"","neve_meta_disable_footer":"","neve_meta_disable_title":""},"product_brand":[],"product_cat":[37,16,188],"product_tag":[21,43],"class_list":{"0":"post-6215","1":"product","2":"type-product","3":"status-publish","4":"has-post-thumbnail","6":"product_cat-belgique","7":"product_cat-ceramique","8":"product_cat-nimy","9":"product_tag-art-deco","10":"product_tag-nimy","12":"first","13":"instock","14":"shipping-taxable","15":"purchasable","16":"product-type-simple"},"_links":{"self":[{"href":"https:\/\/legrenierdelatour.be\/brocante\/wp-json\/wp\/v2\/product\/6215","targetHints":{"allow":["GET"]}}],"collection":[{"href":"https:\/\/legrenierdelatour.be\/brocante\/wp-json\/wp\/v2\/product"}],"about":[{"href":"https:\/\/legrenierdelatour.be\/brocante\/wp-json\/wp\/v2\/types\/product"}],"replies":[{"embeddable":true,"href":"https:\/\/legrenierdelatour.be\/brocante\/wp-json\/wp\/v2\/comments?post=6215"}],"wp:featuredmedia":[{"embeddable":true,"href":"https:\/\/legrenierdelatour.be\/brocante\/wp-json\/wp\/v2\/media\/6216"}],"wp:attachment":[{"href":"https:\/\/legrenierdelatour.be\/brocante\/wp-json\/wp\/v2\/media?parent=6215"}],"wp:term":[{"taxonomy":"product_brand","embeddable":true,"href":"https:\/\/legrenierdelatour.be\/brocante\/wp-json\/wp\/v2\/product_brand?post=6215"},{"taxonomy":"product_cat","embeddable":true,"href":"https:\/\/legrenierdelatour.be\/brocante\/wp-json\/wp\/v2\/product_cat?post=6215"},{"taxonomy":"product_tag","embeddable":true,"href":"https:\/\/legrenierdelatour.be\/brocante\/wp-json\/wp\/v2\/product_tag?post=6215"}],"curies":[{"name":"wp","href":"https:\/\/api.w.org\/{rel}","templated":true}]}}