{"id":6163,"date":"2023-09-02T14:47:35","date_gmt":"2023-09-02T12:47:35","guid":{"rendered":"https:\/\/legrenierdelatour.be\/brocante\/?post_type=product&#038;p=6163"},"modified":"2024-12-16T13:36:01","modified_gmt":"2024-12-16T12:36:01","slug":"bonbonniere-en-meta-argente-art-deco","status":"publish","type":"product","link":"https:\/\/legrenierdelatour.be\/brocante\/produit\/bonbonniere-en-meta-argente-art-deco\/","title":{"rendered":"Bonbonni\u00e8re en m\u00e9tal argent\u00e9, Art D\u00e9co"},"content":{"rendered":"<p>Jolie bonbonni\u00e8re (11 cm de diam\u00e8tre) en m\u00e9tal argent\u00e9. Elle est poin\u00e7onn\u00e9e d\u2019un poin\u00e7on carr\u00e9 avec le chiffre 4, et d\u2019un poin\u00e7on carr\u00e9 avec les lettres CR entourant un sapin (?). Cette bonbonni\u00e8re date sans doute des ann\u00e9es 1930, avec son style Art D\u00e9co, et repose sur trois petits pieds ronds.<\/p>\n<div>R\u00e9f 23.68<\/div>\n","protected":false},"excerpt":{"rendered":"<p>Jolie bonbonni\u00e8re (11 cm de diam\u00e8tre) en m\u00e9tal argent\u00e9. Elle est poin\u00e7onn\u00e9e d\u2019un poin\u00e7on carr\u00e9 avec le chiffre 4, et d\u2019un poin\u00e7on carr\u00e9 avec les lettres CR entourant un sapin (?). Cette bonbonni\u00e8re date sans doute des ann\u00e9es 1930, avec son style Art D\u00e9co, et repose sur trois petits pieds ronds. R\u00e9f 23.68<\/p>\n","protected":false},"featured_media":6164,"comment_status":"open","ping_status":"closed","template":"","meta":{"neve_meta_sidebar":"","neve_meta_container":"","neve_meta_enable_content_width":"off","neve_meta_content_width":100,"neve_meta_title_alignment":"","neve_meta_author_avatar":"","neve_post_elements_order":"","neve_meta_disable_header":"","neve_meta_disable_footer":"","neve_meta_disable_title":""},"product_brand":[],"product_cat":[109],"product_tag":[21],"class_list":{"0":"post-6163","1":"product","2":"type-product","3":"status-publish","4":"has-post-thumbnail","6":"product_cat-metal","7":"product_tag-art-deco","9":"first","10":"instock","11":"shipping-taxable","12":"purchasable","13":"product-type-simple"},"_links":{"self":[{"href":"https:\/\/legrenierdelatour.be\/brocante\/wp-json\/wp\/v2\/product\/6163","targetHints":{"allow":["GET"]}}],"collection":[{"href":"https:\/\/legrenierdelatour.be\/brocante\/wp-json\/wp\/v2\/product"}],"about":[{"href":"https:\/\/legrenierdelatour.be\/brocante\/wp-json\/wp\/v2\/types\/product"}],"replies":[{"embeddable":true,"href":"https:\/\/legrenierdelatour.be\/brocante\/wp-json\/wp\/v2\/comments?post=6163"}],"wp:featuredmedia":[{"embeddable":true,"href":"https:\/\/legrenierdelatour.be\/brocante\/wp-json\/wp\/v2\/media\/6164"}],"wp:attachment":[{"href":"https:\/\/legrenierdelatour.be\/brocante\/wp-json\/wp\/v2\/media?parent=6163"}],"wp:term":[{"taxonomy":"product_brand","embeddable":true,"href":"https:\/\/legrenierdelatour.be\/brocante\/wp-json\/wp\/v2\/product_brand?post=6163"},{"taxonomy":"product_cat","embeddable":true,"href":"https:\/\/legrenierdelatour.be\/brocante\/wp-json\/wp\/v2\/product_cat?post=6163"},{"taxonomy":"product_tag","embeddable":true,"href":"https:\/\/legrenierdelatour.be\/brocante\/wp-json\/wp\/v2\/product_tag?post=6163"}],"curies":[{"name":"wp","href":"https:\/\/api.w.org\/{rel}","templated":true}]}}