{"id":6154,"date":"2023-09-01T14:37:43","date_gmt":"2023-09-01T12:37:43","guid":{"rendered":"https:\/\/legrenierdelatour.be\/brocante\/?post_type=product&#038;p=6154"},"modified":"2023-09-01T14:37:43","modified_gmt":"2023-09-01T12:37:43","slug":"peinture-nature-morte-aux-lilas-nic-sch","status":"publish","type":"product","link":"https:\/\/legrenierdelatour.be\/brocante\/produit\/peinture-nature-morte-aux-lilas-nic-sch\/","title":{"rendered":"Peinture \u00ab\u00a0Nature morte aux lilas\u00a0\u00bb, Nic Sch"},"content":{"rendered":"<p>Peinture d\u2019une nature morte (60&#215;50 cm cadre compris) repr\u00e9sentant des lilas, sign\u00e9e par Nic Sch (artiste non identifi\u00e9). Cette peinture a \u00e9t\u00e9 encadr\u00e9e chez Bradtke \u00e0 Luxembourg. Il s\u2019agit sans doute d\u2019un artiste luxembourgeois, dans les ann\u00e9es 1950 (?).<\/p>\n<div>R\u00e9f 23.64<\/div>\n","protected":false},"excerpt":{"rendered":"<p>Peinture d\u2019une nature morte (60&#215;50 cm cadre compris) repr\u00e9sentant des lilas, sign\u00e9e par Nic Sch (artiste non identifi\u00e9). Cette peinture a \u00e9t\u00e9 encadr\u00e9e chez Bradtke \u00e0 Luxembourg. Il s\u2019agit sans doute d\u2019un artiste luxembourgeois, dans les ann\u00e9es 1950 (?). R\u00e9f 23.64<\/p>\n","protected":false},"featured_media":6155,"comment_status":"open","ping_status":"closed","template":"","meta":{"neve_meta_sidebar":"","neve_meta_container":"","neve_meta_enable_content_width":"off","neve_meta_content_width":100,"neve_meta_title_alignment":"","neve_meta_author_avatar":"","neve_post_elements_order":"","neve_meta_disable_header":"","neve_meta_disable_footer":"","neve_meta_disable_title":""},"product_brand":[],"product_cat":[166,167],"product_tag":[79,83],"class_list":{"0":"post-6154","1":"product","2":"type-product","3":"status-publish","4":"has-post-thumbnail","6":"product_cat-luxemburgensia-luxemburgensia","7":"product_cat-peintures-et-sculptures","8":"product_tag-art","9":"product_tag-luxemburgensia","11":"first","12":"instock","13":"shipping-taxable","14":"purchasable","15":"product-type-simple"},"_links":{"self":[{"href":"https:\/\/legrenierdelatour.be\/brocante\/wp-json\/wp\/v2\/product\/6154","targetHints":{"allow":["GET"]}}],"collection":[{"href":"https:\/\/legrenierdelatour.be\/brocante\/wp-json\/wp\/v2\/product"}],"about":[{"href":"https:\/\/legrenierdelatour.be\/brocante\/wp-json\/wp\/v2\/types\/product"}],"replies":[{"embeddable":true,"href":"https:\/\/legrenierdelatour.be\/brocante\/wp-json\/wp\/v2\/comments?post=6154"}],"wp:featuredmedia":[{"embeddable":true,"href":"https:\/\/legrenierdelatour.be\/brocante\/wp-json\/wp\/v2\/media\/6155"}],"wp:attachment":[{"href":"https:\/\/legrenierdelatour.be\/brocante\/wp-json\/wp\/v2\/media?parent=6154"}],"wp:term":[{"taxonomy":"product_brand","embeddable":true,"href":"https:\/\/legrenierdelatour.be\/brocante\/wp-json\/wp\/v2\/product_brand?post=6154"},{"taxonomy":"product_cat","embeddable":true,"href":"https:\/\/legrenierdelatour.be\/brocante\/wp-json\/wp\/v2\/product_cat?post=6154"},{"taxonomy":"product_tag","embeddable":true,"href":"https:\/\/legrenierdelatour.be\/brocante\/wp-json\/wp\/v2\/product_tag?post=6154"}],"curies":[{"name":"wp","href":"https:\/\/api.w.org\/{rel}","templated":true}]}}