{"id":6151,"date":"2023-09-01T14:25:47","date_gmt":"2023-09-01T12:25:47","guid":{"rendered":"https:\/\/legrenierdelatour.be\/brocante\/?post_type=product&#038;p=6151"},"modified":"2024-08-04T18:19:46","modified_gmt":"2024-08-04T16:19:46","slug":"6-sous-tasses-vintage-royal-sphinx","status":"publish","type":"product","link":"https:\/\/legrenierdelatour.be\/brocante\/produit\/6-sous-tasses-vintage-royal-sphinx\/","title":{"rendered":"6 sous-tasses vintage, Royal Sphinx"},"content":{"rendered":"<p>4 petites sous-tasses (15 cm de diam\u00e8tre) de 2 couleurs diff\u00e9rentes : 2 jaunes, 2 vertes. Elles ont \u00e9t\u00e9 produites par la manufacture Royal Sphinx \u00e0 Maastricht aux Pays -Bas.<\/p>\n<div>Elles sont vendues \u00e0 la pi\u00e8ce pour 3\u20ac.<\/div>\n<div>R\u00e9f 23.63<\/div>\n","protected":false},"excerpt":{"rendered":"<p>4 petites sous-tasses (15 cm de diam\u00e8tre) de 2 couleurs diff\u00e9rentes : 2 jaunes, 2 vertes. Elles ont \u00e9t\u00e9 produites par la manufacture Royal Sphinx \u00e0 Maastricht aux Pays -Bas. Elles sont vendues \u00e0 la pi\u00e8ce pour 3\u20ac. R\u00e9f 23.63<\/p>\n","protected":false},"featured_media":6152,"comment_status":"open","ping_status":"closed","template":"","meta":{"neve_meta_sidebar":"","neve_meta_container":"","neve_meta_enable_content_width":"off","neve_meta_content_width":100,"neve_meta_title_alignment":"","neve_meta_author_avatar":"","neve_post_elements_order":"","neve_meta_disable_header":"","neve_meta_disable_footer":"","neve_meta_disable_title":""},"product_brand":[],"product_cat":[159,172,16,157],"product_tag":[19,28],"class_list":{"0":"post-6151","1":"product","2":"type-product","3":"status-publish","4":"has-post-thumbnail","6":"product_cat-autres-pays","7":"product_cat-en-cuisine","8":"product_cat-ceramique","9":"product_cat-sphinx","10":"product_tag-faience","11":"product_tag-vintage","13":"first","14":"instock","15":"shipping-taxable","16":"purchasable","17":"product-type-simple"},"_links":{"self":[{"href":"https:\/\/legrenierdelatour.be\/brocante\/wp-json\/wp\/v2\/product\/6151","targetHints":{"allow":["GET"]}}],"collection":[{"href":"https:\/\/legrenierdelatour.be\/brocante\/wp-json\/wp\/v2\/product"}],"about":[{"href":"https:\/\/legrenierdelatour.be\/brocante\/wp-json\/wp\/v2\/types\/product"}],"replies":[{"embeddable":true,"href":"https:\/\/legrenierdelatour.be\/brocante\/wp-json\/wp\/v2\/comments?post=6151"}],"wp:featuredmedia":[{"embeddable":true,"href":"https:\/\/legrenierdelatour.be\/brocante\/wp-json\/wp\/v2\/media\/6152"}],"wp:attachment":[{"href":"https:\/\/legrenierdelatour.be\/brocante\/wp-json\/wp\/v2\/media?parent=6151"}],"wp:term":[{"taxonomy":"product_brand","embeddable":true,"href":"https:\/\/legrenierdelatour.be\/brocante\/wp-json\/wp\/v2\/product_brand?post=6151"},{"taxonomy":"product_cat","embeddable":true,"href":"https:\/\/legrenierdelatour.be\/brocante\/wp-json\/wp\/v2\/product_cat?post=6151"},{"taxonomy":"product_tag","embeddable":true,"href":"https:\/\/legrenierdelatour.be\/brocante\/wp-json\/wp\/v2\/product_tag?post=6151"}],"curies":[{"name":"wp","href":"https:\/\/api.w.org\/{rel}","templated":true}]}}