{"id":6142,"date":"2023-08-30T14:00:31","date_gmt":"2023-08-30T12:00:31","guid":{"rendered":"https:\/\/legrenierdelatour.be\/brocante\/?post_type=product&#038;p=6142"},"modified":"2023-08-30T14:00:31","modified_gmt":"2023-08-30T12:00:31","slug":"pot-a-tabac-thulin-101","status":"publish","type":"product","link":"https:\/\/legrenierdelatour.be\/brocante\/produit\/pot-a-tabac-thulin-101\/","title":{"rendered":"Pot \u00e0 tabac, Thulin 101"},"content":{"rendered":"<p>Beau pot \u00e0 tabac en fa\u00efence (20 cm de diam\u00e8tre) en parfait \u00e9tat, par\u00e9 d\u2019un bel \u00e9mail coulant en barbotine et marqu\u00e9 sous la base Made in Belgium 101. Il a \u00e9t\u00e9 produit par la faiencerie de Thulin (1887-1973). Ce tr\u00e8s beau pot \u00e0 tabac date des ann\u00e9es 1920-1949, p\u00e9riode Art D\u00e9co.<\/p>\n<div>R\u00e9f 23.60<\/div>\n","protected":false},"excerpt":{"rendered":"<p>Beau pot \u00e0 tabac en fa\u00efence (20 cm de diam\u00e8tre) en parfait \u00e9tat, par\u00e9 d\u2019un bel \u00e9mail coulant en barbotine et marqu\u00e9 sous la base Made in Belgium 101. Il a \u00e9t\u00e9 produit par la faiencerie de Thulin (1887-1973). Ce tr\u00e8s beau pot \u00e0 tabac date des ann\u00e9es 1920-1949, p\u00e9riode Art D\u00e9co. R\u00e9f 23.60<\/p>\n","protected":false},"featured_media":6143,"comment_status":"open","ping_status":"closed","template":"","meta":{"neve_meta_sidebar":"","neve_meta_container":"","neve_meta_enable_content_width":"off","neve_meta_content_width":100,"neve_meta_title_alignment":"","neve_meta_author_avatar":"","neve_post_elements_order":"","neve_meta_disable_header":"","neve_meta_disable_footer":"","neve_meta_disable_title":""},"product_brand":[],"product_cat":[37,183,16,177],"product_tag":[21,40,121,46],"class_list":{"0":"post-6142","1":"product","2":"type-product","3":"status-publish","4":"has-post-thumbnail","6":"product_cat-belgique","7":"product_cat-bureau-et-fumoir","8":"product_cat-ceramique","9":"product_cat-thulin","10":"product_tag-art-deco","11":"product_tag-belgique","12":"product_tag-fumoir","13":"product_tag-thulin","15":"first","16":"instock","17":"shipping-taxable","18":"purchasable","19":"product-type-simple"},"_links":{"self":[{"href":"https:\/\/legrenierdelatour.be\/brocante\/wp-json\/wp\/v2\/product\/6142","targetHints":{"allow":["GET"]}}],"collection":[{"href":"https:\/\/legrenierdelatour.be\/brocante\/wp-json\/wp\/v2\/product"}],"about":[{"href":"https:\/\/legrenierdelatour.be\/brocante\/wp-json\/wp\/v2\/types\/product"}],"replies":[{"embeddable":true,"href":"https:\/\/legrenierdelatour.be\/brocante\/wp-json\/wp\/v2\/comments?post=6142"}],"wp:featuredmedia":[{"embeddable":true,"href":"https:\/\/legrenierdelatour.be\/brocante\/wp-json\/wp\/v2\/media\/6143"}],"wp:attachment":[{"href":"https:\/\/legrenierdelatour.be\/brocante\/wp-json\/wp\/v2\/media?parent=6142"}],"wp:term":[{"taxonomy":"product_brand","embeddable":true,"href":"https:\/\/legrenierdelatour.be\/brocante\/wp-json\/wp\/v2\/product_brand?post=6142"},{"taxonomy":"product_cat","embeddable":true,"href":"https:\/\/legrenierdelatour.be\/brocante\/wp-json\/wp\/v2\/product_cat?post=6142"},{"taxonomy":"product_tag","embeddable":true,"href":"https:\/\/legrenierdelatour.be\/brocante\/wp-json\/wp\/v2\/product_tag?post=6142"}],"curies":[{"name":"wp","href":"https:\/\/api.w.org\/{rel}","templated":true}]}}