{"id":614,"date":"2022-03-09T16:46:04","date_gmt":"2022-03-09T15:46:04","guid":{"rendered":"https:\/\/legrenierdelatour.be\/brocante\/?post_type=product&#038;p=614"},"modified":"2022-03-12T17:07:46","modified_gmt":"2022-03-12T16:07:46","slug":"bonbonniere-opaline-murano","status":"publish","type":"product","link":"https:\/\/legrenierdelatour.be\/brocante\/produit\/bonbonniere-opaline-murano\/","title":{"rendered":"Bonbonni\u00e8re opaline \u00ab\u00a0Murano\u00a0\u00bb"},"content":{"rendered":"<p>Petite bonbonni\u00e8re (13 cm de haut) en verre opalin avec d\u00e9cor de verres de couleur dans la partie inf\u00e9rieure. Il s&rsquo;agit sans doute d&rsquo;une production de Murano. Un tr\u00e8s l\u00e9ger coup est \u00e0 d\u00e9plorer sur l&rsquo;encolure.<\/p>\n<p>R\u00e9f 3.12<\/p>\n","protected":false},"excerpt":{"rendered":"<p>Petite bonbonni\u00e8re (13 cm de haut) en verre opalin avec d\u00e9cor de verres de couleur dans la partie inf\u00e9rieure. Il s&rsquo;agit sans doute d&rsquo;une production de Murano. Un tr\u00e8s l\u00e9ger coup est \u00e0 d\u00e9plorer sur l&rsquo;encolure. R\u00e9f 3.12<\/p>\n","protected":false},"featured_media":617,"comment_status":"open","ping_status":"closed","template":"","meta":{"neve_meta_sidebar":"","neve_meta_container":"","neve_meta_enable_content_width":"off","neve_meta_content_width":100,"neve_meta_title_alignment":"","neve_meta_author_avatar":"","neve_post_elements_order":"","neve_meta_disable_header":"","neve_meta_disable_footer":"","neve_meta_disable_title":""},"product_brand":[],"product_cat":[60,22],"product_tag":[61],"class_list":{"0":"post-614","1":"product","2":"type-product","3":"status-publish","4":"has-post-thumbnail","6":"product_cat-murano","7":"product_cat-verrerie","8":"product_tag-murano","10":"first","11":"instock","12":"shipping-taxable","13":"purchasable","14":"product-type-simple"},"_links":{"self":[{"href":"https:\/\/legrenierdelatour.be\/brocante\/wp-json\/wp\/v2\/product\/614","targetHints":{"allow":["GET"]}}],"collection":[{"href":"https:\/\/legrenierdelatour.be\/brocante\/wp-json\/wp\/v2\/product"}],"about":[{"href":"https:\/\/legrenierdelatour.be\/brocante\/wp-json\/wp\/v2\/types\/product"}],"replies":[{"embeddable":true,"href":"https:\/\/legrenierdelatour.be\/brocante\/wp-json\/wp\/v2\/comments?post=614"}],"wp:featuredmedia":[{"embeddable":true,"href":"https:\/\/legrenierdelatour.be\/brocante\/wp-json\/wp\/v2\/media\/617"}],"wp:attachment":[{"href":"https:\/\/legrenierdelatour.be\/brocante\/wp-json\/wp\/v2\/media?parent=614"}],"wp:term":[{"taxonomy":"product_brand","embeddable":true,"href":"https:\/\/legrenierdelatour.be\/brocante\/wp-json\/wp\/v2\/product_brand?post=614"},{"taxonomy":"product_cat","embeddable":true,"href":"https:\/\/legrenierdelatour.be\/brocante\/wp-json\/wp\/v2\/product_cat?post=614"},{"taxonomy":"product_tag","embeddable":true,"href":"https:\/\/legrenierdelatour.be\/brocante\/wp-json\/wp\/v2\/product_tag?post=614"}],"curies":[{"name":"wp","href":"https:\/\/api.w.org\/{rel}","templated":true}]}}