{"id":613,"date":"2022-03-09T16:35:48","date_gmt":"2022-03-09T15:35:48","guid":{"rendered":"https:\/\/legrenierdelatour.be\/brocante\/?post_type=product&#038;p=613"},"modified":"2022-07-03T18:14:46","modified_gmt":"2022-07-03T16:14:46","slug":"verres-a-vin-et-champagne","status":"publish","type":"product","link":"https:\/\/legrenierdelatour.be\/brocante\/produit\/verres-a-vin-et-champagne\/","title":{"rendered":"Verres \u00e0 vin et champagne"},"content":{"rendered":"<p>Ensemble de verres sans doute en cristal, de diff\u00e9rentes tailles et dans un \u00e9tat impeccable: 3 verres \u00e0 vin (14 cm) et 3 verres \u00e0 champagne (15,5 cm). Ils sont tous joliment cisel\u00e9s.<\/p>\n<p>Ils sont vendus \u00e0 la pi\u00e8ce au prix de 2\u20ac pi\u00e8ce.<\/p>\n<p>R\u00e9f 2.89<\/p>\n","protected":false},"excerpt":{"rendered":"<p>Ensemble de verres sans doute en cristal, de diff\u00e9rentes tailles et dans un \u00e9tat impeccable: 3 verres \u00e0 vin (14 cm) et 3 verres \u00e0 champagne (15,5 cm). Ils sont tous joliment cisel\u00e9s. Ils sont vendus \u00e0 la pi\u00e8ce au prix de 2\u20ac pi\u00e8ce. R\u00e9f 2.89<\/p>\n","protected":false},"featured_media":608,"comment_status":"open","ping_status":"closed","template":"","meta":{"neve_meta_sidebar":"","neve_meta_container":"","neve_meta_enable_content_width":"off","neve_meta_content_width":100,"neve_meta_title_alignment":"","neve_meta_author_avatar":"","neve_post_elements_order":"","neve_meta_disable_header":"","neve_meta_disable_footer":"","neve_meta_disable_title":""},"product_brand":[],"product_cat":[172,22],"product_tag":[57],"class_list":{"0":"post-613","1":"product","2":"type-product","3":"status-publish","4":"has-post-thumbnail","6":"product_cat-en-cuisine","7":"product_cat-verrerie","8":"product_tag-cristal","10":"first","11":"instock","12":"shipping-taxable","13":"purchasable","14":"product-type-simple"},"_links":{"self":[{"href":"https:\/\/legrenierdelatour.be\/brocante\/wp-json\/wp\/v2\/product\/613","targetHints":{"allow":["GET"]}}],"collection":[{"href":"https:\/\/legrenierdelatour.be\/brocante\/wp-json\/wp\/v2\/product"}],"about":[{"href":"https:\/\/legrenierdelatour.be\/brocante\/wp-json\/wp\/v2\/types\/product"}],"replies":[{"embeddable":true,"href":"https:\/\/legrenierdelatour.be\/brocante\/wp-json\/wp\/v2\/comments?post=613"}],"wp:featuredmedia":[{"embeddable":true,"href":"https:\/\/legrenierdelatour.be\/brocante\/wp-json\/wp\/v2\/media\/608"}],"wp:attachment":[{"href":"https:\/\/legrenierdelatour.be\/brocante\/wp-json\/wp\/v2\/media?parent=613"}],"wp:term":[{"taxonomy":"product_brand","embeddable":true,"href":"https:\/\/legrenierdelatour.be\/brocante\/wp-json\/wp\/v2\/product_brand?post=613"},{"taxonomy":"product_cat","embeddable":true,"href":"https:\/\/legrenierdelatour.be\/brocante\/wp-json\/wp\/v2\/product_cat?post=613"},{"taxonomy":"product_tag","embeddable":true,"href":"https:\/\/legrenierdelatour.be\/brocante\/wp-json\/wp\/v2\/product_tag?post=613"}],"curies":[{"name":"wp","href":"https:\/\/api.w.org\/{rel}","templated":true}]}}