{"id":6123,"date":"2023-08-30T09:59:39","date_gmt":"2023-08-30T07:59:39","guid":{"rendered":"https:\/\/legrenierdelatour.be\/brocante\/?post_type=product&#038;p=6123"},"modified":"2023-09-01T08:14:47","modified_gmt":"2023-09-01T06:14:47","slug":"aquarelle-virton-l-gillet","status":"publish","type":"product","link":"https:\/\/legrenierdelatour.be\/brocante\/produit\/aquarelle-virton-l-gillet\/","title":{"rendered":"Aquarelle Virton, L.Gillet"},"content":{"rendered":"<p>Aquarelle (40,5&#215;35,5 cm avec cadre) de petite facture, r\u00e9alis\u00e9e par L.Gillet, repr\u00e9sentant la Rue des Houplons \u00e0 Virton.\u00a0Cette aquarelliste et peintre sur porcelaine, \u00e9pouse Delmarcelle, \u00e9tait tr\u00e8s active dans les ann\u00e9es 1940-60. L\u2019aquarelle est dat\u00e9e de 1949 \u00e0 l\u2019arri\u00e8re du cadre.<\/p>\n<div>R\u00e9f 23.55<\/div>\n","protected":false},"excerpt":{"rendered":"<p>Aquarelle (40,5&#215;35,5 cm avec cadre) de petite facture, r\u00e9alis\u00e9e par L.Gillet, repr\u00e9sentant la Rue des Houplons \u00e0 Virton.\u00a0Cette aquarelliste et peintre sur porcelaine, \u00e9pouse Delmarcelle, \u00e9tait tr\u00e8s active dans les ann\u00e9es 1940-60. L\u2019aquarelle est dat\u00e9e de 1949 \u00e0 l\u2019arri\u00e8re du cadre. R\u00e9f 23.55<\/p>\n","protected":false},"featured_media":6124,"comment_status":"open","ping_status":"closed","template":"","meta":{"neve_meta_sidebar":"","neve_meta_container":"","neve_meta_enable_content_width":"off","neve_meta_content_width":100,"neve_meta_title_alignment":"","neve_meta_author_avatar":"","neve_post_elements_order":"","neve_meta_disable_header":"","neve_meta_disable_footer":"","neve_meta_disable_title":""},"product_brand":[],"product_cat":[30,31,167],"product_tag":[79,112],"class_list":{"0":"post-6123","1":"product","2":"type-product","3":"status-publish","4":"has-post-thumbnail","6":"product_cat-luxemburgensia","7":"product_cat-pays-darlon","8":"product_cat-peintures-et-sculptures","9":"product_tag-art","10":"product_tag-pays-darlon","12":"first","13":"instock","14":"shipping-taxable","15":"purchasable","16":"product-type-simple"},"_links":{"self":[{"href":"https:\/\/legrenierdelatour.be\/brocante\/wp-json\/wp\/v2\/product\/6123","targetHints":{"allow":["GET"]}}],"collection":[{"href":"https:\/\/legrenierdelatour.be\/brocante\/wp-json\/wp\/v2\/product"}],"about":[{"href":"https:\/\/legrenierdelatour.be\/brocante\/wp-json\/wp\/v2\/types\/product"}],"replies":[{"embeddable":true,"href":"https:\/\/legrenierdelatour.be\/brocante\/wp-json\/wp\/v2\/comments?post=6123"}],"wp:featuredmedia":[{"embeddable":true,"href":"https:\/\/legrenierdelatour.be\/brocante\/wp-json\/wp\/v2\/media\/6124"}],"wp:attachment":[{"href":"https:\/\/legrenierdelatour.be\/brocante\/wp-json\/wp\/v2\/media?parent=6123"}],"wp:term":[{"taxonomy":"product_brand","embeddable":true,"href":"https:\/\/legrenierdelatour.be\/brocante\/wp-json\/wp\/v2\/product_brand?post=6123"},{"taxonomy":"product_cat","embeddable":true,"href":"https:\/\/legrenierdelatour.be\/brocante\/wp-json\/wp\/v2\/product_cat?post=6123"},{"taxonomy":"product_tag","embeddable":true,"href":"https:\/\/legrenierdelatour.be\/brocante\/wp-json\/wp\/v2\/product_tag?post=6123"}],"curies":[{"name":"wp","href":"https:\/\/api.w.org\/{rel}","templated":true}]}}