{"id":6115,"date":"2023-08-28T12:03:38","date_gmt":"2023-08-28T10:03:38","guid":{"rendered":"https:\/\/legrenierdelatour.be\/brocante\/?post_type=product&#038;p=6115"},"modified":"2023-08-28T12:05:24","modified_gmt":"2023-08-28T10:05:24","slug":"peinture-luxembourg-c-hein","status":"publish","type":"product","link":"https:\/\/legrenierdelatour.be\/brocante\/produit\/peinture-luxembourg-c-hein\/","title":{"rendered":"Peinture Luxembourg, C.Hein"},"content":{"rendered":"<p>Petite peinture \u00e0 l\u2019huile sur panneau (18,5 cm de c\u00f4t\u00e9) sans cadre, repr\u00e9sentant une vue de Luxembourg. Elle est sign\u00e9e C.Hein, artiste non identifi\u00e9. Elle date sans doute de la moiti\u00e9 du 20\u00e8 si\u00e8cle.<\/p>\n<div>R\u00e9f 23.53<\/div>\n","protected":false},"excerpt":{"rendered":"<p>Petite peinture \u00e0 l\u2019huile sur panneau (18,5 cm de c\u00f4t\u00e9) sans cadre, repr\u00e9sentant une vue de Luxembourg. Elle est sign\u00e9e C.Hein, artiste non identifi\u00e9. Elle date sans doute de la moiti\u00e9 du 20\u00e8 si\u00e8cle. R\u00e9f 23.53<\/p>\n","protected":false},"featured_media":6116,"comment_status":"open","ping_status":"closed","template":"","meta":{"neve_meta_sidebar":"","neve_meta_container":"","neve_meta_enable_content_width":"off","neve_meta_content_width":100,"neve_meta_title_alignment":"","neve_meta_author_avatar":"","neve_post_elements_order":"","neve_meta_disable_header":"","neve_meta_disable_footer":"","neve_meta_disable_title":""},"product_brand":[],"product_cat":[30,166,167],"product_tag":[79,83],"class_list":{"0":"post-6115","1":"product","2":"type-product","3":"status-publish","4":"has-post-thumbnail","6":"product_cat-luxemburgensia","7":"product_cat-luxemburgensia-luxemburgensia","8":"product_cat-peintures-et-sculptures","9":"product_tag-art","10":"product_tag-luxemburgensia","12":"first","13":"instock","14":"shipping-taxable","15":"purchasable","16":"product-type-simple"},"_links":{"self":[{"href":"https:\/\/legrenierdelatour.be\/brocante\/wp-json\/wp\/v2\/product\/6115","targetHints":{"allow":["GET"]}}],"collection":[{"href":"https:\/\/legrenierdelatour.be\/brocante\/wp-json\/wp\/v2\/product"}],"about":[{"href":"https:\/\/legrenierdelatour.be\/brocante\/wp-json\/wp\/v2\/types\/product"}],"replies":[{"embeddable":true,"href":"https:\/\/legrenierdelatour.be\/brocante\/wp-json\/wp\/v2\/comments?post=6115"}],"wp:featuredmedia":[{"embeddable":true,"href":"https:\/\/legrenierdelatour.be\/brocante\/wp-json\/wp\/v2\/media\/6116"}],"wp:attachment":[{"href":"https:\/\/legrenierdelatour.be\/brocante\/wp-json\/wp\/v2\/media?parent=6115"}],"wp:term":[{"taxonomy":"product_brand","embeddable":true,"href":"https:\/\/legrenierdelatour.be\/brocante\/wp-json\/wp\/v2\/product_brand?post=6115"},{"taxonomy":"product_cat","embeddable":true,"href":"https:\/\/legrenierdelatour.be\/brocante\/wp-json\/wp\/v2\/product_cat?post=6115"},{"taxonomy":"product_tag","embeddable":true,"href":"https:\/\/legrenierdelatour.be\/brocante\/wp-json\/wp\/v2\/product_tag?post=6115"}],"curies":[{"name":"wp","href":"https:\/\/api.w.org\/{rel}","templated":true}]}}