{"id":6111,"date":"2023-08-23T14:27:48","date_gmt":"2023-08-23T12:27:48","guid":{"rendered":"https:\/\/legrenierdelatour.be\/brocante\/?post_type=product&#038;p=6111"},"modified":"2023-08-23T14:27:48","modified_gmt":"2023-08-23T12:27:48","slug":"aquarelle-vue-de-gaume-auguste-musquin","status":"publish","type":"product","link":"https:\/\/legrenierdelatour.be\/brocante\/produit\/aquarelle-vue-de-gaume-auguste-musquin\/","title":{"rendered":"Aquarelle \u00ab\u00a0Vue de Gaume\u00a0\u00bb , Auguste Musquin"},"content":{"rendered":"<p>Aquarelle (25&#215;17 cm hors cadre) repr\u00e9sentant une vue de Gaume, r\u00e9alis\u00e9e par Auguste Musquin. Auguste Musquin \u00e9tait un aquarelliste amateur de Virton, voisin de Pierre Chariot qui, tr\u00e8s jeune, \u00e9tait fascin\u00e9 par ses aquarelles.<\/p>\n<div>R\u00e9f 23.49<\/div>\n","protected":false},"excerpt":{"rendered":"<p>Aquarelle (25&#215;17 cm hors cadre) repr\u00e9sentant une vue de Gaume, r\u00e9alis\u00e9e par Auguste Musquin. Auguste Musquin \u00e9tait un aquarelliste amateur de Virton, voisin de Pierre Chariot qui, tr\u00e8s jeune, \u00e9tait fascin\u00e9 par ses aquarelles. R\u00e9f 23.49<\/p>\n","protected":false},"featured_media":6109,"comment_status":"open","ping_status":"closed","template":"","meta":{"neve_meta_sidebar":"","neve_meta_container":"","neve_meta_enable_content_width":"off","neve_meta_content_width":100,"neve_meta_title_alignment":"","neve_meta_author_avatar":"","neve_post_elements_order":"","neve_meta_disable_header":"","neve_meta_disable_footer":"","neve_meta_disable_title":""},"product_brand":[],"product_cat":[30,31,167],"product_tag":[79,112],"class_list":{"0":"post-6111","1":"product","2":"type-product","3":"status-publish","4":"has-post-thumbnail","6":"product_cat-luxemburgensia","7":"product_cat-pays-darlon","8":"product_cat-peintures-et-sculptures","9":"product_tag-art","10":"product_tag-pays-darlon","12":"first","13":"instock","14":"shipping-taxable","15":"purchasable","16":"product-type-simple"},"_links":{"self":[{"href":"https:\/\/legrenierdelatour.be\/brocante\/wp-json\/wp\/v2\/product\/6111","targetHints":{"allow":["GET"]}}],"collection":[{"href":"https:\/\/legrenierdelatour.be\/brocante\/wp-json\/wp\/v2\/product"}],"about":[{"href":"https:\/\/legrenierdelatour.be\/brocante\/wp-json\/wp\/v2\/types\/product"}],"replies":[{"embeddable":true,"href":"https:\/\/legrenierdelatour.be\/brocante\/wp-json\/wp\/v2\/comments?post=6111"}],"wp:featuredmedia":[{"embeddable":true,"href":"https:\/\/legrenierdelatour.be\/brocante\/wp-json\/wp\/v2\/media\/6109"}],"wp:attachment":[{"href":"https:\/\/legrenierdelatour.be\/brocante\/wp-json\/wp\/v2\/media?parent=6111"}],"wp:term":[{"taxonomy":"product_brand","embeddable":true,"href":"https:\/\/legrenierdelatour.be\/brocante\/wp-json\/wp\/v2\/product_brand?post=6111"},{"taxonomy":"product_cat","embeddable":true,"href":"https:\/\/legrenierdelatour.be\/brocante\/wp-json\/wp\/v2\/product_cat?post=6111"},{"taxonomy":"product_tag","embeddable":true,"href":"https:\/\/legrenierdelatour.be\/brocante\/wp-json\/wp\/v2\/product_tag?post=6111"}],"curies":[{"name":"wp","href":"https:\/\/api.w.org\/{rel}","templated":true}]}}