{"id":6102,"date":"2023-08-23T14:06:16","date_gmt":"2023-08-23T12:06:16","guid":{"rendered":"https:\/\/legrenierdelatour.be\/brocante\/?post_type=product&#038;p=6102"},"modified":"2023-08-23T14:06:16","modified_gmt":"2023-08-23T12:06:16","slug":"peinture-chapelle-nd-de-luxembourg-a-la-roche-joseph-kinot-1952","status":"publish","type":"product","link":"https:\/\/legrenierdelatour.be\/brocante\/produit\/peinture-chapelle-nd-de-luxembourg-a-la-roche-joseph-kinot-1952\/","title":{"rendered":"Peinture \u00ab\u00a0Chapelle  ND de Luxembourg \u00e0 La Roche\u00a0\u00bb, Joseph Kinot 1952"},"content":{"rendered":"<p>Peinture \u00e0 l\u2019huile (24&#215;30 cm hors cadre) r\u00e9alis\u00e9e par Joseph Kinot (1903 Marche &#8211; 1968 Li\u00e8ge), peintre qui fait partie de l&rsquo;Ecole li\u00e9geoise du Paysage. Sa principale source d\u2019inspiration se situe en Ardenne, mais l\u2019influence des impressionnistes fran\u00e7ais fut d\u00e9terminante. Ce tableau repr\u00e9sente (notice \u00e0 l\u2019arri\u00e8re et sur le cadre)) la Chapelle ND de Luxembourg \u00e0 La Roche et est dat\u00e9e (\u00e0 l\u2019arri\u00e8re et sur le cadre) de 1952. Le tableau est d\u2019une tr\u00e8s belle texture et en parfait \u00e9tat.<\/p>\n<div>R\u00e9f 23.46<\/div>\n","protected":false},"excerpt":{"rendered":"<p>Peinture \u00e0 l\u2019huile (24&#215;30 cm hors cadre) r\u00e9alis\u00e9e par Joseph Kinot (1903 Marche &#8211; 1968 Li\u00e8ge), peintre qui fait partie de l&rsquo;Ecole li\u00e9geoise du Paysage. Sa principale source d\u2019inspiration se situe en Ardenne, mais l\u2019influence des impressionnistes fran\u00e7ais fut d\u00e9terminante. Ce tableau repr\u00e9sente (notice \u00e0 l\u2019arri\u00e8re et sur le cadre)) la Chapelle ND de Luxembourg&hellip;&nbsp;<a href=\"https:\/\/legrenierdelatour.be\/brocante\/produit\/peinture-chapelle-nd-de-luxembourg-a-la-roche-joseph-kinot-1952\/\" class=\"\" rel=\"bookmark\">Lire la suite &raquo;<span class=\"screen-reader-text\">Peinture \u00ab\u00a0Chapelle  ND de Luxembourg \u00e0 La Roche\u00a0\u00bb, Joseph Kinot 1952<\/span><\/a><\/p>\n","protected":false},"featured_media":6103,"comment_status":"open","ping_status":"closed","template":"","meta":{"neve_meta_sidebar":"","neve_meta_container":"","neve_meta_enable_content_width":"off","neve_meta_content_width":100,"neve_meta_title_alignment":"","neve_meta_author_avatar":"","neve_post_elements_order":"","neve_meta_disable_header":"","neve_meta_disable_footer":"","neve_meta_disable_title":""},"product_brand":[],"product_cat":[167],"product_tag":[79],"class_list":{"0":"post-6102","1":"product","2":"type-product","3":"status-publish","4":"has-post-thumbnail","6":"product_cat-peintures-et-sculptures","7":"product_tag-art","9":"first","10":"instock","11":"shipping-taxable","12":"purchasable","13":"product-type-simple"},"_links":{"self":[{"href":"https:\/\/legrenierdelatour.be\/brocante\/wp-json\/wp\/v2\/product\/6102","targetHints":{"allow":["GET"]}}],"collection":[{"href":"https:\/\/legrenierdelatour.be\/brocante\/wp-json\/wp\/v2\/product"}],"about":[{"href":"https:\/\/legrenierdelatour.be\/brocante\/wp-json\/wp\/v2\/types\/product"}],"replies":[{"embeddable":true,"href":"https:\/\/legrenierdelatour.be\/brocante\/wp-json\/wp\/v2\/comments?post=6102"}],"wp:featuredmedia":[{"embeddable":true,"href":"https:\/\/legrenierdelatour.be\/brocante\/wp-json\/wp\/v2\/media\/6103"}],"wp:attachment":[{"href":"https:\/\/legrenierdelatour.be\/brocante\/wp-json\/wp\/v2\/media?parent=6102"}],"wp:term":[{"taxonomy":"product_brand","embeddable":true,"href":"https:\/\/legrenierdelatour.be\/brocante\/wp-json\/wp\/v2\/product_brand?post=6102"},{"taxonomy":"product_cat","embeddable":true,"href":"https:\/\/legrenierdelatour.be\/brocante\/wp-json\/wp\/v2\/product_cat?post=6102"},{"taxonomy":"product_tag","embeddable":true,"href":"https:\/\/legrenierdelatour.be\/brocante\/wp-json\/wp\/v2\/product_tag?post=6102"}],"curies":[{"name":"wp","href":"https:\/\/api.w.org\/{rel}","templated":true}]}}