{"id":609,"date":"2022-03-09T16:24:43","date_gmt":"2022-03-09T15:24:43","guid":{"rendered":"https:\/\/legrenierdelatour.be\/brocante\/?post_type=product&#038;p=609"},"modified":"2022-05-19T17:18:29","modified_gmt":"2022-05-19T15:18:29","slug":"vase-rouge-murano","status":"publish","type":"product","link":"https:\/\/legrenierdelatour.be\/brocante\/produit\/vase-rouge-murano\/","title":{"rendered":"Vase rouge \u00ab\u00a0Murano\u00a0\u00bb"},"content":{"rendered":"<p>Grand vase (31 cm haut) de styl\u00e9 \u00ab\u00a0Murano\u00a0\u00bb, avec double couche de verre souffl\u00e9. Blanc \u00e0 l&rsquo;int\u00e9rieur, il pr\u00e9sente une grosse fleur en verre dans les tons vert-jaune sur un c\u00f4t\u00e9. La marque du pontil est visible en dessous. Il est en parfait \u00e9tat et date probablement des ann\u00e9es 1970.<\/p>\n<p>R\u00e9f 2.59<\/p>\n","protected":false},"excerpt":{"rendered":"<p>Grand vase (31 cm haut) de styl\u00e9 \u00ab\u00a0Murano\u00a0\u00bb, avec double couche de verre souffl\u00e9. Blanc \u00e0 l&rsquo;int\u00e9rieur, il pr\u00e9sente une grosse fleur en verre dans les tons vert-jaune sur un c\u00f4t\u00e9. La marque du pontil est visible en dessous. Il est en parfait \u00e9tat et date probablement des ann\u00e9es 1970. R\u00e9f 2.59<\/p>\n","protected":false},"featured_media":599,"comment_status":"open","ping_status":"closed","template":"","meta":{"neve_meta_sidebar":"","neve_meta_container":"","neve_meta_enable_content_width":"off","neve_meta_content_width":100,"neve_meta_title_alignment":"","neve_meta_author_avatar":"","neve_post_elements_order":"","neve_meta_disable_header":"","neve_meta_disable_footer":"","neve_meta_disable_title":""},"product_brand":[],"product_cat":[164,60,22],"product_tag":[61,28],"class_list":{"0":"post-609","1":"product","2":"type-product","3":"status-publish","4":"has-post-thumbnail","6":"product_cat-autres-productions","7":"product_cat-murano","8":"product_cat-verrerie","9":"product_tag-murano","10":"product_tag-vintage","12":"first","13":"instock","14":"shipping-taxable","15":"purchasable","16":"product-type-simple"},"_links":{"self":[{"href":"https:\/\/legrenierdelatour.be\/brocante\/wp-json\/wp\/v2\/product\/609","targetHints":{"allow":["GET"]}}],"collection":[{"href":"https:\/\/legrenierdelatour.be\/brocante\/wp-json\/wp\/v2\/product"}],"about":[{"href":"https:\/\/legrenierdelatour.be\/brocante\/wp-json\/wp\/v2\/types\/product"}],"replies":[{"embeddable":true,"href":"https:\/\/legrenierdelatour.be\/brocante\/wp-json\/wp\/v2\/comments?post=609"}],"wp:featuredmedia":[{"embeddable":true,"href":"https:\/\/legrenierdelatour.be\/brocante\/wp-json\/wp\/v2\/media\/599"}],"wp:attachment":[{"href":"https:\/\/legrenierdelatour.be\/brocante\/wp-json\/wp\/v2\/media?parent=609"}],"wp:term":[{"taxonomy":"product_brand","embeddable":true,"href":"https:\/\/legrenierdelatour.be\/brocante\/wp-json\/wp\/v2\/product_brand?post=609"},{"taxonomy":"product_cat","embeddable":true,"href":"https:\/\/legrenierdelatour.be\/brocante\/wp-json\/wp\/v2\/product_cat?post=609"},{"taxonomy":"product_tag","embeddable":true,"href":"https:\/\/legrenierdelatour.be\/brocante\/wp-json\/wp\/v2\/product_tag?post=609"}],"curies":[{"name":"wp","href":"https:\/\/api.w.org\/{rel}","templated":true}]}}