{"id":6088,"date":"2023-08-21T17:20:47","date_gmt":"2023-08-21T15:20:47","guid":{"rendered":"https:\/\/legrenierdelatour.be\/brocante\/?post_type=product&#038;p=6088"},"modified":"2023-08-21T17:20:47","modified_gmt":"2023-08-21T15:20:47","slug":"plaque-en-pierre-les-voyageurs-darlon","status":"publish","type":"product","link":"https:\/\/legrenierdelatour.be\/brocante\/produit\/plaque-en-pierre-les-voyageurs-darlon\/","title":{"rendered":"Plaque en pierre \u00ab\u00a0Les voyageurs d&rsquo;Arlon\u00a0\u00bb"},"content":{"rendered":"<p>Plaque en pierre jaune (22,5 cm x 17 cm) repr\u00e9sentant \u00ab\u00a0Les Voyageurs\u00a0\u00bb, extrait en r\u00e9duction d&rsquo;un groupe sculpt\u00e9 de l\u2019\u00e9poque romaine d\u00e9couvert en 1963 \u00e0 Arlon et se trouvant actuellement au Mus\u00e9e arch\u00e9ologique d\u2019Arlon. Cette plaque n\u2019a pas \u00e9t\u00e9 sign\u00e9e.<\/p>\n<div>R\u00e9f 23.42<\/div>\n","protected":false},"excerpt":{"rendered":"<p>Plaque en pierre jaune (22,5 cm x 17 cm) repr\u00e9sentant \u00ab\u00a0Les Voyageurs\u00a0\u00bb, extrait en r\u00e9duction d&rsquo;un groupe sculpt\u00e9 de l\u2019\u00e9poque romaine d\u00e9couvert en 1963 \u00e0 Arlon et se trouvant actuellement au Mus\u00e9e arch\u00e9ologique d\u2019Arlon. Cette plaque n\u2019a pas \u00e9t\u00e9 sign\u00e9e. R\u00e9f 23.42<\/p>\n","protected":false},"featured_media":6089,"comment_status":"open","ping_status":"closed","template":"","meta":{"neve_meta_sidebar":"","neve_meta_container":"","neve_meta_enable_content_width":"off","neve_meta_content_width":100,"neve_meta_title_alignment":"","neve_meta_author_avatar":"","neve_post_elements_order":"","neve_meta_disable_header":"","neve_meta_disable_footer":"","neve_meta_disable_title":""},"product_brand":[],"product_cat":[30,31,167],"product_tag":[79,112],"class_list":{"0":"post-6088","1":"product","2":"type-product","3":"status-publish","4":"has-post-thumbnail","6":"product_cat-luxemburgensia","7":"product_cat-pays-darlon","8":"product_cat-peintures-et-sculptures","9":"product_tag-art","10":"product_tag-pays-darlon","12":"first","13":"instock","14":"shipping-taxable","15":"purchasable","16":"product-type-simple"},"_links":{"self":[{"href":"https:\/\/legrenierdelatour.be\/brocante\/wp-json\/wp\/v2\/product\/6088","targetHints":{"allow":["GET"]}}],"collection":[{"href":"https:\/\/legrenierdelatour.be\/brocante\/wp-json\/wp\/v2\/product"}],"about":[{"href":"https:\/\/legrenierdelatour.be\/brocante\/wp-json\/wp\/v2\/types\/product"}],"replies":[{"embeddable":true,"href":"https:\/\/legrenierdelatour.be\/brocante\/wp-json\/wp\/v2\/comments?post=6088"}],"wp:featuredmedia":[{"embeddable":true,"href":"https:\/\/legrenierdelatour.be\/brocante\/wp-json\/wp\/v2\/media\/6089"}],"wp:attachment":[{"href":"https:\/\/legrenierdelatour.be\/brocante\/wp-json\/wp\/v2\/media?parent=6088"}],"wp:term":[{"taxonomy":"product_brand","embeddable":true,"href":"https:\/\/legrenierdelatour.be\/brocante\/wp-json\/wp\/v2\/product_brand?post=6088"},{"taxonomy":"product_cat","embeddable":true,"href":"https:\/\/legrenierdelatour.be\/brocante\/wp-json\/wp\/v2\/product_cat?post=6088"},{"taxonomy":"product_tag","embeddable":true,"href":"https:\/\/legrenierdelatour.be\/brocante\/wp-json\/wp\/v2\/product_tag?post=6088"}],"curies":[{"name":"wp","href":"https:\/\/api.w.org\/{rel}","templated":true}]}}