{"id":6085,"date":"2023-08-21T17:15:31","date_gmt":"2023-08-21T15:15:31","guid":{"rendered":"https:\/\/legrenierdelatour.be\/brocante\/?post_type=product&#038;p=6085"},"modified":"2026-02-23T14:16:46","modified_gmt":"2026-02-23T13:16:46","slug":"plaque-en-fonte-les-voyageurs-darlon","status":"publish","type":"product","link":"https:\/\/legrenierdelatour.be\/brocante\/produit\/plaque-en-fonte-les-voyageurs-darlon\/","title":{"rendered":"Plaque en fonte \u00ab\u00a0Les Voyageurs d&rsquo;Arlon\u00a0\u00bb"},"content":{"rendered":"<p>Petite plaque en fonte (14,5 cm x 12 cm) repr\u00e9sentant \u00ab Les Voyageurs \u00bb, extrait en r\u00e9duction d&rsquo;un groupe sculpt\u00e9 de l\u2019\u00e9poque romaine d\u00e9couvert en 1963 \u00e0 Arlon et se trouvant actuellement au Mus\u00e9e arch\u00e9ologique d\u2019Arlon. Cette plaque a sans doute \u00e9t\u00e9 produite par la manufacture de Mersch (Luxembourg). A l\u2019arri\u00e8re de la plaque en bois sur laquelle elle est fix\u00e9e, se trouve un descriptif suscint d\u2019Arlon en 4 langues. Cette plaque a \u00e9t\u00e9 offerte par Charles Simon, bourgmestre d&rsquo;Arlon, No\u00ebl 1970.<\/p>\n<div>R\u00e9f 23.41<\/div>\n","protected":false},"excerpt":{"rendered":"<p>Petite plaque en fonte (14,5 cm x 12 cm) repr\u00e9sentant \u00ab Les Voyageurs \u00bb, extrait en r\u00e9duction d&rsquo;un groupe sculpt\u00e9 de l\u2019\u00e9poque romaine d\u00e9couvert en 1963 \u00e0 Arlon et se trouvant actuellement au Mus\u00e9e arch\u00e9ologique d\u2019Arlon. Cette plaque a sans doute \u00e9t\u00e9 produite par la manufacture de Mersch (Luxembourg). A l\u2019arri\u00e8re de la plaque en&hellip;&nbsp;<a href=\"https:\/\/legrenierdelatour.be\/brocante\/produit\/plaque-en-fonte-les-voyageurs-darlon\/\" class=\"\" rel=\"bookmark\">Lire la suite &raquo;<span class=\"screen-reader-text\">Plaque en fonte \u00ab\u00a0Les Voyageurs d&rsquo;Arlon\u00a0\u00bb<\/span><\/a><\/p>\n","protected":false},"featured_media":12238,"comment_status":"open","ping_status":"closed","template":"","meta":{"neve_meta_sidebar":"","neve_meta_container":"","neve_meta_enable_content_width":"off","neve_meta_content_width":100,"neve_meta_title_alignment":"","neve_meta_author_avatar":"","neve_post_elements_order":"","neve_meta_disable_header":"","neve_meta_disable_footer":"","neve_meta_disable_title":""},"product_brand":[],"product_cat":[30,31],"product_tag":[79,112],"class_list":{"0":"post-6085","1":"product","2":"type-product","3":"status-publish","4":"has-post-thumbnail","6":"product_cat-luxemburgensia","7":"product_cat-pays-darlon","8":"product_tag-art","9":"product_tag-pays-darlon","11":"first","12":"instock","13":"shipping-taxable","14":"purchasable","15":"product-type-simple"},"_links":{"self":[{"href":"https:\/\/legrenierdelatour.be\/brocante\/wp-json\/wp\/v2\/product\/6085","targetHints":{"allow":["GET"]}}],"collection":[{"href":"https:\/\/legrenierdelatour.be\/brocante\/wp-json\/wp\/v2\/product"}],"about":[{"href":"https:\/\/legrenierdelatour.be\/brocante\/wp-json\/wp\/v2\/types\/product"}],"replies":[{"embeddable":true,"href":"https:\/\/legrenierdelatour.be\/brocante\/wp-json\/wp\/v2\/comments?post=6085"}],"wp:featuredmedia":[{"embeddable":true,"href":"https:\/\/legrenierdelatour.be\/brocante\/wp-json\/wp\/v2\/media\/12238"}],"wp:attachment":[{"href":"https:\/\/legrenierdelatour.be\/brocante\/wp-json\/wp\/v2\/media?parent=6085"}],"wp:term":[{"taxonomy":"product_brand","embeddable":true,"href":"https:\/\/legrenierdelatour.be\/brocante\/wp-json\/wp\/v2\/product_brand?post=6085"},{"taxonomy":"product_cat","embeddable":true,"href":"https:\/\/legrenierdelatour.be\/brocante\/wp-json\/wp\/v2\/product_cat?post=6085"},{"taxonomy":"product_tag","embeddable":true,"href":"https:\/\/legrenierdelatour.be\/brocante\/wp-json\/wp\/v2\/product_tag?post=6085"}],"curies":[{"name":"wp","href":"https:\/\/api.w.org\/{rel}","templated":true}]}}