{"id":6081,"date":"2023-08-21T16:13:14","date_gmt":"2023-08-21T14:13:14","guid":{"rendered":"https:\/\/legrenierdelatour.be\/brocante\/?post_type=product&#038;p=6081"},"modified":"2023-09-03T18:38:11","modified_gmt":"2023-09-03T16:38:11","slug":"vase-bay-629-12","status":"publish","type":"product","link":"https:\/\/legrenierdelatour.be\/brocante\/produit\/vase-bay-629-12\/","title":{"rendered":"Vase Bay 629-12"},"content":{"rendered":"<p>Beau petit vase (12 cm de haut) de la manufacture Bay Keramik (1933-1980) portant le num\u00e9ro de forme 629-12, avec un tr\u00e8s bel \u00e9mail coulante et une dorure sup\u00e9rieure. Il porte l\u2019\u00e9tiquette Bay, datant des ann\u00e9es 1966-67.<\/p>\n<div>\n<div>R\u00e9f 23.40<\/div>\n<\/div>\n","protected":false},"excerpt":{"rendered":"<p>Beau petit vase (12 cm de haut) de la manufacture Bay Keramik (1933-1980) portant le num\u00e9ro de forme 629-12, avec un tr\u00e8s bel \u00e9mail coulante et une dorure sup\u00e9rieure. Il porte l\u2019\u00e9tiquette Bay, datant des ann\u00e9es 1966-67. R\u00e9f 23.40<\/p>\n","protected":false},"featured_media":6082,"comment_status":"open","ping_status":"closed","template":"","meta":{"neve_meta_sidebar":"","neve_meta_container":"","neve_meta_enable_content_width":"off","neve_meta_content_width":100,"neve_meta_title_alignment":"","neve_meta_author_avatar":"","neve_post_elements_order":"","neve_meta_disable_header":"","neve_meta_disable_footer":"","neve_meta_disable_title":""},"product_brand":[],"product_cat":[48,53,16,47],"product_tag":[51,28,49],"class_list":{"0":"post-6081","1":"product","2":"type-product","3":"status-publish","4":"has-post-thumbnail","6":"product_cat-allemagne","7":"product_cat-bay","8":"product_cat-ceramique","9":"product_cat-west-germany","10":"product_tag-bay","11":"product_tag-vintage","12":"product_tag-west-germany","14":"first","15":"instock","16":"shipping-taxable","17":"purchasable","18":"product-type-simple"},"_links":{"self":[{"href":"https:\/\/legrenierdelatour.be\/brocante\/wp-json\/wp\/v2\/product\/6081","targetHints":{"allow":["GET"]}}],"collection":[{"href":"https:\/\/legrenierdelatour.be\/brocante\/wp-json\/wp\/v2\/product"}],"about":[{"href":"https:\/\/legrenierdelatour.be\/brocante\/wp-json\/wp\/v2\/types\/product"}],"replies":[{"embeddable":true,"href":"https:\/\/legrenierdelatour.be\/brocante\/wp-json\/wp\/v2\/comments?post=6081"}],"wp:featuredmedia":[{"embeddable":true,"href":"https:\/\/legrenierdelatour.be\/brocante\/wp-json\/wp\/v2\/media\/6082"}],"wp:attachment":[{"href":"https:\/\/legrenierdelatour.be\/brocante\/wp-json\/wp\/v2\/media?parent=6081"}],"wp:term":[{"taxonomy":"product_brand","embeddable":true,"href":"https:\/\/legrenierdelatour.be\/brocante\/wp-json\/wp\/v2\/product_brand?post=6081"},{"taxonomy":"product_cat","embeddable":true,"href":"https:\/\/legrenierdelatour.be\/brocante\/wp-json\/wp\/v2\/product_cat?post=6081"},{"taxonomy":"product_tag","embeddable":true,"href":"https:\/\/legrenierdelatour.be\/brocante\/wp-json\/wp\/v2\/product_tag?post=6081"}],"curies":[{"name":"wp","href":"https:\/\/api.w.org\/{rel}","templated":true}]}}