{"id":6056,"date":"2023-08-21T09:45:39","date_gmt":"2023-08-21T07:45:39","guid":{"rendered":"https:\/\/legrenierdelatour.be\/brocante\/?post_type=product&#038;p=6056"},"modified":"2023-08-21T09:45:39","modified_gmt":"2023-08-21T07:45:39","slug":"vase-west-germany-van-daalen-4505-10","status":"publish","type":"product","link":"https:\/\/legrenierdelatour.be\/brocante\/produit\/vase-west-germany-van-daalen-4505-10\/","title":{"rendered":"Vase West Germany, Van Daalen 4505-10"},"content":{"rendered":"<p>Petit vase boule (10 cm de haut) avec unbel \u00e9maillage vert mat, issu de la manufacture Van Daalen. Cette manufacture fond\u00e9e en 1938 par Fritz van Daalen \u00e9tait bas\u00e9e \u00e0 Schw\u00e4bisch Gm\u00fcnd en Allemagne puis \u00e0 Aalen \u00e0 partir de 1950. Ce vase est en parfait \u00e9tat, porte le num\u00e9ro de forme 4505-10 et date sans doute des ann\u00e9es 1950-60.<\/p>\n<div>R\u00e9f 23.33<\/div>\n","protected":false},"excerpt":{"rendered":"<p>Petit vase boule (10 cm de haut) avec unbel \u00e9maillage vert mat, issu de la manufacture Van Daalen. Cette manufacture fond\u00e9e en 1938 par Fritz van Daalen \u00e9tait bas\u00e9e \u00e0 Schw\u00e4bisch Gm\u00fcnd en Allemagne puis \u00e0 Aalen \u00e0 partir de 1950. Ce vase est en parfait \u00e9tat, porte le num\u00e9ro de forme 4505-10 et date&hellip;&nbsp;<a href=\"https:\/\/legrenierdelatour.be\/brocante\/produit\/vase-west-germany-van-daalen-4505-10\/\" class=\"\" rel=\"bookmark\">Lire la suite &raquo;<span class=\"screen-reader-text\">Vase West Germany, Van Daalen 4505-10<\/span><\/a><\/p>\n","protected":false},"featured_media":6057,"comment_status":"open","ping_status":"closed","template":"","meta":{"neve_meta_sidebar":"","neve_meta_container":"","neve_meta_enable_content_width":"off","neve_meta_content_width":100,"neve_meta_title_alignment":"","neve_meta_author_avatar":"","neve_post_elements_order":"","neve_meta_disable_header":"","neve_meta_disable_footer":"","neve_meta_disable_title":""},"product_brand":[],"product_cat":[48,170,16,47],"product_tag":[28,49],"class_list":{"0":"post-6056","1":"product","2":"type-product","3":"status-publish","4":"has-post-thumbnail","6":"product_cat-allemagne","7":"product_cat-autres-producteurs","8":"product_cat-ceramique","9":"product_cat-west-germany","10":"product_tag-vintage","11":"product_tag-west-germany","13":"first","14":"instock","15":"shipping-taxable","16":"purchasable","17":"product-type-simple"},"_links":{"self":[{"href":"https:\/\/legrenierdelatour.be\/brocante\/wp-json\/wp\/v2\/product\/6056","targetHints":{"allow":["GET"]}}],"collection":[{"href":"https:\/\/legrenierdelatour.be\/brocante\/wp-json\/wp\/v2\/product"}],"about":[{"href":"https:\/\/legrenierdelatour.be\/brocante\/wp-json\/wp\/v2\/types\/product"}],"replies":[{"embeddable":true,"href":"https:\/\/legrenierdelatour.be\/brocante\/wp-json\/wp\/v2\/comments?post=6056"}],"wp:featuredmedia":[{"embeddable":true,"href":"https:\/\/legrenierdelatour.be\/brocante\/wp-json\/wp\/v2\/media\/6057"}],"wp:attachment":[{"href":"https:\/\/legrenierdelatour.be\/brocante\/wp-json\/wp\/v2\/media?parent=6056"}],"wp:term":[{"taxonomy":"product_brand","embeddable":true,"href":"https:\/\/legrenierdelatour.be\/brocante\/wp-json\/wp\/v2\/product_brand?post=6056"},{"taxonomy":"product_cat","embeddable":true,"href":"https:\/\/legrenierdelatour.be\/brocante\/wp-json\/wp\/v2\/product_cat?post=6056"},{"taxonomy":"product_tag","embeddable":true,"href":"https:\/\/legrenierdelatour.be\/brocante\/wp-json\/wp\/v2\/product_tag?post=6056"}],"curies":[{"name":"wp","href":"https:\/\/api.w.org\/{rel}","templated":true}]}}