{"id":6052,"date":"2023-08-21T09:37:30","date_gmt":"2023-08-21T07:37:30","guid":{"rendered":"https:\/\/legrenierdelatour.be\/brocante\/?post_type=product&#038;p=6052"},"modified":"2023-08-21T09:37:30","modified_gmt":"2023-08-21T07:37:30","slug":"support-a-bougies-jasba-1914-15","status":"publish","type":"product","link":"https:\/\/legrenierdelatour.be\/brocante\/produit\/support-a-bougies-jasba-1914-15\/","title":{"rendered":"Support \u00e0 bougies, Jasba 1914\/15"},"content":{"rendered":"<div>Joli support de bougies (15 cm de diam\u00e8tre) en fa\u00efence de couleur verte. il a \u00e9t\u00e9 produit par la manufacture Jasba (fond\u00e9e en 1926 par Jakob Schwaserlapp \u00e0 Ransbach-Baumbach en Allemagne de l\u2019Ouest. La manufacture s\u2019appellera Ceremano \u00e0 partir de 1959 et en 1975, elle cessera la production de c\u00e9ramique d\u00e9corative. Cette fa\u00efence porte le num\u00e9ro de forme 1914\/15 et est en parfait \u00e9tat. Cet \u00e9l\u00e9ment servait de milieu de table pour une d\u00e9coration de No\u00ebl et date sans doute des ann\u00e9es 1950.<\/div>\n<div>R\u00e9f 23.32<\/div>\n","protected":false},"excerpt":{"rendered":"<p>Joli support de bougies (15 cm de diam\u00e8tre) en fa\u00efence de couleur verte. il a \u00e9t\u00e9 produit par la manufacture Jasba (fond\u00e9e en 1926 par Jakob Schwaserlapp \u00e0 Ransbach-Baumbach en Allemagne de l\u2019Ouest. La manufacture s\u2019appellera Ceremano \u00e0 partir de 1959 et en 1975, elle cessera la production de c\u00e9ramique d\u00e9corative. Cette fa\u00efence porte le&hellip;&nbsp;<a href=\"https:\/\/legrenierdelatour.be\/brocante\/produit\/support-a-bougies-jasba-1914-15\/\" class=\"\" rel=\"bookmark\">Lire la suite &raquo;<span class=\"screen-reader-text\">Support \u00e0 bougies, Jasba 1914\/15<\/span><\/a><\/p>\n","protected":false},"featured_media":6053,"comment_status":"open","ping_status":"closed","template":"","meta":{"neve_meta_sidebar":"","neve_meta_container":"","neve_meta_enable_content_width":"off","neve_meta_content_width":100,"neve_meta_title_alignment":"","neve_meta_author_avatar":"","neve_post_elements_order":"","neve_meta_disable_header":"","neve_meta_disable_footer":"","neve_meta_disable_title":""},"product_brand":[],"product_cat":[48,16,47],"product_tag":[19,28,49],"class_list":{"0":"post-6052","1":"product","2":"type-product","3":"status-publish","4":"has-post-thumbnail","6":"product_cat-allemagne","7":"product_cat-ceramique","8":"product_cat-west-germany","9":"product_tag-faience","10":"product_tag-vintage","11":"product_tag-west-germany","13":"first","14":"instock","15":"shipping-taxable","16":"purchasable","17":"product-type-simple"},"_links":{"self":[{"href":"https:\/\/legrenierdelatour.be\/brocante\/wp-json\/wp\/v2\/product\/6052","targetHints":{"allow":["GET"]}}],"collection":[{"href":"https:\/\/legrenierdelatour.be\/brocante\/wp-json\/wp\/v2\/product"}],"about":[{"href":"https:\/\/legrenierdelatour.be\/brocante\/wp-json\/wp\/v2\/types\/product"}],"replies":[{"embeddable":true,"href":"https:\/\/legrenierdelatour.be\/brocante\/wp-json\/wp\/v2\/comments?post=6052"}],"wp:featuredmedia":[{"embeddable":true,"href":"https:\/\/legrenierdelatour.be\/brocante\/wp-json\/wp\/v2\/media\/6053"}],"wp:attachment":[{"href":"https:\/\/legrenierdelatour.be\/brocante\/wp-json\/wp\/v2\/media?parent=6052"}],"wp:term":[{"taxonomy":"product_brand","embeddable":true,"href":"https:\/\/legrenierdelatour.be\/brocante\/wp-json\/wp\/v2\/product_brand?post=6052"},{"taxonomy":"product_cat","embeddable":true,"href":"https:\/\/legrenierdelatour.be\/brocante\/wp-json\/wp\/v2\/product_cat?post=6052"},{"taxonomy":"product_tag","embeddable":true,"href":"https:\/\/legrenierdelatour.be\/brocante\/wp-json\/wp\/v2\/product_tag?post=6052"}],"curies":[{"name":"wp","href":"https:\/\/api.w.org\/{rel}","templated":true}]}}