{"id":6048,"date":"2023-08-21T09:10:36","date_gmt":"2023-08-21T07:10:36","guid":{"rendered":"https:\/\/legrenierdelatour.be\/brocante\/?post_type=product&#038;p=6048"},"modified":"2023-08-21T09:10:37","modified_gmt":"2023-08-21T07:10:37","slug":"broc-a-biere-orval-coceram","status":"publish","type":"product","link":"https:\/\/legrenierdelatour.be\/brocante\/produit\/broc-a-biere-orval-coceram\/","title":{"rendered":"Broc \u00e0 bi\u00e8re Orval, Coceram"},"content":{"rendered":"<p>Broc \u00e0 bi\u00e8re (13,5 cm de haut) d\u2019Orval, avec la truite et Orval en relief. ce broc a \u00e9t\u00e9 produit par la manufacture Coceram. Cette manufacture fond\u00e9e par les fr\u00e8res Hector et Maurice Colin en 1947, fermait en 1960. L\u2019accent de la production a \u00e9t\u00e9 mis sur des pi\u00e8ces, raviers ou cendriers publicitaires, mais on produisait aussi des vases, pichets et des pi\u00e8ces d\u00e9coratives. Ce broc date sans doute des ann\u00e9es 1950 et est en parfait \u00e9tat (semble n\u2019avoir jamais \u00e9t\u00e9 utilis\u00e9).<\/p>\n<div>R\u00e9f 23.31<\/div>\n","protected":false},"excerpt":{"rendered":"<p>Broc \u00e0 bi\u00e8re (13,5 cm de haut) d\u2019Orval, avec la truite et Orval en relief. ce broc a \u00e9t\u00e9 produit par la manufacture Coceram. Cette manufacture fond\u00e9e par les fr\u00e8res Hector et Maurice Colin en 1947, fermait en 1960. L\u2019accent de la production a \u00e9t\u00e9 mis sur des pi\u00e8ces, raviers ou cendriers publicitaires, mais on&hellip;&nbsp;<a href=\"https:\/\/legrenierdelatour.be\/brocante\/produit\/broc-a-biere-orval-coceram\/\" class=\"\" rel=\"bookmark\">Lire la suite &raquo;<span class=\"screen-reader-text\">Broc \u00e0 bi\u00e8re Orval, Coceram<\/span><\/a><\/p>\n","protected":false},"featured_media":6049,"comment_status":"open","ping_status":"closed","template":"","meta":{"neve_meta_sidebar":"","neve_meta_container":"","neve_meta_enable_content_width":"off","neve_meta_content_width":100,"neve_meta_title_alignment":"","neve_meta_author_avatar":"","neve_post_elements_order":"","neve_meta_disable_header":"","neve_meta_disable_footer":"","neve_meta_disable_title":""},"product_brand":[],"product_cat":[37,174,16,30,173,31],"product_tag":[40,112,68],"class_list":{"0":"post-6048","1":"product","2":"type-product","3":"status-publish","4":"has-post-thumbnail","6":"product_cat-belgique","7":"product_cat-coceram","8":"product_cat-ceramique","9":"product_cat-luxemburgensia","10":"product_cat-objets-de-publicite","11":"product_cat-pays-darlon","12":"product_tag-belgique","13":"product_tag-pays-darlon","14":"product_tag-publicite","16":"first","17":"instock","18":"shipping-taxable","19":"purchasable","20":"product-type-simple"},"_links":{"self":[{"href":"https:\/\/legrenierdelatour.be\/brocante\/wp-json\/wp\/v2\/product\/6048","targetHints":{"allow":["GET"]}}],"collection":[{"href":"https:\/\/legrenierdelatour.be\/brocante\/wp-json\/wp\/v2\/product"}],"about":[{"href":"https:\/\/legrenierdelatour.be\/brocante\/wp-json\/wp\/v2\/types\/product"}],"replies":[{"embeddable":true,"href":"https:\/\/legrenierdelatour.be\/brocante\/wp-json\/wp\/v2\/comments?post=6048"}],"wp:featuredmedia":[{"embeddable":true,"href":"https:\/\/legrenierdelatour.be\/brocante\/wp-json\/wp\/v2\/media\/6049"}],"wp:attachment":[{"href":"https:\/\/legrenierdelatour.be\/brocante\/wp-json\/wp\/v2\/media?parent=6048"}],"wp:term":[{"taxonomy":"product_brand","embeddable":true,"href":"https:\/\/legrenierdelatour.be\/brocante\/wp-json\/wp\/v2\/product_brand?post=6048"},{"taxonomy":"product_cat","embeddable":true,"href":"https:\/\/legrenierdelatour.be\/brocante\/wp-json\/wp\/v2\/product_cat?post=6048"},{"taxonomy":"product_tag","embeddable":true,"href":"https:\/\/legrenierdelatour.be\/brocante\/wp-json\/wp\/v2\/product_tag?post=6048"}],"curies":[{"name":"wp","href":"https:\/\/api.w.org\/{rel}","templated":true}]}}