{"id":5991,"date":"2023-08-16T14:52:45","date_gmt":"2023-08-16T12:52:45","guid":{"rendered":"https:\/\/legrenierdelatour.be\/brocante\/?post_type=product&#038;p=5991"},"modified":"2023-08-16T14:52:45","modified_gmt":"2023-08-16T12:52:45","slug":"aquarelle-de-paysage-pierre-chariot","status":"publish","type":"product","link":"https:\/\/legrenierdelatour.be\/brocante\/produit\/aquarelle-de-paysage-pierre-chariot\/","title":{"rendered":"Aquarelle de paysage, Pierre Chariot"},"content":{"rendered":"<p>Belle aquarelle (30&#215;23 cm hors cadre) sign\u00e9e de Pierre Chariot. Artiste belge n\u00e9 en 1929 \u00e0 Saint Mard, Pierre Chariot peint des aquarelles l\u00e9g\u00e8res qui ont \u00e9t\u00e9 expos\u00e9es de nombreuses fois. Il a obtenu de nombreux prix et a enseign\u00e9 l\u2019aquarelle dans son atelier de Bruxelles. El\u00e8ve de Nestor Outer, il sera toujours attir\u00e9 par sa Gaume natale.<\/p>\n<div>R\u00e9f 23.11<\/div>\n","protected":false},"excerpt":{"rendered":"<p>Belle aquarelle (30&#215;23 cm hors cadre) sign\u00e9e de Pierre Chariot. Artiste belge n\u00e9 en 1929 \u00e0 Saint Mard, Pierre Chariot peint des aquarelles l\u00e9g\u00e8res qui ont \u00e9t\u00e9 expos\u00e9es de nombreuses fois. Il a obtenu de nombreux prix et a enseign\u00e9 l\u2019aquarelle dans son atelier de Bruxelles. El\u00e8ve de Nestor Outer, il sera toujours attir\u00e9 par&hellip;&nbsp;<a href=\"https:\/\/legrenierdelatour.be\/brocante\/produit\/aquarelle-de-paysage-pierre-chariot\/\" class=\"\" rel=\"bookmark\">Lire la suite &raquo;<span class=\"screen-reader-text\">Aquarelle de paysage, Pierre Chariot<\/span><\/a><\/p>\n","protected":false},"featured_media":5983,"comment_status":"open","ping_status":"closed","template":"","meta":{"neve_meta_sidebar":"","neve_meta_container":"","neve_meta_enable_content_width":"off","neve_meta_content_width":100,"neve_meta_title_alignment":"","neve_meta_author_avatar":"","neve_post_elements_order":"","neve_meta_disable_header":"","neve_meta_disable_footer":"","neve_meta_disable_title":""},"product_brand":[],"product_cat":[30,31,167],"product_tag":[79,112],"class_list":{"0":"post-5991","1":"product","2":"type-product","3":"status-publish","4":"has-post-thumbnail","6":"product_cat-luxemburgensia","7":"product_cat-pays-darlon","8":"product_cat-peintures-et-sculptures","9":"product_tag-art","10":"product_tag-pays-darlon","12":"first","13":"instock","14":"shipping-taxable","15":"purchasable","16":"product-type-simple"},"_links":{"self":[{"href":"https:\/\/legrenierdelatour.be\/brocante\/wp-json\/wp\/v2\/product\/5991","targetHints":{"allow":["GET"]}}],"collection":[{"href":"https:\/\/legrenierdelatour.be\/brocante\/wp-json\/wp\/v2\/product"}],"about":[{"href":"https:\/\/legrenierdelatour.be\/brocante\/wp-json\/wp\/v2\/types\/product"}],"replies":[{"embeddable":true,"href":"https:\/\/legrenierdelatour.be\/brocante\/wp-json\/wp\/v2\/comments?post=5991"}],"wp:featuredmedia":[{"embeddable":true,"href":"https:\/\/legrenierdelatour.be\/brocante\/wp-json\/wp\/v2\/media\/5983"}],"wp:attachment":[{"href":"https:\/\/legrenierdelatour.be\/brocante\/wp-json\/wp\/v2\/media?parent=5991"}],"wp:term":[{"taxonomy":"product_brand","embeddable":true,"href":"https:\/\/legrenierdelatour.be\/brocante\/wp-json\/wp\/v2\/product_brand?post=5991"},{"taxonomy":"product_cat","embeddable":true,"href":"https:\/\/legrenierdelatour.be\/brocante\/wp-json\/wp\/v2\/product_cat?post=5991"},{"taxonomy":"product_tag","embeddable":true,"href":"https:\/\/legrenierdelatour.be\/brocante\/wp-json\/wp\/v2\/product_tag?post=5991"}],"curies":[{"name":"wp","href":"https:\/\/api.w.org\/{rel}","templated":true}]}}