{"id":5976,"date":"2023-08-16T14:21:26","date_gmt":"2023-08-16T12:21:26","guid":{"rendered":"https:\/\/legrenierdelatour.be\/brocante\/?post_type=product&#038;p=5976"},"modified":"2023-08-16T18:22:18","modified_gmt":"2023-08-16T16:22:18","slug":"peinture-de-leglise-dun-village-d-lallemand-1977","status":"publish","type":"product","link":"https:\/\/legrenierdelatour.be\/brocante\/produit\/peinture-de-leglise-dun-village-d-lallemand-1977\/","title":{"rendered":"Peinture de l&rsquo;\u00e9glise St Georges de Dampicourt, D. Lallemand 1977"},"content":{"rendered":"<p>Peinture \u00e0 l\u2019huile (75&#215;60 cm cadre compris) d\u2019une \u00e9glise dans un village;Il pourrait s&rsquo;agir de l&rsquo;\u00e9glise St Georges de Dampicourt. Elle est sign\u00e9e Lallemand D. (non identifi\u00e9) et dat\u00e9e de 1977. L&rsquo;encadrement a \u00e9t\u00e9 r\u00e9alis\u00e9 chez Claudot \u00e0 Virton. Cette peinture est de belle facture et dans un tr\u00e8s bel \u00e9tat.<\/p>\n<div>R\u00e9f 23.10<\/div>\n","protected":false},"excerpt":{"rendered":"<p>Peinture \u00e0 l\u2019huile (75&#215;60 cm cadre compris) d\u2019une \u00e9glise dans un village;Il pourrait s&rsquo;agir de l&rsquo;\u00e9glise St Georges de Dampicourt. Elle est sign\u00e9e Lallemand D. (non identifi\u00e9) et dat\u00e9e de 1977. L&rsquo;encadrement a \u00e9t\u00e9 r\u00e9alis\u00e9 chez Claudot \u00e0 Virton. Cette peinture est de belle facture et dans un tr\u00e8s bel \u00e9tat. R\u00e9f 23.10<\/p>\n","protected":false},"featured_media":5977,"comment_status":"open","ping_status":"closed","template":"","meta":{"neve_meta_sidebar":"","neve_meta_container":"","neve_meta_enable_content_width":"off","neve_meta_content_width":100,"neve_meta_title_alignment":"","neve_meta_author_avatar":"","neve_post_elements_order":"","neve_meta_disable_header":"","neve_meta_disable_footer":"","neve_meta_disable_title":""},"product_brand":[],"product_cat":[167],"product_tag":[79],"class_list":{"0":"post-5976","1":"product","2":"type-product","3":"status-publish","4":"has-post-thumbnail","6":"product_cat-peintures-et-sculptures","7":"product_tag-art","9":"first","10":"instock","11":"shipping-taxable","12":"purchasable","13":"product-type-simple"},"_links":{"self":[{"href":"https:\/\/legrenierdelatour.be\/brocante\/wp-json\/wp\/v2\/product\/5976","targetHints":{"allow":["GET"]}}],"collection":[{"href":"https:\/\/legrenierdelatour.be\/brocante\/wp-json\/wp\/v2\/product"}],"about":[{"href":"https:\/\/legrenierdelatour.be\/brocante\/wp-json\/wp\/v2\/types\/product"}],"replies":[{"embeddable":true,"href":"https:\/\/legrenierdelatour.be\/brocante\/wp-json\/wp\/v2\/comments?post=5976"}],"wp:featuredmedia":[{"embeddable":true,"href":"https:\/\/legrenierdelatour.be\/brocante\/wp-json\/wp\/v2\/media\/5977"}],"wp:attachment":[{"href":"https:\/\/legrenierdelatour.be\/brocante\/wp-json\/wp\/v2\/media?parent=5976"}],"wp:term":[{"taxonomy":"product_brand","embeddable":true,"href":"https:\/\/legrenierdelatour.be\/brocante\/wp-json\/wp\/v2\/product_brand?post=5976"},{"taxonomy":"product_cat","embeddable":true,"href":"https:\/\/legrenierdelatour.be\/brocante\/wp-json\/wp\/v2\/product_cat?post=5976"},{"taxonomy":"product_tag","embeddable":true,"href":"https:\/\/legrenierdelatour.be\/brocante\/wp-json\/wp\/v2\/product_tag?post=5976"}],"curies":[{"name":"wp","href":"https:\/\/api.w.org\/{rel}","templated":true}]}}