{"id":5944,"date":"2023-08-15T18:22:16","date_gmt":"2023-08-15T16:22:16","guid":{"rendered":"https:\/\/legrenierdelatour.be\/brocante\/?post_type=product&#038;p=5944"},"modified":"2023-08-15T18:23:09","modified_gmt":"2023-08-15T16:23:09","slug":"carrelage-luxembourg-hary-putz","status":"publish","type":"product","link":"https:\/\/legrenierdelatour.be\/brocante\/produit\/carrelage-luxembourg-hary-putz\/","title":{"rendered":"Carrelage Luxembourg, Hary P\u00fctz"},"content":{"rendered":"<p>Carrelage (15,5 cm de c\u00f4t\u00e9) avec une repr\u00e9sentation de Luxembourg-ville. Ce carrelage a \u00e9t\u00e9 produit par Hary P\u00fctz C\u00e9ramiques (depuis 1875) \u00e0 Ettelbr\u00fcck. Il est sign\u00e9 en bas \u00e0 gauche (non lisible) et dat\u00e9 de 1963.<\/p>\n<div>R\u00e9f 23.02<\/div>\n","protected":false},"excerpt":{"rendered":"<p>Carrelage (15,5 cm de c\u00f4t\u00e9) avec une repr\u00e9sentation de Luxembourg-ville. Ce carrelage a \u00e9t\u00e9 produit par Hary P\u00fctz C\u00e9ramiques (depuis 1875) \u00e0 Ettelbr\u00fcck. Il est sign\u00e9 en bas \u00e0 gauche (non lisible) et dat\u00e9 de 1963. R\u00e9f 23.02<\/p>\n","protected":false},"featured_media":5945,"comment_status":"open","ping_status":"closed","template":"","meta":{"neve_meta_sidebar":"","neve_meta_container":"","neve_meta_enable_content_width":"off","neve_meta_content_width":100,"neve_meta_title_alignment":"","neve_meta_author_avatar":"","neve_post_elements_order":"","neve_meta_disable_header":"","neve_meta_disable_footer":"","neve_meta_disable_title":""},"product_brand":[],"product_cat":[16,165,30,166],"product_tag":[79,83],"class_list":{"0":"post-5944","1":"product","2":"type-product","3":"status-publish","4":"has-post-thumbnail","6":"product_cat-ceramique","7":"product_cat-luxembourg","8":"product_cat-luxemburgensia","9":"product_cat-luxemburgensia-luxemburgensia","10":"product_tag-art","11":"product_tag-luxemburgensia","13":"first","14":"instock","15":"shipping-taxable","16":"purchasable","17":"product-type-simple"},"_links":{"self":[{"href":"https:\/\/legrenierdelatour.be\/brocante\/wp-json\/wp\/v2\/product\/5944","targetHints":{"allow":["GET"]}}],"collection":[{"href":"https:\/\/legrenierdelatour.be\/brocante\/wp-json\/wp\/v2\/product"}],"about":[{"href":"https:\/\/legrenierdelatour.be\/brocante\/wp-json\/wp\/v2\/types\/product"}],"replies":[{"embeddable":true,"href":"https:\/\/legrenierdelatour.be\/brocante\/wp-json\/wp\/v2\/comments?post=5944"}],"wp:featuredmedia":[{"embeddable":true,"href":"https:\/\/legrenierdelatour.be\/brocante\/wp-json\/wp\/v2\/media\/5945"}],"wp:attachment":[{"href":"https:\/\/legrenierdelatour.be\/brocante\/wp-json\/wp\/v2\/media?parent=5944"}],"wp:term":[{"taxonomy":"product_brand","embeddable":true,"href":"https:\/\/legrenierdelatour.be\/brocante\/wp-json\/wp\/v2\/product_brand?post=5944"},{"taxonomy":"product_cat","embeddable":true,"href":"https:\/\/legrenierdelatour.be\/brocante\/wp-json\/wp\/v2\/product_cat?post=5944"},{"taxonomy":"product_tag","embeddable":true,"href":"https:\/\/legrenierdelatour.be\/brocante\/wp-json\/wp\/v2\/product_tag?post=5944"}],"curies":[{"name":"wp","href":"https:\/\/api.w.org\/{rel}","templated":true}]}}